{"id":13603,"date":"2022-10-27T11:47:35","date_gmt":"2022-10-27T08:47:35","guid":{"rendered":"https:\/\/esentevibrationale.com\/?post_type=product&#038;p=13603"},"modified":"2026-01-03T17:36:29","modified_gmt":"2026-01-03T15:36:29","slug":"red-pyramid-dahshur-piramida-rosie-dahshur","status":"publish","type":"product","link":"https:\/\/esentevibrationale.com\/?product=red-pyramid-dahshur-piramida-rosie-dahshur","title":{"rendered":"Red Pyramid Dahshur \/ Piramida Ro\u0219ie Dahshur"},"content":{"rendered":"<p><span class=\"Y2IQFc\" lang=\"ro\">Este esen\u021ba ini\u021bierii \u00eentr-o nou\u0103 stare de con\u0219tiin\u021b\u0103. Func\u021bioneaz\u0103 activ\u00e2nd energetic creierul. Promoveaz\u0103 o nou\u0103 con\u0219tiin\u021b\u0103 \u0219i ridic\u0103 vibra\u021biile corpului, ajut\u00e2ndu-ne astfel s\u0103 ne adapt\u0103m la noile planuri energetice.<\/span><\/p>\n","protected":false},"excerpt":{"rendered":"<p>Este esen\u021ba ini\u021bierii \u00eentr-o nou\u0103 stare de con\u0219tiin\u021b\u0103. Func\u021bioneaz\u0103 activ\u00e2nd energetic creierul. Promoveaz\u0103 o nou\u0103 con\u0219tiin\u021b\u0103 \u0219i ridic\u0103 vibra\u021biile corpului, ajut\u00e2ndu-ne astfel s\u0103 ne adapt\u0103m la noile planuri energetice.<\/p>\n","protected":false},"featured_media":13606,"template":"","meta":[],"product_brand":[],"product_cat":[58],"product_tag":[],"class_list":{"0":"post-13603","1":"product","2":"type-product","3":"status-publish","4":"has-post-thumbnail","6":"product_cat-esente-ambientale","7":"pa_size-15ml","8":"pa_size-30ml","10":"first","11":"instock","12":"shipping-taxable","13":"purchasable","14":"product-type-variable","15":"has-default-attributes"},"_links":{"self":[{"href":"https:\/\/esentevibrationale.com\/index.php?rest_route=\/wp\/v2\/product\/13603","targetHints":{"allow":["GET"]}}],"collection":[{"href":"https:\/\/esentevibrationale.com\/index.php?rest_route=\/wp\/v2\/product"}],"about":[{"href":"https:\/\/esentevibrationale.com\/index.php?rest_route=\/wp\/v2\/types\/product"}],"wp:featuredmedia":[{"embeddable":true,"href":"https:\/\/esentevibrationale.com\/index.php?rest_route=\/wp\/v2\/media\/13606"}],"wp:attachment":[{"href":"https:\/\/esentevibrationale.com\/index.php?rest_route=%2Fwp%2Fv2%2Fmedia&parent=13603"}],"wp:term":[{"taxonomy":"product_brand","embeddable":true,"href":"https:\/\/esentevibrationale.com\/index.php?rest_route=%2Fwp%2Fv2%2Fproduct_brand&post=13603"},{"taxonomy":"product_cat","embeddable":true,"href":"https:\/\/esentevibrationale.com\/index.php?rest_route=%2Fwp%2Fv2%2Fproduct_cat&post=13603"},{"taxonomy":"product_tag","embeddable":true,"href":"https:\/\/esentevibrationale.com\/index.php?rest_route=%2Fwp%2Fv2%2Fproduct_tag&post=13603"}],"curies":[{"name":"wp","href":"https:\/\/api.w.org\/{rel}","templated":true}]}}