{"id":13612,"date":"2022-10-27T11:56:18","date_gmt":"2022-10-27T08:56:18","guid":{"rendered":"https:\/\/esentevibrationale.com\/?post_type=product&#038;p=13612"},"modified":"2026-01-03T17:35:34","modified_gmt":"2026-01-03T15:35:34","slug":"mykerinos-pyramid-piramida-mykerinos","status":"publish","type":"product","link":"https:\/\/esentevibrationale.com\/?product=mykerinos-pyramid-piramida-mykerinos","title":{"rendered":"Mykerinos Pyramid \/ Piramida Mykerinos"},"content":{"rendered":"<p><span class=\"Y2IQFc\" lang=\"ro\">Activarea energetic\u0103 a creierului, din lateral \u0219i \u00eenainte<\/span><span class=\"Y2IQFc\" lang=\"ro\">. Esen\u021ba ne ajut\u0103 s\u0103 dep\u0103\u0219im limit\u0103rile interne. Persoana \u00eenva\u021b\u0103 s\u0103 se elibereze \u00een interior, s\u0103 dizolve vechile blocaje \u0219i tipare, s\u0103-\u0219i recunoasc\u0103 adev\u0103ratul poten\u021bial \u0219i s\u0103 avanseze. Esen\u021ba \u00eent\u0103re\u0219te sentimentul de securitate intern\u0103, motiv pentru care ne sprijin\u0103 \u00een evolu\u021bia noastr\u0103.<\/span><\/p>\n","protected":false},"excerpt":{"rendered":"<p>Activarea energetic\u0103 a creierului, din lateral \u0219i \u00eenainte. Esen\u021ba ne ajut\u0103 s\u0103 dep\u0103\u0219im limit\u0103rile interne. Persoana \u00eenva\u021b\u0103 s\u0103 se elibereze \u00een interior, s\u0103 dizolve vechile blocaje \u0219i tipare, s\u0103-\u0219i recunoasc\u0103 adev\u0103ratul poten\u021bial \u0219i s\u0103 avanseze. Esen\u021ba \u00eent\u0103re\u0219te sentimentul de securitate intern\u0103, motiv pentru care ne sprijin\u0103 \u00een evolu\u021bia noastr\u0103.<\/p>\n","protected":false},"featured_media":13613,"template":"","meta":[],"product_brand":[],"product_cat":[58],"product_tag":[],"class_list":{"0":"post-13612","1":"product","2":"type-product","3":"status-publish","4":"has-post-thumbnail","6":"product_cat-esente-ambientale","7":"pa_size-15ml","8":"pa_size-30ml","10":"first","11":"instock","12":"shipping-taxable","13":"purchasable","14":"product-type-variable","15":"has-default-attributes"},"_links":{"self":[{"href":"https:\/\/esentevibrationale.com\/index.php?rest_route=\/wp\/v2\/product\/13612","targetHints":{"allow":["GET"]}}],"collection":[{"href":"https:\/\/esentevibrationale.com\/index.php?rest_route=\/wp\/v2\/product"}],"about":[{"href":"https:\/\/esentevibrationale.com\/index.php?rest_route=\/wp\/v2\/types\/product"}],"wp:featuredmedia":[{"embeddable":true,"href":"https:\/\/esentevibrationale.com\/index.php?rest_route=\/wp\/v2\/media\/13613"}],"wp:attachment":[{"href":"https:\/\/esentevibrationale.com\/index.php?rest_route=%2Fwp%2Fv2%2Fmedia&parent=13612"}],"wp:term":[{"taxonomy":"product_brand","embeddable":true,"href":"https:\/\/esentevibrationale.com\/index.php?rest_route=%2Fwp%2Fv2%2Fproduct_brand&post=13612"},{"taxonomy":"product_cat","embeddable":true,"href":"https:\/\/esentevibrationale.com\/index.php?rest_route=%2Fwp%2Fv2%2Fproduct_cat&post=13612"},{"taxonomy":"product_tag","embeddable":true,"href":"https:\/\/esentevibrationale.com\/index.php?rest_route=%2Fwp%2Fv2%2Fproduct_tag&post=13612"}],"curies":[{"name":"wp","href":"https:\/\/api.w.org\/{rel}","templated":true}]}}