{"id":13616,"date":"2022-10-27T12:01:30","date_gmt":"2022-10-27T09:01:30","guid":{"rendered":"https:\/\/esentevibrationale.com\/?post_type=product&#038;p=13616"},"modified":"2022-10-27T12:01:30","modified_gmt":"2022-10-27T09:01:30","slug":"setul-de-piramide","status":"publish","type":"product","link":"https:\/\/esentevibrationale.com\/?product=setul-de-piramide","title":{"rendered":"Setul de Piramide"},"content":{"rendered":"<p><span class=\"Y2IQFc\" lang=\"ro\">O piramid\u0103 (din greac\u0103: \u03c0\u03c5\u03c1\u03b1\u03bc\u03af\u03c2 pyram\u00eds) este o structur\u0103 ale c\u0103rei suprafe\u021be exterioare sunt triunghiulare \u0219i converg c\u0103tre o singur\u0103 treapt\u0103 \u00een v\u00e2rf, f\u0103c\u00e2nd forma aproximativ piramidal\u0103 \u00een sens geometric. Baza unei piramide poate fi trilateral\u0103, patrulater\u0103 sau orice form\u0103 de poligon. Ca atare, o piramid\u0103 are cel pu\u021bin trei fe\u021be triunghiulare exterioare (cel pu\u021bin patru fe\u021be, inclusiv baza). Piramida p\u0103trat\u0103 cu o baz\u0103 p\u0103trat\u0103 \u0219i patru fe\u021be triunghiulare este o versiune comun\u0103. Esen\u021bele noastre de piramide provin din cele mai cunoscute piramide din lume \u0219i sunt realizate la fa\u021ba locului. <\/span><\/p>\n<p><span class=\"Y2IQFc\" lang=\"ro\">Sticle concentrate de 11&#215;15 ml.<\/span><\/p>\n","protected":false},"excerpt":{"rendered":"<p>O piramid\u0103 (din greac\u0103: \u03c0\u03c5\u03c1\u03b1\u03bc\u03af\u03c2 pyram\u00eds) este o structur\u0103 ale c\u0103rei suprafe\u021be exterioare sunt triunghiulare \u0219i converg c\u0103tre o singur\u0103 treapt\u0103 \u00een v\u00e2rf, f\u0103c\u00e2nd forma aproximativ piramidal\u0103 \u00een sens geometric. Baza unei piramide poate fi trilateral\u0103, patrulater\u0103 sau orice form\u0103 de poligon. Ca atare, o piramid\u0103 are cel pu\u021bin trei fe\u021be triunghiulare exterioare (cel pu\u021bin &hellip; <a href=\"https:\/\/esentevibrationale.com\/?product=setul-de-piramide\" class=\"more-link\">Continu\u0103 lectura <span class=\"screen-reader-text\">Setul de Piramide<\/span> <span class=\"meta-nav\">&rarr;<\/span><\/a><\/p>\n","protected":false},"featured_media":13617,"template":"","meta":[],"product_brand":[],"product_cat":[58],"product_tag":[],"class_list":{"0":"post-13616","1":"product","2":"type-product","3":"status-publish","4":"has-post-thumbnail","6":"product_cat-esente-ambientale","8":"first","9":"instock","10":"shipping-taxable","11":"purchasable","12":"product-type-simple"},"_links":{"self":[{"href":"https:\/\/esentevibrationale.com\/index.php?rest_route=\/wp\/v2\/product\/13616","targetHints":{"allow":["GET"]}}],"collection":[{"href":"https:\/\/esentevibrationale.com\/index.php?rest_route=\/wp\/v2\/product"}],"about":[{"href":"https:\/\/esentevibrationale.com\/index.php?rest_route=\/wp\/v2\/types\/product"}],"wp:featuredmedia":[{"embeddable":true,"href":"https:\/\/esentevibrationale.com\/index.php?rest_route=\/wp\/v2\/media\/13617"}],"wp:attachment":[{"href":"https:\/\/esentevibrationale.com\/index.php?rest_route=%2Fwp%2Fv2%2Fmedia&parent=13616"}],"wp:term":[{"taxonomy":"product_brand","embeddable":true,"href":"https:\/\/esentevibrationale.com\/index.php?rest_route=%2Fwp%2Fv2%2Fproduct_brand&post=13616"},{"taxonomy":"product_cat","embeddable":true,"href":"https:\/\/esentevibrationale.com\/index.php?rest_route=%2Fwp%2Fv2%2Fproduct_cat&post=13616"},{"taxonomy":"product_tag","embeddable":true,"href":"https:\/\/esentevibrationale.com\/index.php?rest_route=%2Fwp%2Fv2%2Fproduct_tag&post=13616"}],"curies":[{"name":"wp","href":"https:\/\/api.w.org\/{rel}","templated":true}]}}