{"id":13622,"date":"2022-10-27T12:22:47","date_gmt":"2022-10-27T09:22:47","guid":{"rendered":"https:\/\/esentevibrationale.com\/?post_type=product&#038;p=13622"},"modified":"2026-01-02T08:35:16","modified_gmt":"2026-01-02T06:35:16","slug":"ocean-essence-nr-33-esenta-oceanica-nr-33","status":"publish","type":"product","link":"https:\/\/esentevibrationale.com\/?product=ocean-essence-nr-33-esenta-oceanica-nr-33","title":{"rendered":"33.  Ocean Essence No. 33 \/ Esen\u021ba Oceanic\u0103 Nr. 33"},"content":{"rendered":"<p>Esen\u021ba ne ofer\u0103 orientare interioar\u0103 atunci c\u00e2nd ne sim\u021bim profund nesiguri, dezorienta\u021bi \u0219i f\u0103r\u0103 scop. Ne ajut\u0103 energetic s\u0103 dizolv\u0103m aceste sentimente din subcon\u0219tientul nostru, ne ofer\u0103 claritate interioar\u0103 \u0219i \u00eencredere. \u00cenv\u0103\u021b\u0103m c\u0103 putem progresa \u00een via\u021b\u0103 chiar \u0219i cu pa\u0219i mici \u0219i ne d\u0103 un sentiment de valoare de sine \u0219i iubire.<\/p>\n","protected":false},"excerpt":{"rendered":"<p>Esen\u021ba ne ofer\u0103 orientare interioar\u0103 atunci c\u00e2nd ne sim\u021bim profund nesiguri, dezorienta\u021bi \u0219i f\u0103r\u0103 scop. Ne ajut\u0103 energetic s\u0103 dizolv\u0103m aceste sentimente din subcon\u0219tientul nostru, ne ofer\u0103 claritate interioar\u0103 \u0219i \u00eencredere. \u00cenv\u0103\u021b\u0103m c\u0103 putem progresa \u00een via\u021b\u0103 chiar \u0219i cu pa\u0219i mici \u0219i ne d\u0103 un sentiment de valoare de sine \u0219i iubire.<\/p>\n","protected":false},"featured_media":13623,"template":"","meta":[],"product_brand":[],"product_cat":[72],"product_tag":[],"class_list":{"0":"post-13622","1":"product","2":"type-product","3":"status-publish","4":"has-post-thumbnail","6":"product_cat-esentele-ocenului","7":"pa_size-15ml","8":"pa_size-30ml","10":"first","11":"instock","12":"shipping-taxable","13":"purchasable","14":"product-type-variable","15":"has-default-attributes"},"_links":{"self":[{"href":"https:\/\/esentevibrationale.com\/index.php?rest_route=\/wp\/v2\/product\/13622","targetHints":{"allow":["GET"]}}],"collection":[{"href":"https:\/\/esentevibrationale.com\/index.php?rest_route=\/wp\/v2\/product"}],"about":[{"href":"https:\/\/esentevibrationale.com\/index.php?rest_route=\/wp\/v2\/types\/product"}],"wp:featuredmedia":[{"embeddable":true,"href":"https:\/\/esentevibrationale.com\/index.php?rest_route=\/wp\/v2\/media\/13623"}],"wp:attachment":[{"href":"https:\/\/esentevibrationale.com\/index.php?rest_route=%2Fwp%2Fv2%2Fmedia&parent=13622"}],"wp:term":[{"taxonomy":"product_brand","embeddable":true,"href":"https:\/\/esentevibrationale.com\/index.php?rest_route=%2Fwp%2Fv2%2Fproduct_brand&post=13622"},{"taxonomy":"product_cat","embeddable":true,"href":"https:\/\/esentevibrationale.com\/index.php?rest_route=%2Fwp%2Fv2%2Fproduct_cat&post=13622"},{"taxonomy":"product_tag","embeddable":true,"href":"https:\/\/esentevibrationale.com\/index.php?rest_route=%2Fwp%2Fv2%2Fproduct_tag&post=13622"}],"curies":[{"name":"wp","href":"https:\/\/api.w.org\/{rel}","templated":true}]}}