{"id":13626,"date":"2022-10-27T12:42:52","date_gmt":"2022-10-27T09:42:52","guid":{"rendered":"https:\/\/esentevibrationale.com\/?post_type=product&#038;p=13626"},"modified":"2026-01-02T08:36:59","modified_gmt":"2026-01-02T06:36:59","slug":"ocean-essence-no-34-esenta-oceanica-nr-34","status":"publish","type":"product","link":"https:\/\/esentevibrationale.com\/?product=ocean-essence-no-34-esenta-oceanica-nr-34","title":{"rendered":"35. Ocean Essence No. 35 \/ Esen\u021ba Oceanic\u0103 Nr. 35"},"content":{"rendered":"<p>Esen\u021ba \u00eei ajut\u0103 oamenii care se simt c\u0103 \u00een ad\u00e2ncul sufletului lor se instaleaz\u0103 un sentiment de disperare, c\u00e2nd nu vedem o cale de ie\u0219ire. Deci aceast\u0103 esen\u021b\u0103 ne aduce o lumin\u0103 interioar\u0103 a speran\u021bei. \u00cenv\u0103\u021b\u0103m s\u0103 c\u00e2\u0219tig\u0103m o nou\u0103 \u00eencredere. Ne amintim c\u0103 suntem cu to\u021bii conecta\u021bi la Dumnezeu \u0219i la Lumina Lui \u0219i \u00eenv\u0103\u021b\u0103m s\u0103 avem \u00eencredere \u00een protec\u021bia lui Dumnezeu.<\/p>\n<p>&nbsp;<\/p>\n<p><em>\u00a0<\/em><\/p>\n","protected":false},"excerpt":{"rendered":"<p>Esen\u021ba \u00eei ajut\u0103 oamenii care se simt c\u0103 \u00een ad\u00e2ncul sufletului lor se instaleaz\u0103 un sentiment de disperare, c\u00e2nd nu vedem o cale de ie\u0219ire. Deci aceast\u0103 esen\u021b\u0103 ne aduce o lumin\u0103 interioar\u0103 a speran\u021bei. \u00cenv\u0103\u021b\u0103m s\u0103 c\u00e2\u0219tig\u0103m o nou\u0103 \u00eencredere. Ne amintim c\u0103 suntem cu to\u021bii conecta\u021bi la Dumnezeu \u0219i la Lumina Lui \u0219i &hellip; <a href=\"https:\/\/esentevibrationale.com\/?product=ocean-essence-no-34-esenta-oceanica-nr-34\" class=\"more-link\">Continu\u0103 lectura <span class=\"screen-reader-text\">35. Ocean Essence No. 35 \/ Esen\u021ba Oceanic\u0103 Nr. 35<\/span> <span class=\"meta-nav\">&rarr;<\/span><\/a><\/p>\n","protected":false},"featured_media":13638,"template":"","meta":[],"product_brand":[],"product_cat":[72],"product_tag":[],"class_list":{"0":"post-13626","1":"product","2":"type-product","3":"status-publish","4":"has-post-thumbnail","6":"product_cat-esentele-ocenului","7":"pa_size-15ml","8":"pa_size-30ml","10":"first","11":"instock","12":"shipping-taxable","13":"purchasable","14":"product-type-variable","15":"has-default-attributes"},"_links":{"self":[{"href":"https:\/\/esentevibrationale.com\/index.php?rest_route=\/wp\/v2\/product\/13626","targetHints":{"allow":["GET"]}}],"collection":[{"href":"https:\/\/esentevibrationale.com\/index.php?rest_route=\/wp\/v2\/product"}],"about":[{"href":"https:\/\/esentevibrationale.com\/index.php?rest_route=\/wp\/v2\/types\/product"}],"wp:featuredmedia":[{"embeddable":true,"href":"https:\/\/esentevibrationale.com\/index.php?rest_route=\/wp\/v2\/media\/13638"}],"wp:attachment":[{"href":"https:\/\/esentevibrationale.com\/index.php?rest_route=%2Fwp%2Fv2%2Fmedia&parent=13626"}],"wp:term":[{"taxonomy":"product_brand","embeddable":true,"href":"https:\/\/esentevibrationale.com\/index.php?rest_route=%2Fwp%2Fv2%2Fproduct_brand&post=13626"},{"taxonomy":"product_cat","embeddable":true,"href":"https:\/\/esentevibrationale.com\/index.php?rest_route=%2Fwp%2Fv2%2Fproduct_cat&post=13626"},{"taxonomy":"product_tag","embeddable":true,"href":"https:\/\/esentevibrationale.com\/index.php?rest_route=%2Fwp%2Fv2%2Fproduct_tag&post=13626"}],"curies":[{"name":"wp","href":"https:\/\/api.w.org\/{rel}","templated":true}]}}