{"id":13634,"date":"2022-10-28T15:14:19","date_gmt":"2022-10-28T12:14:19","guid":{"rendered":"https:\/\/esentevibrationale.com\/?post_type=product&#038;p=13634"},"modified":"2026-01-02T08:36:11","modified_gmt":"2026-01-02T06:36:11","slug":"esenta-oceanica-34","status":"publish","type":"product","link":"https:\/\/esentevibrationale.com\/?product=esenta-oceanica-34","title":{"rendered":"34. Ocean Essence No. 34 \/ Esen\u021ba Oceanic\u0103 Nr. 34"},"content":{"rendered":"<p>Esen\u021ba se adreseaz\u0103 persoanelor mai sensibile, ne ofer\u0103 mai mult\u0103 \u00eencredere \u00een noi \u0219i ne \u00eent\u0103re\u0219te s\u0103 avem mai mult\u0103 \u00eencredere \u00een sentimentele \u0219i experien\u021bele noastre interioare. \u00cen acela\u0219i timp, ac\u021bioneaz\u0103 ca o protec\u021bie energetic\u0103 \u0219i ne ajut\u0103 s\u0103 ne putem diferen\u021bia mai bine de lumea exterioar\u0103. La nivel celular, esen\u021ba ac\u021bioneaz\u0103 ca protec\u021bie energetica \u00eempotriva influentelor externe negative.<\/p>\n","protected":false},"excerpt":{"rendered":"<p>Esen\u021ba se adreseaz\u0103 persoanelor mai sensibile, ne ofer\u0103 mai mult\u0103 \u00eencredere \u00een noi \u0219i ne \u00eent\u0103re\u0219te s\u0103 avem mai mult\u0103 \u00eencredere \u00een sentimentele \u0219i experien\u021bele noastre interioare. \u00cen acela\u0219i timp, ac\u021bioneaz\u0103 ca o protec\u021bie energetic\u0103 \u0219i ne ajut\u0103 s\u0103 ne putem diferen\u021bia mai bine de lumea exterioar\u0103. La nivel celular, esen\u021ba ac\u021bioneaz\u0103 ca protec\u021bie energetica &hellip; <a href=\"https:\/\/esentevibrationale.com\/?product=esenta-oceanica-34\" class=\"more-link\">Continu\u0103 lectura <span class=\"screen-reader-text\">34. Ocean Essence No. 34 \/ Esen\u021ba Oceanic\u0103 Nr. 34<\/span> <span class=\"meta-nav\">&rarr;<\/span><\/a><\/p>\n","protected":false},"featured_media":13637,"template":"","meta":[],"product_brand":[],"product_cat":[72],"product_tag":[],"class_list":{"0":"post-13634","1":"product","2":"type-product","3":"status-publish","4":"has-post-thumbnail","6":"product_cat-esentele-ocenului","7":"pa_size-15ml","8":"pa_size-30ml","10":"first","11":"instock","12":"shipping-taxable","13":"purchasable","14":"product-type-variable","15":"has-default-attributes"},"_links":{"self":[{"href":"https:\/\/esentevibrationale.com\/index.php?rest_route=\/wp\/v2\/product\/13634","targetHints":{"allow":["GET"]}}],"collection":[{"href":"https:\/\/esentevibrationale.com\/index.php?rest_route=\/wp\/v2\/product"}],"about":[{"href":"https:\/\/esentevibrationale.com\/index.php?rest_route=\/wp\/v2\/types\/product"}],"wp:featuredmedia":[{"embeddable":true,"href":"https:\/\/esentevibrationale.com\/index.php?rest_route=\/wp\/v2\/media\/13637"}],"wp:attachment":[{"href":"https:\/\/esentevibrationale.com\/index.php?rest_route=%2Fwp%2Fv2%2Fmedia&parent=13634"}],"wp:term":[{"taxonomy":"product_brand","embeddable":true,"href":"https:\/\/esentevibrationale.com\/index.php?rest_route=%2Fwp%2Fv2%2Fproduct_brand&post=13634"},{"taxonomy":"product_cat","embeddable":true,"href":"https:\/\/esentevibrationale.com\/index.php?rest_route=%2Fwp%2Fv2%2Fproduct_cat&post=13634"},{"taxonomy":"product_tag","embeddable":true,"href":"https:\/\/esentevibrationale.com\/index.php?rest_route=%2Fwp%2Fv2%2Fproduct_tag&post=13634"}],"curies":[{"name":"wp","href":"https:\/\/api.w.org\/{rel}","templated":true}]}}