{"id":1364,"date":"2018-11-12T10:31:26","date_gmt":"2018-11-12T09:31:26","guid":{"rendered":"https:\/\/phiessences.com\/Romania\/?post_type=product&#038;p=1364"},"modified":"2026-01-01T18:30:36","modified_gmt":"2026-01-01T16:30:36","slug":"algae-essence-esenta-de-alga","status":"publish","type":"product","link":"https:\/\/esentevibrationale.com\/?product=algae-essence-esenta-de-alga","title":{"rendered":"Algae Essence \/ Esen\u0163\u0103 de Alg\u0103"},"content":{"rendered":"<p><strong>(Caulerpa racemos) <\/strong><\/p>\n<p>Esen\u0163a a fost f\u0103cut\u0103 cu ajutorul algelor din Caraibe, aceast\u0103 esen\u0163\u0103 are un efect puternic de stimulare \u015fi regenerare. Aceasta conecteaz\u01ce nivele de energie direct din con\u015ftiin\u0163a celular\u0103, prin mental \u015fi emo\u0163ional, p\u00e2n\u0103 la cel mai \u00eenalt nivel spiritual.<\/p>\n","protected":false},"excerpt":{"rendered":"<p>(Caulerpa racemos) Esen\u0163a a fost f\u0103cut\u0103 cu ajutorul algelor din Caraibe, aceast\u0103 esen\u0163\u0103 are un efect puternic de stimulare \u015fi regenerare. Aceasta conecteaz\u01ce nivele de energie direct din con\u015ftiin\u0163a celular\u0103, prin mental \u015fi emo\u0163ional, p\u00e2n\u0103 la cel mai \u00eenalt nivel spiritual.<\/p>\n","protected":false},"featured_media":1367,"template":"","meta":[],"product_brand":[],"product_cat":[43],"product_tag":[],"class_list":{"0":"post-1364","1":"product","2":"type-product","3":"status-publish","4":"has-post-thumbnail","6":"product_cat-esente-marine","7":"pa_size-15ml","8":"pa_size-30ml","10":"first","11":"instock","12":"shipping-taxable","13":"purchasable","14":"product-type-variable","15":"has-default-attributes"},"_links":{"self":[{"href":"https:\/\/esentevibrationale.com\/index.php?rest_route=\/wp\/v2\/product\/1364","targetHints":{"allow":["GET"]}}],"collection":[{"href":"https:\/\/esentevibrationale.com\/index.php?rest_route=\/wp\/v2\/product"}],"about":[{"href":"https:\/\/esentevibrationale.com\/index.php?rest_route=\/wp\/v2\/types\/product"}],"wp:featuredmedia":[{"embeddable":true,"href":"https:\/\/esentevibrationale.com\/index.php?rest_route=\/wp\/v2\/media\/1367"}],"wp:attachment":[{"href":"https:\/\/esentevibrationale.com\/index.php?rest_route=%2Fwp%2Fv2%2Fmedia&parent=1364"}],"wp:term":[{"taxonomy":"product_brand","embeddable":true,"href":"https:\/\/esentevibrationale.com\/index.php?rest_route=%2Fwp%2Fv2%2Fproduct_brand&post=1364"},{"taxonomy":"product_cat","embeddable":true,"href":"https:\/\/esentevibrationale.com\/index.php?rest_route=%2Fwp%2Fv2%2Fproduct_cat&post=1364"},{"taxonomy":"product_tag","embeddable":true,"href":"https:\/\/esentevibrationale.com\/index.php?rest_route=%2Fwp%2Fv2%2Fproduct_tag&post=1364"}],"curies":[{"name":"wp","href":"https:\/\/api.w.org\/{rel}","templated":true}]}}