{"id":13644,"date":"2022-10-28T15:24:01","date_gmt":"2022-10-28T12:24:01","guid":{"rendered":"https:\/\/esentevibrationale.com\/?post_type=product&#038;p=13644"},"modified":"2026-01-02T08:38:43","modified_gmt":"2026-01-02T06:38:43","slug":"esenta-oceanica-nr-38","status":"publish","type":"product","link":"https:\/\/esentevibrationale.com\/?product=esenta-oceanica-nr-38","title":{"rendered":"37. Ocean Essence No. 37 \/ Esen\u021ba Oceanic\u0103 Nr. 37"},"content":{"rendered":"<p>Esen\u021ba ne conecteaz\u0103 energetic cu con\u0219tiin\u021ba noastr\u0103 celular\u0103. Ne ajut\u0103 s\u0103 contact\u0103m centrul energetic de care sunt conectate toate celulele noastre (chakra a 11-a). Activare energetic\u0103 con\u0219tient\u0103 a celulelor \u0219i controlul celulelor. Are un efect puternic asupra chakrei inimii, a celulelor din zona inimii. Are efect calmant \u0219i echilibrant energetic. Regenerare energetic\u0103 \u0219i protec\u021bie pentru chakra inimii.<\/p>\n","protected":false},"excerpt":{"rendered":"<p>Esen\u021ba ne conecteaz\u0103 energetic cu con\u0219tiin\u021ba noastr\u0103 celular\u0103. Ne ajut\u0103 s\u0103 contact\u0103m centrul energetic de care sunt conectate toate celulele noastre (chakra a 11-a). Activare energetic\u0103 con\u0219tient\u0103 a celulelor \u0219i controlul celulelor. Are un efect puternic asupra chakrei inimii, a celulelor din zona inimii. Are efect calmant \u0219i echilibrant energetic. Regenerare energetic\u0103 \u0219i protec\u021bie pentru &hellip; <a href=\"https:\/\/esentevibrationale.com\/?product=esenta-oceanica-nr-38\" class=\"more-link\">Continu\u0103 lectura <span class=\"screen-reader-text\">37. Ocean Essence No. 37 \/ Esen\u021ba Oceanic\u0103 Nr. 37<\/span> <span class=\"meta-nav\">&rarr;<\/span><\/a><\/p>\n","protected":false},"featured_media":13649,"template":"","meta":[],"product_brand":[],"product_cat":[72],"product_tag":[],"class_list":{"0":"post-13644","1":"product","2":"type-product","3":"status-publish","4":"has-post-thumbnail","6":"product_cat-esentele-ocenului","7":"pa_size-15ml","8":"pa_size-30ml","10":"first","11":"instock","12":"shipping-taxable","13":"purchasable","14":"product-type-variable","15":"has-default-attributes"},"_links":{"self":[{"href":"https:\/\/esentevibrationale.com\/index.php?rest_route=\/wp\/v2\/product\/13644","targetHints":{"allow":["GET"]}}],"collection":[{"href":"https:\/\/esentevibrationale.com\/index.php?rest_route=\/wp\/v2\/product"}],"about":[{"href":"https:\/\/esentevibrationale.com\/index.php?rest_route=\/wp\/v2\/types\/product"}],"wp:featuredmedia":[{"embeddable":true,"href":"https:\/\/esentevibrationale.com\/index.php?rest_route=\/wp\/v2\/media\/13649"}],"wp:attachment":[{"href":"https:\/\/esentevibrationale.com\/index.php?rest_route=%2Fwp%2Fv2%2Fmedia&parent=13644"}],"wp:term":[{"taxonomy":"product_brand","embeddable":true,"href":"https:\/\/esentevibrationale.com\/index.php?rest_route=%2Fwp%2Fv2%2Fproduct_brand&post=13644"},{"taxonomy":"product_cat","embeddable":true,"href":"https:\/\/esentevibrationale.com\/index.php?rest_route=%2Fwp%2Fv2%2Fproduct_cat&post=13644"},{"taxonomy":"product_tag","embeddable":true,"href":"https:\/\/esentevibrationale.com\/index.php?rest_route=%2Fwp%2Fv2%2Fproduct_tag&post=13644"}],"curies":[{"name":"wp","href":"https:\/\/api.w.org\/{rel}","templated":true}]}}