{"id":13650,"date":"2022-10-28T15:38:09","date_gmt":"2022-10-28T12:38:09","guid":{"rendered":"https:\/\/esentevibrationale.com\/?post_type=product&#038;p=13650"},"modified":"2026-01-02T08:49:26","modified_gmt":"2026-01-02T06:49:26","slug":"38-esenta-oceanica-nr-38","status":"publish","type":"product","link":"https:\/\/esentevibrationale.com\/?product=38-esenta-oceanica-nr-38","title":{"rendered":"38. Ocean Essence No. 38 \/ Esen\u021ba Oceanic\u0103 Nr. 38"},"content":{"rendered":"<p>Esen\u021ba ne conecteaz\u0103 cu con\u0219tiin\u021ba noastr\u0103 celular\u0103. Are un efect de cur\u0103\u021bare energetic\u0103 asupra celulelor \u0219i creeaz\u0103 transparen\u021b\u0103. Emo\u021biile negative sunt clarificate \u0219i poverile vechi din subcon\u0219tient pot fi eliberate.<\/p>\n<p>Ne duce \u00eenapoi la starea original\u0103 clar\u0103, nealterat\u0103 a celulelor noastre. Efect energetic asupra glandei pituitare \u0219i a ochilor. Are un efect de clarificare energetic aici \u0219i aduce lumin\u0103 \u0219i con\u0219tiin\u021b\u0103 \u00een celulele noastre.<\/p>\n","protected":false},"excerpt":{"rendered":"<p>Esen\u021ba ne conecteaz\u0103 cu con\u0219tiin\u021ba noastr\u0103 celular\u0103. Are un efect de cur\u0103\u021bare energetic\u0103 asupra celulelor \u0219i creeaz\u0103 transparen\u021b\u0103. Emo\u021biile negative sunt clarificate \u0219i poverile vechi din subcon\u0219tient pot fi eliberate. Ne duce \u00eenapoi la starea original\u0103 clar\u0103, nealterat\u0103 a celulelor noastre. Efect energetic asupra glandei pituitare \u0219i a ochilor. Are un efect de clarificare energetic &hellip; <a href=\"https:\/\/esentevibrationale.com\/?product=38-esenta-oceanica-nr-38\" class=\"more-link\">Continu\u0103 lectura <span class=\"screen-reader-text\">38. Ocean Essence No. 38 \/ Esen\u021ba Oceanic\u0103 Nr. 38<\/span> <span class=\"meta-nav\">&rarr;<\/span><\/a><\/p>\n","protected":false},"featured_media":13647,"template":"","meta":[],"product_brand":[],"product_cat":[72],"product_tag":[],"class_list":{"0":"post-13650","1":"product","2":"type-product","3":"status-publish","4":"has-post-thumbnail","6":"product_cat-esentele-ocenului","7":"pa_size-15ml","8":"pa_size-30ml","10":"first","11":"instock","12":"shipping-taxable","13":"purchasable","14":"product-type-variable","15":"has-default-attributes"},"_links":{"self":[{"href":"https:\/\/esentevibrationale.com\/index.php?rest_route=\/wp\/v2\/product\/13650","targetHints":{"allow":["GET"]}}],"collection":[{"href":"https:\/\/esentevibrationale.com\/index.php?rest_route=\/wp\/v2\/product"}],"about":[{"href":"https:\/\/esentevibrationale.com\/index.php?rest_route=\/wp\/v2\/types\/product"}],"wp:featuredmedia":[{"embeddable":true,"href":"https:\/\/esentevibrationale.com\/index.php?rest_route=\/wp\/v2\/media\/13647"}],"wp:attachment":[{"href":"https:\/\/esentevibrationale.com\/index.php?rest_route=%2Fwp%2Fv2%2Fmedia&parent=13650"}],"wp:term":[{"taxonomy":"product_brand","embeddable":true,"href":"https:\/\/esentevibrationale.com\/index.php?rest_route=%2Fwp%2Fv2%2Fproduct_brand&post=13650"},{"taxonomy":"product_cat","embeddable":true,"href":"https:\/\/esentevibrationale.com\/index.php?rest_route=%2Fwp%2Fv2%2Fproduct_cat&post=13650"},{"taxonomy":"product_tag","embeddable":true,"href":"https:\/\/esentevibrationale.com\/index.php?rest_route=%2Fwp%2Fv2%2Fproduct_tag&post=13650"}],"curies":[{"name":"wp","href":"https:\/\/api.w.org\/{rel}","templated":true}]}}