{"id":13653,"date":"2022-10-28T15:42:20","date_gmt":"2022-10-28T12:42:20","guid":{"rendered":"https:\/\/esentevibrationale.com\/?post_type=product&#038;p=13653"},"modified":"2026-01-02T08:50:23","modified_gmt":"2026-01-02T06:50:23","slug":"39-esenta-oceanica-nr-39","status":"publish","type":"product","link":"https:\/\/esentevibrationale.com\/?product=39-esenta-oceanica-nr-39","title":{"rendered":"39. Ocean Essence No. 39 \/ Esen\u021ba Oceanic\u0103 Nr. 39"},"content":{"rendered":"<p>Esen\u021ba are un efect energetic asupra celei de-a doua chakre. Ne stimuleaz\u0103 energetic organele. Promoveaz\u0103 comunicarea celular\u0103 prin impulsuri de lumin\u0103. Aceast\u0103 informa\u021bie luminoas\u0103 are un efect de cur\u0103\u021bare \u0219i regenerare energetic\u0103 asupra informa\u021biilor noastre despre organele interne.<\/p>\n<p>Ac\u021bioneaz\u0103 asupra punctelor slabe din punct de vedere energetic ale sistemului \u0219i le stimuleaz\u0103 \u00een mod con\u0219tient. \u021aesutul celular este \u00eent\u0103rit energetic \u0219i informa\u021bia este cur\u0103\u021bat\u0103 cu pulsuri de lumin\u0103. Are un efect revitalizant precum o \u00eentinerire energetic\u0103 din interior.<\/p>\n","protected":false},"excerpt":{"rendered":"<p>Esen\u021ba are un efect energetic asupra celei de-a doua chakre. Ne stimuleaz\u0103 energetic organele. Promoveaz\u0103 comunicarea celular\u0103 prin impulsuri de lumin\u0103. Aceast\u0103 informa\u021bie luminoas\u0103 are un efect de cur\u0103\u021bare \u0219i regenerare energetic\u0103 asupra informa\u021biilor noastre despre organele interne. Ac\u021bioneaz\u0103 asupra punctelor slabe din punct de vedere energetic ale sistemului \u0219i le stimuleaz\u0103 \u00een mod con\u0219tient. &hellip; <a href=\"https:\/\/esentevibrationale.com\/?product=39-esenta-oceanica-nr-39\" class=\"more-link\">Continu\u0103 lectura <span class=\"screen-reader-text\">39. Ocean Essence No. 39 \/ Esen\u021ba Oceanic\u0103 Nr. 39<\/span> <span class=\"meta-nav\">&rarr;<\/span><\/a><\/p>\n","protected":false},"featured_media":13654,"template":"","meta":[],"product_brand":[],"product_cat":[72],"product_tag":[],"class_list":{"0":"post-13653","1":"product","2":"type-product","3":"status-publish","4":"has-post-thumbnail","6":"product_cat-esentele-ocenului","7":"pa_size-15ml","8":"pa_size-30ml","10":"first","11":"instock","12":"shipping-taxable","13":"purchasable","14":"product-type-variable","15":"has-default-attributes"},"_links":{"self":[{"href":"https:\/\/esentevibrationale.com\/index.php?rest_route=\/wp\/v2\/product\/13653","targetHints":{"allow":["GET"]}}],"collection":[{"href":"https:\/\/esentevibrationale.com\/index.php?rest_route=\/wp\/v2\/product"}],"about":[{"href":"https:\/\/esentevibrationale.com\/index.php?rest_route=\/wp\/v2\/types\/product"}],"wp:featuredmedia":[{"embeddable":true,"href":"https:\/\/esentevibrationale.com\/index.php?rest_route=\/wp\/v2\/media\/13654"}],"wp:attachment":[{"href":"https:\/\/esentevibrationale.com\/index.php?rest_route=%2Fwp%2Fv2%2Fmedia&parent=13653"}],"wp:term":[{"taxonomy":"product_brand","embeddable":true,"href":"https:\/\/esentevibrationale.com\/index.php?rest_route=%2Fwp%2Fv2%2Fproduct_brand&post=13653"},{"taxonomy":"product_cat","embeddable":true,"href":"https:\/\/esentevibrationale.com\/index.php?rest_route=%2Fwp%2Fv2%2Fproduct_cat&post=13653"},{"taxonomy":"product_tag","embeddable":true,"href":"https:\/\/esentevibrationale.com\/index.php?rest_route=%2Fwp%2Fv2%2Fproduct_tag&post=13653"}],"curies":[{"name":"wp","href":"https:\/\/api.w.org\/{rel}","templated":true}]}}