{"id":13657,"date":"2022-10-28T15:45:39","date_gmt":"2022-10-28T12:45:39","guid":{"rendered":"https:\/\/esentevibrationale.com\/?post_type=product&#038;p=13657"},"modified":"2026-01-02T08:54:51","modified_gmt":"2026-01-02T06:54:51","slug":"40-esenta-oceanica-nr-40","status":"publish","type":"product","link":"https:\/\/esentevibrationale.com\/?product=40-esenta-oceanica-nr-40","title":{"rendered":"40. Ocean Essence No. 40 \/ Esen\u021ba Oceanic\u0103 Nr. 40"},"content":{"rendered":"<p>Esen\u021ba are un efect profund asupra subcon\u0219tientului nostru \u0219i ne face s\u0103 con\u0219tientiz\u0103m vechile temeri \u0219i nesiguran\u021be care pot fi eliberate energetic cu dragoste. Ne face mai puternici intern \u0219i echilibreaz\u0103 plexul solar. Esen\u021ba ne cre\u0219te din punct de vedere energetic stima de sine \u0219i \u00eencrederea \u00een sine. L\u0103s\u0103m vechile informa\u021bii \u0219i energii s\u0103 se \u00eendep\u0103rteze de noi \u0219i s\u0103 mearg\u0103 \u00eenainte.<\/p>\n","protected":false},"excerpt":{"rendered":"<p>Esen\u021ba are un efect profund asupra subcon\u0219tientului nostru \u0219i ne face s\u0103 con\u0219tientiz\u0103m vechile temeri \u0219i nesiguran\u021be care pot fi eliberate energetic cu dragoste. Ne face mai puternici intern \u0219i echilibreaz\u0103 plexul solar. Esen\u021ba ne cre\u0219te din punct de vedere energetic stima de sine \u0219i \u00eencrederea \u00een sine. L\u0103s\u0103m vechile informa\u021bii \u0219i energii s\u0103 se &hellip; <a href=\"https:\/\/esentevibrationale.com\/?product=40-esenta-oceanica-nr-40\" class=\"more-link\">Continu\u0103 lectura <span class=\"screen-reader-text\">40. Ocean Essence No. 40 \/ Esen\u021ba Oceanic\u0103 Nr. 40<\/span> <span class=\"meta-nav\">&rarr;<\/span><\/a><\/p>\n","protected":false},"featured_media":13658,"template":"","meta":[],"product_brand":[],"product_cat":[72],"product_tag":[],"class_list":{"0":"post-13657","1":"product","2":"type-product","3":"status-publish","4":"has-post-thumbnail","6":"product_cat-esentele-ocenului","7":"pa_size-15ml","8":"pa_size-30ml","10":"first","11":"instock","12":"shipping-taxable","13":"purchasable","14":"product-type-variable","15":"has-default-attributes"},"_links":{"self":[{"href":"https:\/\/esentevibrationale.com\/index.php?rest_route=\/wp\/v2\/product\/13657","targetHints":{"allow":["GET"]}}],"collection":[{"href":"https:\/\/esentevibrationale.com\/index.php?rest_route=\/wp\/v2\/product"}],"about":[{"href":"https:\/\/esentevibrationale.com\/index.php?rest_route=\/wp\/v2\/types\/product"}],"wp:featuredmedia":[{"embeddable":true,"href":"https:\/\/esentevibrationale.com\/index.php?rest_route=\/wp\/v2\/media\/13658"}],"wp:attachment":[{"href":"https:\/\/esentevibrationale.com\/index.php?rest_route=%2Fwp%2Fv2%2Fmedia&parent=13657"}],"wp:term":[{"taxonomy":"product_brand","embeddable":true,"href":"https:\/\/esentevibrationale.com\/index.php?rest_route=%2Fwp%2Fv2%2Fproduct_brand&post=13657"},{"taxonomy":"product_cat","embeddable":true,"href":"https:\/\/esentevibrationale.com\/index.php?rest_route=%2Fwp%2Fv2%2Fproduct_cat&post=13657"},{"taxonomy":"product_tag","embeddable":true,"href":"https:\/\/esentevibrationale.com\/index.php?rest_route=%2Fwp%2Fv2%2Fproduct_tag&post=13657"}],"curies":[{"name":"wp","href":"https:\/\/api.w.org\/{rel}","templated":true}]}}