{"id":13680,"date":"2022-11-11T19:50:29","date_gmt":"2022-11-11T17:50:29","guid":{"rendered":"https:\/\/esentevibrationale.com\/?post_type=product&#038;p=13680"},"modified":"2023-07-10T14:29:02","modified_gmt":"2023-07-10T11:29:02","slug":"brosura-cu-esentele-oceanice","status":"publish","type":"product","link":"https:\/\/esentevibrationale.com\/?product=brosura-cu-esentele-oceanice","title":{"rendered":"Bro\u0219ura cu Esen\u021bele Oceanice \u00een limba Rom\u00e2n\u0103"},"content":{"rendered":"<p>Con\u021bine descrierea a 40 de Esen\u021be Oceanice.<\/p>\n","protected":false},"excerpt":{"rendered":"<p>Con\u021bine descrierea a 40 de Esen\u021be Oceanice.<\/p>\n","protected":false},"featured_media":13687,"template":"","meta":[],"product_brand":[],"product_cat":[68],"product_tag":[],"class_list":{"0":"post-13680","1":"product","2":"type-product","3":"status-publish","4":"has-post-thumbnail","6":"product_cat-carti-postere-seturi-cu-carduri","8":"first","9":"instock","10":"shipping-taxable","11":"purchasable","12":"product-type-simple"},"_links":{"self":[{"href":"https:\/\/esentevibrationale.com\/index.php?rest_route=\/wp\/v2\/product\/13680","targetHints":{"allow":["GET"]}}],"collection":[{"href":"https:\/\/esentevibrationale.com\/index.php?rest_route=\/wp\/v2\/product"}],"about":[{"href":"https:\/\/esentevibrationale.com\/index.php?rest_route=\/wp\/v2\/types\/product"}],"wp:featuredmedia":[{"embeddable":true,"href":"https:\/\/esentevibrationale.com\/index.php?rest_route=\/wp\/v2\/media\/13687"}],"wp:attachment":[{"href":"https:\/\/esentevibrationale.com\/index.php?rest_route=%2Fwp%2Fv2%2Fmedia&parent=13680"}],"wp:term":[{"taxonomy":"product_brand","embeddable":true,"href":"https:\/\/esentevibrationale.com\/index.php?rest_route=%2Fwp%2Fv2%2Fproduct_brand&post=13680"},{"taxonomy":"product_cat","embeddable":true,"href":"https:\/\/esentevibrationale.com\/index.php?rest_route=%2Fwp%2Fv2%2Fproduct_cat&post=13680"},{"taxonomy":"product_tag","embeddable":true,"href":"https:\/\/esentevibrationale.com\/index.php?rest_route=%2Fwp%2Fv2%2Fproduct_tag&post=13680"}],"curies":[{"name":"wp","href":"https:\/\/api.w.org\/{rel}","templated":true}]}}