{"id":13684,"date":"2022-11-12T16:31:17","date_gmt":"2022-11-12T14:31:17","guid":{"rendered":"https:\/\/esentevibrationale.com\/?post_type=product&#038;p=13684"},"modified":"2022-11-25T17:01:49","modified_gmt":"2022-11-25T15:01:49","slug":"menopauza","status":"publish","type":"product","link":"https:\/\/esentevibrationale.com\/?product=menopauza","title":{"rendered":"Menopauz\u0103"},"content":{"rendered":"<p><strong><u>Menopauz\u0103<\/u><\/strong><\/p>\n<p>Cre\u0219te energia (YIN), ajut\u0103 femeile s\u0103 accepte partea lor feminin\u0103 cu bucurie, vindec\u0103 r\u0103nile emo\u021bionale. Ofer\u0103 stabilitate emo\u021bional\u0103, atunci c\u00e2nd femeile au nevoie de aceasta \u0219i ofer\u0103 ajutor energetic \u00een timpul sarcinii. Ridic\u0103 vibra\u021bia emo\u021biilor \u0219i ajut\u0103 la con\u0219tientizarea momentelor speciale \u0219i frumoase<strong>. <\/strong>Ne ajut\u0103 s\u0103 ne bucur\u0103m de senzualitate cu mai mult\u0103 iubire \u0219i creativitate. Conecteaz\u0103 experien\u021ba din corp cu mintea \u0219i spiritul. Re\u00eennoie\u015fte contactul cu puterea \u015fi bog\u0103\u0163ia sexualit\u0103\u0163ii noastre feminine, pentru femei.<\/p>\n","protected":false},"excerpt":{"rendered":"<p>Menopauz\u0103 Cre\u0219te energia (YIN), ajut\u0103 femeile s\u0103 accepte partea lor feminin\u0103 cu bucurie, vindec\u0103 r\u0103nile emo\u021bionale. Ofer\u0103 stabilitate emo\u021bional\u0103, atunci c\u00e2nd femeile au nevoie de aceasta \u0219i ofer\u0103 ajutor energetic \u00een timpul sarcinii. Ridic\u0103 vibra\u021bia emo\u021biilor \u0219i ajut\u0103 la con\u0219tientizarea momentelor speciale \u0219i frumoase. Ne ajut\u0103 s\u0103 ne bucur\u0103m de senzualitate cu mai mult\u0103 iubire &hellip; <a href=\"https:\/\/esentevibrationale.com\/?product=menopauza\" class=\"more-link\">Continu\u0103 lectura <span class=\"screen-reader-text\">Menopauz\u0103<\/span> <span class=\"meta-nav\">&rarr;<\/span><\/a><\/p>\n","protected":false},"featured_media":13715,"template":"","meta":[],"product_brand":[],"product_cat":[77],"product_tag":[],"class_list":{"0":"post-13684","1":"product","2":"type-product","3":"status-publish","4":"has-post-thumbnail","6":"product_cat-mixturi","7":"pa_size-15ml","8":"pa_size-30ml","10":"first","11":"instock","12":"shipping-taxable","13":"purchasable","14":"product-type-variable","15":"has-default-attributes"},"_links":{"self":[{"href":"https:\/\/esentevibrationale.com\/index.php?rest_route=\/wp\/v2\/product\/13684","targetHints":{"allow":["GET"]}}],"collection":[{"href":"https:\/\/esentevibrationale.com\/index.php?rest_route=\/wp\/v2\/product"}],"about":[{"href":"https:\/\/esentevibrationale.com\/index.php?rest_route=\/wp\/v2\/types\/product"}],"wp:featuredmedia":[{"embeddable":true,"href":"https:\/\/esentevibrationale.com\/index.php?rest_route=\/wp\/v2\/media\/13715"}],"wp:attachment":[{"href":"https:\/\/esentevibrationale.com\/index.php?rest_route=%2Fwp%2Fv2%2Fmedia&parent=13684"}],"wp:term":[{"taxonomy":"product_brand","embeddable":true,"href":"https:\/\/esentevibrationale.com\/index.php?rest_route=%2Fwp%2Fv2%2Fproduct_brand&post=13684"},{"taxonomy":"product_cat","embeddable":true,"href":"https:\/\/esentevibrationale.com\/index.php?rest_route=%2Fwp%2Fv2%2Fproduct_cat&post=13684"},{"taxonomy":"product_tag","embeddable":true,"href":"https:\/\/esentevibrationale.com\/index.php?rest_route=%2Fwp%2Fv2%2Fproduct_tag&post=13684"}],"curies":[{"name":"wp","href":"https:\/\/api.w.org\/{rel}","templated":true}]}}