{"id":1369,"date":"2018-11-12T10:46:42","date_gmt":"2018-11-12T09:46:42","guid":{"rendered":"https:\/\/phiessences.com\/Romania\/?post_type=product&#038;p=1369"},"modified":"2026-01-01T18:45:09","modified_gmt":"2026-01-01T16:45:09","slug":"dolphin-delfin","status":"publish","type":"product","link":"https:\/\/esentevibrationale.com\/?product=dolphin-delfin","title":{"rendered":"Dolphin \/ Delfin"},"content":{"rendered":"<p><strong>(tursiops truncatus)<\/strong><\/p>\n<p>Esen\u021ba noastr\u0103 de delfin este prima din lume de acest fel \u0219i este fabricat\u0103 doar cu delfini vii, care tr\u0103iesc \u00een libertate.<\/p>\n<p>Delfinul \u00een interpretarea viselor: arat\u0103 noi c\u0103i pentru g\u00e2ndurile noastre, ne ofer\u0103 o nou\u0103 dinamic\u0103 \u00een via\u021b\u0103 \u0219i noi moduri de a g\u00e2ndi \u0219i este un indiciu c\u0103tre iubirea necondi\u021bionat\u0103.<\/p>\n<p>Esen\u021ba Delph\u00ae (Delfin) a fost realizat\u0103 pe 22 decembrie 1991 cu animale libere \u00een coasta de nord a Columbia. A fost prima esen\u021b\u0103 a delfinilor la nivel mondial \u0219i, personal, a fost un eveniment foarte special. Nu \u00eemi pl\u0103nuisem \u0219i nu m\u0103 g\u00e2ndisem s\u0103 lucrez cu animale, dar delfinii \u0219i balenele sunt mesageri ai \u00eentregului regat animal, motiv pentru care am fost ghidat spre ei.<\/p>\n<p>La nivel corporal: Delph\u00ae este utilizat\u0103 cu mult succes pentru armonizarea \u00een timpul sarcinii. Esen\u021ba este folosit\u0103 de medici \u0219i moa\u0219e pentru a ajuta \u00een timpul procesului de na\u0219tere, rezult\u00e2nd \u00een mai pu\u021bine complica\u021bii. Acest lucru a fost dovedit statistic. Na\u0219terea apare \u00eentr-un mod simplu \u0219i armonic.<\/p>\n<p>Dup\u0103 cum arat\u0103 unele studii, Delph\u00ae echilibreaz\u0103 activitatea creierului. Mamele care \u0219i-au n\u0103scut copiii, cu Delph\u00ae, raporteaz\u0103 c\u0103 \u201ecopiii Delph\u201d se comport\u0103 mai bine la \u0219coal\u0103 \u0219i arat\u0103 o bucurie mai mare de a tr\u0103i.<\/p>\n<p>Pe plan emo\u021bional: Delph\u00ae este noua esen\u021b\u0103 pentru copiii specializa\u021bi. Unele \u0219coli din Elve\u021bia au utilizat-o cu succes Delph\u00ae. Consilierii \u0219colii au remarcat c\u0103 poate ajuta copiii cu un ADD (tulburare de deficit de aten\u021bie) sau cu un diagnostic ADHD.<\/p>\n<p>Delph\u00ae \u00eencurajeaz\u0103 energia vital\u0103 \u0219i \u00eencrederea \u00een sine. Temerile \u0219i limit\u0103rile pot fi eliberate mai u\u0219or. Ne ajut\u0103 s\u0103 d\u0103m un pas suplimentar \u00een evolu\u021bia noastr\u0103. Ne poate deschide u\u0219or chakra inimii \u0219i ne umple cu un sentiment de iubire necondi\u021bionat\u0103 fa\u021b\u0103 de Crea\u021bia lui Dumnezeu.<\/p>\n<p>Pe plan spiritual: Pe baza propriei mele experien\u021be, presupun c\u0103 delfinii \u0219i balenele au acces probabil la energii superioare \u0219i, \u00een cele din urm\u0103, la alte dimensiuni.<\/p>\n<p>Not\u0103 special\u0103: Pe l\u00e2ng\u0103 esen\u021b\u0103 exist\u0103 \u0219i alte elemente Delph\u00ae: pandantivul Delph\u00ae pentru a transporta chakra inimii, Delph<sup>\u00ae<\/sup> cream \u0219i spray Delph<sup>\u00ae<\/sup> pentru a cur\u0103\u021ba spa\u021bii diferite.<\/p>\n<p>Delph\u00ae (Delfin) este o esen\u0163\u0103 extraordinar\u0103. Produs\u0103 cu ajutorul con\u015ftient al delfinilor liberi, din mare &#8211; locuin\u0163a delfinilor. Esen\u0163a are capacitatea uimitoare de a lucra pe toate Chakrele noastre odat\u0103, stimul\u00e2nd \u015fi armoniz\u00e2nd intreag\u0103 noastr\u0103 fiin\u0163\u01ce. Mesajul delfinilor este: exista iubire necondi\u0163ional\u0103. Ca o \u00eent\u00e2lnire personal\u0103 cu delfinii s\u0103lbatici \u00een ocean, aceast\u0103 esen\u0163\u0103 ne deschide Chakra inimii, astfel \u00eenc\u00e2t experiment\u0103m via\u0163a prin unitatea, corelarea \u015fi intrep\u0103trunderea tuturor vie\u0163uitoarelor. Ne echilibreaz\u0103 cele dou\u0103 emisfere, cea st\u00e2ng\u0103 \u015fi cea dreapt\u0103, ale creierului. Esen\u0163a este util\u0103 \u00een cazul femeilor \u00eens\u0103rcinate pe periada sarcinii \u015fi \u00een timpul na\u015fterii. Delfinul are un puternic efect de cur\u0103\u0163are at\u00e2t pe corpul nostru fizic, care este de peste 80 % ap\u0103, c\u00e2t \u015fi pe cel spiritual. De asemenea, esen\u0163a este utilizat\u01ce pentru cur\u0103\u0163are \u015fi la activarea r\u00e2urilor, lacurilor \u015fi m\u0103rilor poluate de de\u015feuri industriale sau agrare.<\/p>\n<p>Activarea apei cu Delph\u00ae<\/p>\n<p>Putem \u00eembun\u0103t\u0103\u021bi calitatea apei folosind Delph\u00ae Vibra\u021biile ridicate ale esen\u021bei (aproximativ 15.000 hertz) sunt transferate moleculelor de ap\u0103, astfel \u00eenc\u00e2t vibra\u021biile moleculelor de ap\u0103 sunt crescute \u0219i, prin aceasta, apa contaminat\u0103 este \u00eembun\u0103t\u0103\u021bit\u0103 pe energie nivel. S-a observat c\u0103 impurit\u0103\u021bile \u0219i particulele dizolvate \u00een ap\u0103 s-au decantat cu o vitez\u0103 mai mare.<\/p>\n<p>Mod de preparare:<\/p>\n<p>\u00cen primul r\u00e2nd, preg\u0103ti\u021bi c\u00e2teva sticle cu dilu\u021bii de esen\u021b\u0103 Delph\u00ae. Pentru a face acest lucru, ob\u021bine\u021bi c\u00e2teva sticle curate de sticl\u0103 care pot fi \u00eenchise ermetic, ni\u0219te coniac \u0219i o sticl\u0103 cu ap\u0103 pur\u0103.<\/p>\n<p>Pune\u021bi aproximativ 30% alcool \u00een sticl\u0103 \u0219i apoi umple\u021bi-l cu ap\u0103. Nu o umple\u021bi complet. Ad\u0103uga\u021bi acum c\u00e2teva pic\u0103turi de esen\u021b\u0103 Delph\u00ae la preparat.<\/p>\n<p>Cantitatea recomandat\u0103 de esen\u021b\u0103 Delph\u00ae \u00een diluare<\/p>\n<p>Ad\u0103uga\u021bi 2 pic\u0103turi \u00een 30 ml de ap\u0103<\/p>\n<p>Ad\u0103uga\u021bi 3 pic\u0103turi \u00een 100 ml de ap\u0103<\/p>\n<p>Ad\u0103uga\u021bi 5 pic\u0103turi \u00een 500 ml de ap\u0103<\/p>\n<p>Ad\u0103uga\u021bi 9 pic\u0103turi \u00een 1000 ml de ap\u0103<\/p>\n<p>Dilu\u021biile trebuie f\u0103cute igienic. Apoi \u00eenchide\u021bi sticla \u0219i agita\u021bi-o pentru a o amesteca bine.<\/p>\n<p>Implementare:<\/p>\n<p>Acum, duce\u021bi sticlele la apa pe care dori\u021bi s\u0103 o activa\u021bi, g\u0103si\u021bi un moment calm \u0219i arunca\u021bi sticlele \u00een ap\u0103 cu o distan\u021b\u0103 de aproximativ 100 de metri \u00eentre ele. Concentreaz\u0103-te \u0219i simte-\u021bi sufletul. \u00cen caz de curen\u021bi puternici, lega\u021bi o piatr\u0103 de sticl\u0103 cu un fir de nailon, astfel \u00eenc\u00e2t acestea s\u0103 se scufunde.<\/p>\n<p>Sticla r\u0103m\u00e2ne activ\u0103 pentru o perioad\u0103 de aproximativ 70 de ani. Mul\u021bi oameni au raportat c\u0103, atunci c\u00e2nd fac activarea, ar putea sim\u021bi o energie foarte puternic\u0103. Alte persoane au remarcat reac\u021biile animalelor pe care le-au putut observa \u00een timpul sau imediat dup\u0103 activare.<\/p>\n<p>Cercet\u0103ri asupra efectului Delph Essences asupra tipurilor de unde cerebrale<\/p>\n<p>Sub auspiciile academiei de cercetare a esen\u021belor florilor, exist\u0103 mai mul\u021bi oameni de \u0219tiin\u021b\u0103 \u0219i medici care investigheaz\u0103 bio-informa\u021biile despre esen\u021bele florilor. Avem sprijin \u0219tiin\u021bific \u00een ceea ce prive\u0219te efectul esen\u021belor, printre al\u0163ii este dr. Garcia de la Geneva, se ocup\u0103 cu cercetare optocristalografiei \u0219i Dr. G\u00fcnter Haffelder se ocup\u0103 cu cercetarea electroencefalogramei (EEG) pentru a capta activitatea creierului (\u00een colaborare cu diver\u0219i exper\u021bi \u00een domeniile biologiei, educa\u021biei , psihologie, medicin\u0103 \u0219i tehnologie informa\u021bional\u0103). Unele cercet\u0103ri fascinante privind, efectul esen\u0163ei Delph<sup>\u00ae<\/sup> asupra activit\u0103\u021bii creierului, au fost efectuate de c\u0103tre Andreas Korte, medici academicieni \u0219i al\u0163i cercet\u0103tori. Studiul a fost realizat de Dr. Garcia (se ocup\u0103 de cercet\u0103ri ale opto-cristalograficelor) \u0219i dr. Haffelder (cercetare EEG).<\/p>\n<p>EEG monitorizeaz\u0103 activitatea electric\u0103 a creierului (oscila\u021bii pe secund\u0103: hertz) atunci c\u00e2nd cineva este expus la stimuli diferi\u021bi. Se \u00eemparte \u00een patru intervale de frecven\u021b\u0103 sau benzi:<\/p>\n<ul>\n<li>Starea de veghe, BETA.<\/li>\n<li>Concentra\u021bie relaxat\u0103, ALPHA.<\/li>\n<li>Relaxare complet\u0103 \u0219i vise, THETA.<\/li>\n<li>Stare adormire profund\u0103, DELTA.<\/li>\n<\/ul>\n<p>\u00cen Institutul s\u0103u pentru comunicare \u0219i cercetare a creierului din Stuttgart, \u00een ultimii 20 de ani, Gunther Haffelder a dezvoltat \u00een continuare tehnici de m\u0103surare EEG pentru studiul \u0219i analiza undelor cerebrale. El este capabil s\u0103 descompun\u0103 (adic\u0103 \u00eemp\u0103r\u021bit \u00een p\u0103r\u021bi) semnalele \u00eenregistrate de EEG \u00een componentele lor individuale de vibra\u021bie folosind tehnici sofisticate de analiz\u0103 spectral\u0103.<\/p>\n<p>Kristin a scris despre Esen\u021ba Delph:<\/p>\n<p>PS: Iat\u0103 o mic\u0103 m\u0103rturie despre Esen\u021ba ta Delfin, Gabriela a spus c\u0103 este OK pentru mine s\u0103 o \u00eemp\u0103rt\u0103\u0219esc cu tine!<\/p>\n<p>I-am oferit c\u00e2teva sticle mici cu Esen\u021ba pe care le-a \u00eemp\u0103rt\u0103\u0219it cu alte persoane. Ea este din Elve\u021bia. \u00cenainte de a \u00eemp\u0103rt\u0103\u0219i aceast\u0103 poveste cu mine, mi-a spus c\u0103, \u00een timp ce purta Pendulul cu Esen\u0163a Delfin, s-a conectat at\u00e2t de puternic \u0219i centrat pe inim\u0103 cu alte persoane \u00een timpul unui festival de dans pe r\u00e2u, ca niciodat\u0103.<\/p>\n<p>&#8222;Kristin, nu am cuvinte pentru tine. Sunt at\u00e2t de profund recunosc\u0103toare pentru tot ceea ce ai f\u0103cut pentru mine. To\u021bi delfinii au g\u0103sit o cas\u0103 nou\u0103. A\u0219a cum ai spus, bebelu\u0219ii \u00eel iubesc esen\u0163a Delfin. Cele dou\u0103 nepoate ale mele sunt foarte calme \u00een bra\u021bele mele, ori de c\u00e2te ori am Pandantivul Delfin \u00een jurul g\u00e2tului, fina mea Anna-Sophia, \u00een v\u00e2rst\u0103 de 13 ani, a reac\u021bionat \u00eentr-un mod uimitor. Nu i-am spus nimic, doar i-am pus sticla mic\u0103 \u0219i i-a cerut s\u0103 simt\u0103, mi-a spus dup\u0103 10 secunde: O, Gabi, sunt \u00eenconjurat\u0103 de delfini, \u00eenoat\u0103 cu mine. De asemenea, prietena mea Edith medita cu Esen\u0163a Delfinul \u0219i i-a sim\u021bit \u00een jurul ei. Este un medicament puternic, v\u0103 mul\u021bumesc foarte mult pentru c\u0103 a mi-a\u0163i prezentat-o.<\/p>\n<p><strong>\u00a0<\/strong><\/p>\n<p>&nbsp;<\/p>\n<p>&nbsp;<\/p>\n<p>&nbsp;<\/p>\n<p>&nbsp;<\/p>\n<p>&nbsp;<\/p>\n<p>&nbsp;<\/p>\n<p>&nbsp;<\/p>\n<p>&nbsp;<\/p>\n<p>&nbsp;<\/p>\n","protected":false},"excerpt":{"rendered":"<p>(tursiops truncatus) Esen\u021ba noastr\u0103 de delfin este prima din lume de acest fel \u0219i este fabricat\u0103 doar cu delfini vii, care tr\u0103iesc \u00een libertate. Delfinul \u00een interpretarea viselor: arat\u0103 noi c\u0103i pentru g\u00e2ndurile noastre, ne ofer\u0103 o nou\u0103 dinamic\u0103 \u00een via\u021b\u0103 \u0219i noi moduri de a g\u00e2ndi \u0219i este un indiciu c\u0103tre iubirea necondi\u021bionat\u0103. Esen\u021ba &hellip; <a href=\"https:\/\/esentevibrationale.com\/?product=dolphin-delfin\" class=\"more-link\">Continu\u0103 lectura <span class=\"screen-reader-text\">Dolphin \/ Delfin<\/span> <span class=\"meta-nav\">&rarr;<\/span><\/a><\/p>\n","protected":false},"featured_media":1372,"template":"","meta":[],"product_brand":[],"product_cat":[43],"product_tag":[],"class_list":{"0":"post-1369","1":"product","2":"type-product","3":"status-publish","4":"has-post-thumbnail","6":"product_cat-esente-marine","7":"pa_size-15ml","8":"pa_size-30ml","10":"first","11":"instock","12":"shipping-taxable","13":"purchasable","14":"product-type-variable","15":"has-default-attributes"},"_links":{"self":[{"href":"https:\/\/esentevibrationale.com\/index.php?rest_route=\/wp\/v2\/product\/1369","targetHints":{"allow":["GET"]}}],"collection":[{"href":"https:\/\/esentevibrationale.com\/index.php?rest_route=\/wp\/v2\/product"}],"about":[{"href":"https:\/\/esentevibrationale.com\/index.php?rest_route=\/wp\/v2\/types\/product"}],"wp:featuredmedia":[{"embeddable":true,"href":"https:\/\/esentevibrationale.com\/index.php?rest_route=\/wp\/v2\/media\/1372"}],"wp:attachment":[{"href":"https:\/\/esentevibrationale.com\/index.php?rest_route=%2Fwp%2Fv2%2Fmedia&parent=1369"}],"wp:term":[{"taxonomy":"product_brand","embeddable":true,"href":"https:\/\/esentevibrationale.com\/index.php?rest_route=%2Fwp%2Fv2%2Fproduct_brand&post=1369"},{"taxonomy":"product_cat","embeddable":true,"href":"https:\/\/esentevibrationale.com\/index.php?rest_route=%2Fwp%2Fv2%2Fproduct_cat&post=1369"},{"taxonomy":"product_tag","embeddable":true,"href":"https:\/\/esentevibrationale.com\/index.php?rest_route=%2Fwp%2Fv2%2Fproduct_tag&post=1369"}],"curies":[{"name":"wp","href":"https:\/\/api.w.org\/{rel}","templated":true}]}}