{"id":13691,"date":"2022-11-21T04:25:54","date_gmt":"2022-11-21T02:25:54","guid":{"rendered":"https:\/\/esentevibrationale.com\/?post_type=product&#038;p=13691"},"modified":"2026-04-29T06:52:20","modified_gmt":"2026-04-29T03:52:20","slug":"2-nivelul-2-esentele-bach-esente-pentru-dependente","status":"publish","type":"product","link":"https:\/\/esentevibrationale.com\/?product=2-nivelul-2-esentele-bach-esente-pentru-dependente","title":{"rendered":"2. Nivelul 2 \u2013 Esen\u021bele Bach + Esen\u021be pentru Dependen\u021be + Esen\u021be de Piramide"},"content":{"rendered":"<p>\u00cen perioada 21 &#8211; 22\u00a0 Noiembrie 2026 voi continua cu nivelul doi al preg\u0103tirii profesionale pentru persoanele care doresc s\u0103\u00a0 devin\u0103 terapeu\u021bi autoriza\u021bi Phiessences sau propriii terapeu\u021bi, dar \u0219i terapeu\u021bii familiei \/ rudelor \/ prietenilor, <strong><em>&#8222;Terapeu\u021bii casei&#8221;<\/em> <\/strong>. Invit cu drag toate persoanele care doresc s\u0103 porneasc\u0103 pe acest drum minunat \u00een care sus\u021binem persoanele implicate \u00een evolu\u021bia personal\u0103 s\u0103 \u00ee\u0219i activeze puterile de auto-vindecare \u0219i s\u0103 \u00ee\u0219i vindece definitiv traumele prin con\u0219tientizarea, transformarea \u0219i eliberarea acestora.<\/p>\n<p>Sunt 10 locuri disponibile.<\/p>\n<p>Vom discuta \u0219i experimenta noua genera\u021bie de Esen\u021be Bach, create de c\u0103tre Andreas Korte cu ajutorului metodei cristalului. Astfel esen\u021be sunt create f\u0103r\u0103 ca florile\/plantele s\u0103 fie t\u0103iate\/rupte \u0219i \u00een modul acesta esen\u021bele con\u021bin energia pur\u0103 a plantei\/florii respective, f\u0103r\u0103 a exista informa\u021bia durerii.<\/p>\n<p>Vom face echilibrarea Cakrelor cu aceste esen\u021be minunate.<\/p>\n<p>De asemenea, vom experimenta at\u00e2t energia esen\u021belor pentru a trata energetic anumite dependen\u021be (fumat, dulciuri, munc\u0103, etc) c\u00e2t \u0219i energia ambiental\u0103 a esen\u021belor create cu energia \u00a0piramidelor.<\/p>\n<p><strong>Vineri 20 Noiembrie va avea loc o sesiune HLT<sup>\u00ae<\/sup>\u00a0 \u2013 Terapia Holistic\u0103 cu Lumin\u0103.<\/strong><\/p>\n<p>Aceast\u0103 terapie combin\u0103 efectele benefice ale Luminii, Culorilor, Sunetelor Vindec\u0103toare \u0219i Esen\u021belor Vibra\u021bionale \u0219i ac\u021bioneaz\u0103 energetic. HLT ac\u021bioneaz\u0103 \u00eentr-un mod pozitiv \u00een procesele psihosomatice \u0219i \u00een cazul anxiet\u0103\u021bii, fricii, atacurilor de panic\u0103, depresiei, stresului, epuiz\u0103rii, colapsului, cre\u0219te stima de sine, activeaz\u0103 \u0219i accelereaz\u0103 procesele de auto-vindecare dup\u0103 o interven\u021bie chirurgical\u0103 sau alte proceduri medicale (implanturi sau extrac\u021bii dentare), ne detoxific\u0103 organismul (dup\u0103 radio, chimio terapie, raze X), ajut\u0103 la tratarea dependen\u021belor de substan\u021be chimice precum nicotina \u0219i alte substan\u021be recreative, sus\u021bine sistemul nostru imunitar, aceasta este foarte util\u0103 \u00een perioada prenatal\u0103 \u0219i postnatal\u0103, de asemenea, \u00eembun\u0103t\u0103\u021be\u0219te pielea.<\/p>\n<p><strong><em>Costul terapiei \u00eencepe de la 90 euro \u00een func\u021bie de cauza\/cauzele care genereaz\u0103 afec\u021biunea.<\/em><\/strong><\/p>\n<p><strong>Exist\u0103 urm\u0103toarele terapii ale sistemului HLT \u00ae:<\/strong><\/p>\n<p>\ud83d\udc2cTerapie \u00een cazul chimioterapiei, radioterapiei, radia\u021biilor (Cernob\u00eel) sau expunere la raze \u201cX\u201d<\/p>\n<p>\ud83d\udc2cTerapie \u00een cazul diferitelor dependen\u021belor (fumatul)<\/p>\n<p>\ud83d\udc2cTerapie \u00een cazul primului ajutor (dup\u0103 r\u0103zboi, dezastre naturale-uragane, cutremure, tornade, radioactivitate, \u0219oc, traum\u0103, abuz sexual, fric\u0103, dezn\u0103dejde<\/p>\n<p>\ud83d\udc2cTerapie General\u0103<\/p>\n<p>\ud83d\udc2cTerapie dup\u0103 o interven\u021bie chirurgical\u0103<\/p>\n<p>\ud83d\udc2cTerapie prenatal\u0103 \u0219i postnatal\u0103<\/p>\n<p>\ud83d\udc2c Terapie pentru animale<\/p>\n<p>\ud83d\udc2cTerapie pentru culturi agrare<\/p>\n<p>\u00censcrierea este 600 lei \u0219i se face <strong><em>p\u00e2n\u0103 pe data de 16.11.26.<\/em><\/strong><\/p>\n<p>De asemenea, exist\u0103 \u0219i posibilitatea de a participa o singur\u0103 zi \u0219i contribu\u021bia este 350 lei.<\/p>\n<p><strong>\u00censcrierea<\/strong><strong> trebuie s\u0103 fie \u00een form\u0103 scris\u0103 \u0219i este necesara.<\/strong><\/p>\n<p>Nume:<\/p>\n<p>Adres\u0103:<\/p>\n<p>Tel .:<\/p>\n<p>e-mail:<\/p>\n<p>Data:<\/p>\n<p>Semn\u0103tura:<\/p>\n<p><span style=\"color: #ff0000;\"><strong><em>Pentru a avea locul cursul este necesar s\u0103 fie \u00eenscrise minim 5 persoane.<\/em><\/strong><\/span><\/p>\n<p><strong><em>\u00cen cazul \u00een care cursul nu se \u021bine, din cauza unui num\u0103r mai mic de participan\u021bi <\/em><\/strong><strong><em>\u00eenscri\u0219i<\/em><\/strong><strong><em>, persoanelor \u00eenscrise<\/em><\/strong><strong><em>\u00a0li se va returna integral taxa de \u00eenscriere.<\/em><\/strong><\/p>\n<p><strong><span style=\"color: #ff0000;\">Politica de anulare:<\/span> <em>Renun\u021barea la participare trebuie anun\u021bat\u0103 cu minimum 7 zile calendaristice \u00eenainte de 21.11.2026 \u0219i \u00een acest caz se va rambursa 50% taxa de curs. Dup\u0103 aceast\u0103 perioad\u0103 nu se mai fac ramburs\u0103ri, \u00eens\u0103 dreptul de participare poate fi transferat c\u0103tre o alt\u0103 persoan\u0103.<\/em><\/strong><\/p>\n<p><strong><em>Pentru a avea locul cursul este necesar s\u0103 fie \u00eenscrise minim 5 persoane.<\/em><\/strong><\/p>\n<p><strong><em>\u00cen cazul \u00een care cursul nu se \u021bine, din cauza unui num\u0103r mic de participan\u021bi \u00a0\u00eenscri\u0219i, persoanelor \u00eenscrise li se va returna integral taxa de \u00eenscriere.<\/em><\/strong><\/p>\n<p>Sumele de 600 lei,\u00a0 respectiv 350 lei, se achit\u0103 \u00een contul societ\u0103\u021bii SC ARASIT LOGISTIC SRL,<strong> la descriere am rug\u0103mintea s\u0103 completa\u021bi curs nivel I Esen\u021bele Bach \u0219i Esen\u021bele pentru Dependen\u021be + Esen\u021be de Piramide:<\/strong><\/p>\n<p>SC ARASIT LOGISTIC SRL<\/p>\n<p>Nr.ord.reg. com. \/an J29\/821\/2006<\/p>\n<p>C.I.F: 18582173<\/p>\n<p>Sediul: Ploie\u0219ti, str. G\u0103geni, nr.34, Jude\u021bul Prahova<\/p>\n<p>\u00een contul:<\/p>\n<p>Cod IBAN RO46REVO0000347902006326<\/p>\n<p>Libra Bank<\/p>\n<p>Sediul: Ploie\u0219ti, str. G\u0103geni, nr.34, Jude\u021bul Prahova<\/p>\n<p>\u00een contul:<\/p>\n<p>Cod IBAN RO46REVO0000347902006326<\/p>\n<p>Libra Bank<\/p>\n","protected":false},"excerpt":{"rendered":"<p>\u00cen perioada 21 &#8211; 22\u00a0 Noiembrie 2026 voi continua cu nivelul doi al preg\u0103tirii profesionale pentru persoanele care doresc s\u0103\u00a0 devin\u0103 terapeu\u021bi autoriza\u021bi Phiessences sau propriii terapeu\u021bi, dar \u0219i terapeu\u021bii familiei \/ rudelor \/ prietenilor, &#8222;Terapeu\u021bii casei&#8221; . Invit cu drag toate persoanele care doresc s\u0103 porneasc\u0103 pe acest drum minunat \u00een care sus\u021binem persoanele &hellip; <a href=\"https:\/\/esentevibrationale.com\/?product=2-nivelul-2-esentele-bach-esente-pentru-dependente\" class=\"more-link\">Continu\u0103 lectura <span class=\"screen-reader-text\">2. Nivelul 2 \u2013 Esen\u021bele Bach + Esen\u021be pentru Dependen\u021be + Esen\u021be de Piramide<\/span> <span class=\"meta-nav\">&rarr;<\/span><\/a><\/p>\n","protected":false},"featured_media":13702,"template":"","meta":[],"product_brand":[],"product_cat":[80],"product_tag":[],"class_list":{"0":"post-13691","1":"product","2":"type-product","3":"status-publish","4":"has-post-thumbnail","6":"product_cat-cursuri-de-pregatire-profesionala-pentru-terapeuti","8":"first","9":"instock","10":"downloadable","11":"virtual","12":"purchasable","13":"product-type-simple"},"_links":{"self":[{"href":"https:\/\/esentevibrationale.com\/index.php?rest_route=\/wp\/v2\/product\/13691","targetHints":{"allow":["GET"]}}],"collection":[{"href":"https:\/\/esentevibrationale.com\/index.php?rest_route=\/wp\/v2\/product"}],"about":[{"href":"https:\/\/esentevibrationale.com\/index.php?rest_route=\/wp\/v2\/types\/product"}],"wp:featuredmedia":[{"embeddable":true,"href":"https:\/\/esentevibrationale.com\/index.php?rest_route=\/wp\/v2\/media\/13702"}],"wp:attachment":[{"href":"https:\/\/esentevibrationale.com\/index.php?rest_route=%2Fwp%2Fv2%2Fmedia&parent=13691"}],"wp:term":[{"taxonomy":"product_brand","embeddable":true,"href":"https:\/\/esentevibrationale.com\/index.php?rest_route=%2Fwp%2Fv2%2Fproduct_brand&post=13691"},{"taxonomy":"product_cat","embeddable":true,"href":"https:\/\/esentevibrationale.com\/index.php?rest_route=%2Fwp%2Fv2%2Fproduct_cat&post=13691"},{"taxonomy":"product_tag","embeddable":true,"href":"https:\/\/esentevibrationale.com\/index.php?rest_route=%2Fwp%2Fv2%2Fproduct_tag&post=13691"}],"curies":[{"name":"wp","href":"https:\/\/api.w.org\/{rel}","templated":true}]}}