{"id":13694,"date":"2022-11-21T04:35:08","date_gmt":"2022-11-21T02:35:08","guid":{"rendered":"https:\/\/esentevibrationale.com\/?post_type=product&#038;p=13694"},"modified":"2026-04-29T07:10:54","modified_gmt":"2026-04-29T04:10:54","slug":"3-nivelul-3-esentele-de-flori-salbatice-esentele-ciupercilor","status":"publish","type":"product","link":"https:\/\/esentevibrationale.com\/?product=3-nivelul-3-esentele-de-flori-salbatice-esentele-ciupercilor","title":{"rendered":"3. Nivelul 3 &#8211; Esen\u021bele Florilor S\u0103lbatice + Esen\u021bele Ciupercilor + Tratamentul T1 + Delph"},"content":{"rendered":"<div class=\"xdj266r x11i5rnm xat24cr x1mh8g0r x1vvkbs x126k92a\">\n<div dir=\"auto\">\u00cen perioada 20 &#8211; 21 martie 2027, voi continua cu nivelul trei al preg\u0103tirii profesionale pentru persoanele care doresc s\u0103 devin\u0103 terapeu\u021bi autoriza\u021bi Phiessences (persoanele care doresc s\u0103 porneasc\u0103 pe acest drum minunat, \u00een care sus\u021binem fiin\u021bele s\u0103 \u00ee\u0219i activeze puterile de auto-vindecare intrinsece \u0219i s\u0103 \u00ee\u0219i vindece definitiv traumele) sau <span class=\"x193iq5w xeuugli x13faqbe x1vvkbs x1xmvt09 x1lliihq x1s928wv xhkezso x1gmr53x x1cpjm7i x1fgarty x1943h6x xudqn12 x3x7a5m x6prxxf xvq8zen xo1l8bm xzsf02u x1yc453h\" dir=\"auto\">cei care doresc s\u0103 experimenteze for\u021ba energetic\u0103 a acestor esen\u021be minunate.<\/span><\/div>\n<div dir=\"auto\">Sunt 10 locuri disponibile.<\/div>\n<\/div>\n<div class=\"x11i5rnm xat24cr x1mh8g0r x1vvkbs xtlvy1s x126k92a\">\n<div dir=\"auto\">\n<p>Vom discuta \u0219i vom experimenta Esen\u021bele Ciupercilor, Esen\u021bele Florilor S\u0103lbatice \u0219i Plantelor Aromatizate de pe trei continente (Europa, Africa \u0219i America de Sud).<\/p>\n<p>Totodat\u0103, vom experimenta for\u021ba de purificare al tratamentului T1 + Delph. Acest tratament purific\u0103 energetic organismul dup\u0103 ce a fot expus razelor X, WI-FI sau altor radia\u021bii d\u0103un\u0103toare. .<\/p>\n<p>Toate esen\u021bele Phiessences create de c\u0103tre Andreas Korte cu ajutorului metodei cristalului.<\/p>\n<\/div>\n<div dir=\"auto\">Astfel esen\u021bele sunt create f\u0103r\u0103 ca florile\/plantele\/ciupercile s\u0103 fie t\u0103iate\/rupte \u0219i \u00een modul acesta esen\u021bele con\u021bin energia pur\u0103 a florilor\/plantelor\/ ciupercilor respective, f\u0103r\u0103 a exista informa\u021bia durerii.<\/div>\n<div dir=\"auto\"><\/div>\n<\/div>\n<div dir=\"auto\">\n<p><strong>Vineri 19 Martie va avea loc o sesiune HLT<sup>\u00ae<\/sup>\u00a0 \u2013 Terapia Holistic\u0103 cu Lumin\u0103.<\/strong><\/p>\n<p>Aceast\u0103 terapie combin\u0103 efectele benefice ale Luminii, Culorilor, Sunetelor Vindec\u0103toare \u0219i Esen\u021belor Vibra\u021bionale \u0219i ac\u021bioneaz\u0103 energetic. HLT ac\u021bioneaz\u0103 \u00eentr-un mod pozitiv \u00een procesele psihosomatice \u0219i \u00een cazul anxiet\u0103\u021bii, fricii, atacurilor de panic\u0103, depresiei, stresului, epuiz\u0103rii, colapsului, cre\u0219te stima de sine, activeaz\u0103 \u0219i accelereaz\u0103 procesele de auto-vindecare dup\u0103 o interven\u021bie chirurgical\u0103 sau alte proceduri medicale (implanturi sau extrac\u021bii dentare), ne detoxific\u0103 organismul (dup\u0103 radio, chimio terapie, raze X), ajut\u0103 la tratarea dependen\u021belor de substan\u021be chimice precum nicotina \u0219i alte substan\u021be recreative, sus\u021bine sistemul nostru imunitar, aceasta este foarte util\u0103 \u00een perioada prenatal\u0103 \u0219i postnatal\u0103, de asemenea, \u00eembun\u0103t\u0103\u021be\u0219te pielea.<\/p>\n<p><em><strong>Costul terapiei \u00eencepe de la 90 euro \u00een func\u021bie de cauza\/cauzele care genereaz\u0103 afec\u021biunea.<\/strong><\/em><\/p>\n<p><strong>Exist\u0103 urm\u0103toarele proceduri ale sistemului HLT \u00ae:<\/strong><\/p>\n<p>\ud83d\udc2cTerapie \u00een cazul chimioterapiei, radioterapiei, radia\u021biilor (Cernob\u00eel) sau expunere la raze \u201cX\u201d<\/p>\n<p>\ud83d\udc2cTerapie \u00een cazul diferitelor dependen\u021belor (fumatul)<\/p>\n<p>\ud83d\udc2cTerapie \u00een cazul primului ajutor (dup\u0103 r\u0103zboi, dezastre naturale-uragane, cutremure, tornade, radioactivitate, \u0219oc, traum\u0103, abuz sexual, fric\u0103, dezn\u0103dejde<\/p>\n<p>\ud83d\udc2cTerapie General\u0103<\/p>\n<p>Terapie dup\u0103 o interven\u021bie chirurgical\u0103<\/p>\n<p>\ud83d\udc2cTerapie prenatal\u0103 \u0219i postnatal\u0103<\/p>\n<p>\ud83d\udc2c Terapie pentru animale<\/p>\n<p>\ud83d\udc2cTerapie pentru culturi agrare<\/p>\n<p>\u00censcrierea este 600 lei \u0219i se face <strong><em>p\u00e2n\u0103 pe data de 16.03.2027<\/em><\/strong><\/p>\n<p>De asemenea, exist\u0103 \u0219i posibilitatea de a participa o singur\u0103 zi \u0219i contribu\u021bia este 350 lei.<\/p>\n<p><strong>Rezervarea trebuie s\u0103 fie \u00een form\u0103 scris\u0103 \u0219i este obligatorie.<\/strong><\/p>\n<p>Nume:<\/p>\n<p>Adres\u0103:<\/p>\n<p>Tel .:<\/p>\n<p>e-mail:<\/p>\n<p>Data:<\/p>\n<p>Semn\u0103tura:<\/p>\n<p><strong><em>Pentru a avea locul cursul este necesar s\u0103 fie \u00eenscrise minim 5 persoane.<\/em><\/strong><\/p>\n<p><strong><em>\u00cen cazul \u00een care cursul nu se \u021bine, din cauza unui num\u0103r mai mic de participan\u021bi <\/em><\/strong><strong><em>\u00eenscri\u0219i<\/em><\/strong><strong><em>, persoanelor \u00eenscrise<\/em><\/strong><strong><em>\u00a0li se va returna integral taxa de \u00eenscriere.<\/em><\/strong><\/p>\n<p><strong><span style=\"color: #ff0000;\">Politica de anulare:<\/span> <em>Renun\u021barea la participare trebuie anun\u021bat\u0103 cu minimum 7 zile calendaristice \u00eenainte de 20.03.2027 \u0219i \u00een acest caz se va rambursa 50% din taxa de curs. Dup\u0103 aceast\u0103 perioad\u0103 nu se mai fac ramburs\u0103ri, \u00eens\u0103 dreptul de participare poate fi transferat c\u0103tre o alt\u0103 persoan\u0103.<\/em><\/strong><\/p>\n<p><strong><em>Pentru a avea locul cursul este necesar s\u0103 fie \u00eenscrise minim 5 persoane.<\/em><\/strong><\/p>\n<p><strong><em>\u00cen cazul \u00een care cursul nu se \u021bine, din cauza unui num\u0103r mic de participan\u021bi \u00a0\u00eenscri\u0219i, persoanelor \u00eenscrise li se va returna integral taxa de \u00eenscriere.<\/em><\/strong><\/p>\n<p>Sumele de 600 lei,\u00a0 respectiv 350 lei, se achit\u0103 \u00een contul societ\u0103\u021bii SC ARASIT LOGISTIC SRL,<strong> la descriere am rug\u0103mintea s\u0103 completa\u021bi curs nivel III &#8211;\u00a0 Esen\u021bele Florilor S\u0103lbatice + Esen\u021bele Ciupercilor + Tratamentul T1+Delph:<\/strong><\/p>\n<p>SC ARASIT LOGISTIC SRL<\/p>\n<p>Nr.ord.reg. com. \/an J29\/821\/2006<\/p>\n<p>C.I.F: 18582173<\/p>\n<p>Sediul: Ploie\u0219ti, str. G\u0103geni, nr. 34, Jude\u021bul Prahova<\/p>\n<p>\u00een contul:<\/p>\n<p>Cod IBAN RO46REVO0000347902006326<\/p>\n<p>Revolut \/ Libra Bank<\/p>\n<\/div>\n","protected":false},"excerpt":{"rendered":"<p>\u00cen perioada 20 &#8211; 21 martie 2027, voi continua cu nivelul trei al preg\u0103tirii profesionale pentru persoanele care doresc s\u0103 devin\u0103 terapeu\u021bi autoriza\u021bi Phiessences (persoanele care doresc s\u0103 porneasc\u0103 pe acest drum minunat, \u00een care sus\u021binem fiin\u021bele s\u0103 \u00ee\u0219i activeze puterile de auto-vindecare intrinsece \u0219i s\u0103 \u00ee\u0219i vindece definitiv traumele) sau cei care doresc s\u0103 &hellip; <a href=\"https:\/\/esentevibrationale.com\/?product=3-nivelul-3-esentele-de-flori-salbatice-esentele-ciupercilor\" class=\"more-link\">Continu\u0103 lectura <span class=\"screen-reader-text\">3. Nivelul 3 &#8211; Esen\u021bele Florilor S\u0103lbatice + Esen\u021bele Ciupercilor + Tratamentul T1 + Delph<\/span> <span class=\"meta-nav\">&rarr;<\/span><\/a><\/p>\n","protected":false},"featured_media":13701,"template":"","meta":[],"product_brand":[],"product_cat":[80],"product_tag":[],"class_list":{"0":"post-13694","1":"product","2":"type-product","3":"status-publish","4":"has-post-thumbnail","6":"product_cat-cursuri-de-pregatire-profesionala-pentru-terapeuti","8":"first","9":"instock","10":"downloadable","11":"virtual","12":"purchasable","13":"product-type-simple"},"_links":{"self":[{"href":"https:\/\/esentevibrationale.com\/index.php?rest_route=\/wp\/v2\/product\/13694","targetHints":{"allow":["GET"]}}],"collection":[{"href":"https:\/\/esentevibrationale.com\/index.php?rest_route=\/wp\/v2\/product"}],"about":[{"href":"https:\/\/esentevibrationale.com\/index.php?rest_route=\/wp\/v2\/types\/product"}],"wp:featuredmedia":[{"embeddable":true,"href":"https:\/\/esentevibrationale.com\/index.php?rest_route=\/wp\/v2\/media\/13701"}],"wp:attachment":[{"href":"https:\/\/esentevibrationale.com\/index.php?rest_route=%2Fwp%2Fv2%2Fmedia&parent=13694"}],"wp:term":[{"taxonomy":"product_brand","embeddable":true,"href":"https:\/\/esentevibrationale.com\/index.php?rest_route=%2Fwp%2Fv2%2Fproduct_brand&post=13694"},{"taxonomy":"product_cat","embeddable":true,"href":"https:\/\/esentevibrationale.com\/index.php?rest_route=%2Fwp%2Fv2%2Fproduct_cat&post=13694"},{"taxonomy":"product_tag","embeddable":true,"href":"https:\/\/esentevibrationale.com\/index.php?rest_route=%2Fwp%2Fv2%2Fproduct_tag&post=13694"}],"curies":[{"name":"wp","href":"https:\/\/api.w.org\/{rel}","templated":true}]}}