{"id":13716,"date":"2022-11-26T03:42:01","date_gmt":"2022-11-26T01:42:01","guid":{"rendered":"https:\/\/esentevibrationale.com\/?post_type=product&#038;p=13716"},"modified":"2026-04-29T07:01:48","modified_gmt":"2026-04-29T04:01:48","slug":"curs-terapia-holistica-cu-lumina-hlt","status":"publish","type":"product","link":"https:\/\/esentevibrationale.com\/?product=curs-terapia-holistica-cu-lumina-hlt","title":{"rendered":"Curs Terapia Holistic\u0103 cu Lumin\u0103 HLT\u00ae \u0219i Esen\u021bele Oceanice 27-28 Iunie 2026"},"content":{"rendered":"<div dir=\"auto\">\n<p><img loading=\"lazy\" decoding=\"async\" class=\"alignnone wp-image-14761\" src=\"https:\/\/esentevibrationale.com\/wp-content\/uploads\/2022\/11\/add-Andreas-2026-5_page-0001-212x300.jpg\" alt=\"\" width=\"600\" height=\"849\" srcset=\"https:\/\/esentevibrationale.com\/wp-content\/uploads\/2022\/11\/add-Andreas-2026-5_page-0001-212x300.jpg 212w, https:\/\/esentevibrationale.com\/wp-content\/uploads\/2022\/11\/add-Andreas-2026-5_page-0001-724x1024.jpg 724w, https:\/\/esentevibrationale.com\/wp-content\/uploads\/2022\/11\/add-Andreas-2026-5_page-0001-768x1087.jpg 768w, https:\/\/esentevibrationale.com\/wp-content\/uploads\/2022\/11\/add-Andreas-2026-5_page-0001-1085x1536.jpg 1085w, https:\/\/esentevibrationale.com\/wp-content\/uploads\/2022\/11\/add-Andreas-2026-5_page-0001-300x425.jpg 300w, https:\/\/esentevibrationale.com\/wp-content\/uploads\/2022\/11\/add-Andreas-2026-5_page-0001.jpg 1240w\" sizes=\"auto, (max-width: 600px) 100vw, 600px\" \/><\/p>\n<p>V\u0103 anun\u021b cu bucurie \u00een suflet c\u0103<strong> Andreas Korte<\/strong> revine \u00een Rom\u00e2nia \u0219i va sus\u021bine un curs \u00een perioada <strong>27 &#8211; 28 iunie 2026<\/strong> \u00een <strong>Constan\u021ba<\/strong> cu tematicile urm\u0103toare: <strong>Esen\u021bele Oceanice<\/strong> \u0219i <strong>Terapia Holistic\u0103 cu Lumin\u0103<\/strong>.<\/p>\n<p><strong>Luni 29 iunie, <\/strong>\u00een prima parte a zilei,\u00a0<strong>va avea loc o sesiune HLT<sup>\u00ae <\/sup>&#8211;\u00a0 90 euro. T<\/strong><strong>oate locurile sunt<\/strong><strong> ocupate.<\/strong><\/p>\n<p>Cine este Andreas Korte?<\/p>\n<p><em>Andreas Korte este un prestigios biolog \u0219i cercet\u0103tor german \u0219i persoana care elaboreaz\u0103 esen\u021bele Korte PHI Essences.\u00a0 Este \u0219i un ecologist convins, implic\u00e2nd-se activ \u00een mai multe campanii de protejare a mediului &#8211; protec\u021bia p\u0103durilor tropicale, cur\u0103\u021barea mediului \u00eenconjur\u0103tor \u0219i al apelor.<\/em><\/p>\n<p>Dup\u0103 formarea la \u0218coala de \u0218tiin\u021be Agricole a studiat \u00een Aix \u2013 Provence, \u00een anul 1984 a \u00eenceput s\u0103 elaboreze primele esen\u021be florale. A dezvoltat o noua procedur\u0103 de a colecta\u00a0 energiile florilor, gemelor, metalelor, animalelor, crop circle \u0219i de a crea esen\u021bele cu ajutorul energiilor lor, denumit\u0103 <strong>\u201cmetoda original\u0103 de produc\u021bie cu cristale\u201d<\/strong>.<\/p>\n<p>\u00cen anul 1989 fost elaborat\u0103 prima esen\u021b\u0103 de orhidee din regiunea Amazonului \u0219i \u00een anul 1991 a fost elaborat\u0103 prima esen\u021b\u0103 Delfin la nivel mondial, \u00een habitatul lor natural f\u0103r\u0103 a-i deranja sau afecta. \u00cencep\u00e2nd cu anul 1996 a \u00eenceput s\u0103 lucreze cu Crop circle stoc\u00e2nd informa\u021biile luminoase ale acestora sub forma esen\u021belor.<em>\u00a0 \u00a0Esen\u021bele lucreaz\u0103 holistic mai \u00een profunzime dizolv\u00e2nd r\u0103d\u0103cinile ascunse ale conflictelor interioare \u0219i apoi ne sprijin\u0103 \u0219i ne \u00eenso\u021besc \u00een evolu\u021bia noastr\u0103 permanent\u0103. <\/em><\/p>\n<p>\u00cencep\u00e2nd cu anul 2000 p\u00e2n\u0103 \u00een prezent Mr. Korte a creat un tratament de vindecare \/echilibrare energetic\u0103, unic \u00een \u00eentreaga lume, numit Tratamentul Holistic cu Lumin\u0103, Culoare, Sunet \u0219i Esen\u021be Vibra\u0163ionale transmise c\u0103tre un organism \u2013 HLT<sup>\u00ae<\/sup>.\u00a0 Acesta sus\u021bine armonizarea corpului, min\u021bii \u0219i a spiritului. Astfel, vibra\u021bia fiec\u0103rei fiin\u021be cre\u0219te, prin activarea diferitelor meridiane \u0219i Chakre , \u00eenc\u0103rc\u00e2nd \u0219i revigor\u00e2nd celulele cu lumina \u0219i energia necesar\u0103 \u0219i prin urmare, organismului \u00ee\u0219i poate activa procesele de auto-vindecare. Totul este conectat cu energia Divin\u0103 \u0219i cu Mama P\u0103m\u00e2nt.<\/p>\n<\/div>\n<div dir=\"auto\">\n<p><strong>Ce se \u00eent\u00e2mpl\u0103 \u00een acest curs?<\/strong><\/p>\n<p><strong><em>Ziua 1 &#8211; S\u00e2mb\u0103t\u0103\u00a0 \u00een intervalul orar\u00a0 14.00 &#8211; 19.00<\/em><\/strong><\/p>\n<p>Vom experimenta energia Esen\u021belor Oceanice \u0219i ne vom scufunda profund \u00een subcon\u0219tientul nostru \u0219i vom activa regenerarea celular\u0103.<\/p>\n<p>Tot ceea ce ruleaz\u0103 \u00een subcon\u0219tientul nostru, mo\u0219tenim pe linie personal\u0103, familial\u0103, etnic\u0103, uman\u0103 \u0219i biologic\u0103, ne influen\u021beaz\u0103 vie\u021bile \u0219i ne condi\u021bioneaz\u0103 evolu\u021bia personal\u0103. Dac\u0103 nu rezolv\u0103m acest aspect, totul se repeta constant provoc\u00e2nd durere \u0219i nefericire. Aici, Esen\u021bele Oceanice vin \u00een sprijinul nostru \u0219i ne pot sus\u021bine at\u00e2t regenerarea celular\u0103 profund\u0103, c\u00e2t \u0219i \u00een con\u0219tientizarea, transformarea \u0219i eliberarea tuturor poverile pe cale le purt\u0103m de at\u00e2ta vreme.<\/p>\n<p><strong><em>Ziua 2 &#8211; Duminic\u0103 \u00een intervalul orar\u00a0 10.00 &#8211; 17.00\u00a0<\/em><\/strong><\/p>\n<\/div>\n<p>Vom \u00eenv\u0103\u021b\u0103m despre procedura \u0219i metoda HLT<sup>\u00ae\u00a0<\/sup>\u0219i despre multiplele beneficii pe care le are: poate ajuta la detoxificarea organismului, reechilibrare energetic\u0103, lucreaz\u0103 \u00een procesul psihosomatic, sus\u021bine stima de sine, lucreaz\u0103 \u00een mod pozitiv \u00een cazul atacurilor de panic\u0103, anxiet\u0103\u021bii, depresiei, stresului, activeaz\u0103 poten\u021bialul de auto-vindecare al organismului nostru \u0219i accelereaz\u0103 vindecarea dup\u0103 interven\u021biile chirurgicale sau alte proceduri medicale (implanturi sau extrac\u021bii dentare)\u00a0 benefic \u00een perioada prenatal\u0103 \u0219i postnatal\u0103, ajut\u0103 \u00een cazul anumitor dependen\u021be \u2013 nicotina \u0219i a altor substan\u021be recreative, \u00eembun\u0103t\u0103\u021be\u0219te pielea \u0219i \u00eent\u0103re\u0219te energetic sistemul imunitar al organismului.<\/p>\n<p>Ce protocoale se pot face cu HLT<sup>\u00ae\u00a0<\/sup><\/p>\n<p>De asemenea, vom experiment\u0103m efectele benefice ale luminii, esen\u021belor vibra\u021bionale, culorilor \u0219i sunetelor t\u0103m\u0103duitoare.<\/p>\n<p><strong><em>&#8211; Sf\u00e2r\u0219itul Cursului &#8211; <\/em><\/strong><\/p>\n<p><strong><em>Taxa de \u00eenscriere <\/em><\/strong>\u00a0<strong>este<\/strong> <strong><em>1100<\/em><\/strong> <strong><em>lei p\u00e2n\u0103 la data de 10.05.2026 \u0219i 1200 lei p\u00e2n\u0103 la 23.06.2026. To\u021bi Terapeu\u021bii HLT<sup>\u00ae<\/sup> au discount de 10% indiferent de data \u00eenscrierii.<\/em><\/strong><\/p>\n<p>Exist\u0103 \u0219i posibilitatea de a participa o singur\u0103 zi \u0219i contribu\u021bia este 650 lei.<\/p>\n<p><strong>\u00censcrierea trebuie s\u0103 fie \u00een form\u0103 scris\u0103 \u0219i este necesara.<\/strong><\/p>\n<p>Nume:\u00a0\u00a0\u00a0 ______________________________________________________<\/p>\n<p>Adres\u0103:\u00a0 ______________________________________________________<\/p>\n<p>______________________________________________________<\/p>\n<p>Tel.:\u00a0 \u00a0\u00a0\u00a0\u00a0______________________________________________________<\/p>\n<p>E-mail: \u00a0______________________________________________________<\/p>\n<p><em><strong><span style=\"color: #ff0000;\">Politica de anulare: <\/span><\/strong>Renun\u021barea la participare trebuie anun\u021bat\u0103 cu minimum 7 zile calendaristice \u00eenainte de 27.06.2026 \u0219i, \u00een acest caz, se va rambursa 50% din taxa de curs. Dup\u0103 aceast\u0103 perioad\u0103 nu se mai fac ramburs\u0103ri, \u00eens\u0103 dreptul de participare poate fi transferat c\u0103tre o alt\u0103 persoan\u0103.<\/em><\/p>\n<p>Taxa de \u00eenscriere se achit\u0103 \u00een contul societ\u0103\u021bii:<\/p>\n<p>SC ARASIT LOGISTIC SRL<\/p>\n<p>Nr.ord.reg. com. \/an J29\/821\/2006<\/p>\n<p>C.I.F: 18582173<\/p>\n<p>Sediul: Ploie\u0219ti, str. G\u0103geni, nr. 34, Jude\u021bul Prahova<\/p>\n<p>\u00cen contul: RO46REVO0000347902006326<\/p>\n<p>Libra Bank<\/p>\n<p>Data:\u00a0 _________________\u00a0\u00a0\u00a0\u00a0\u00a0\u00a0\u00a0\u00a0\u00a0\u00a0\u00a0\u00a0\u00a0\u00a0\u00a0\u00a0 \u00a0\u00a0\u00a0\u00a0\u00a0Semn\u0103tura:\u00a0 _____________________<\/p>\n<p>&nbsp;<\/p>\n<p>&nbsp;<\/p>\n<p>&nbsp;<\/p>\n<p>&nbsp;<\/p>\n","protected":false},"excerpt":{"rendered":"<p>V\u0103 anun\u021b cu bucurie \u00een suflet c\u0103 Andreas Korte revine \u00een Rom\u00e2nia \u0219i va sus\u021bine un curs \u00een perioada 27 &#8211; 28 iunie 2026 \u00een Constan\u021ba cu tematicile urm\u0103toare: Esen\u021bele Oceanice \u0219i Terapia Holistic\u0103 cu Lumin\u0103. Luni 29 iunie, \u00een prima parte a zilei,\u00a0va avea loc o sesiune HLT\u00ae &#8211;\u00a0 90 euro. Toate locurile sunt &hellip; <a href=\"https:\/\/esentevibrationale.com\/?product=curs-terapia-holistica-cu-lumina-hlt\" class=\"more-link\">Continu\u0103 lectura <span class=\"screen-reader-text\">Curs Terapia Holistic\u0103 cu Lumin\u0103 HLT\u00ae \u0219i Esen\u021bele Oceanice 27-28 Iunie 2026<\/span> <span class=\"meta-nav\">&rarr;<\/span><\/a><\/p>\n","protected":false},"featured_media":14761,"template":"","meta":[],"product_brand":[],"product_cat":[80],"product_tag":[],"class_list":{"0":"post-13716","1":"product","2":"type-product","3":"status-publish","4":"has-post-thumbnail","6":"product_cat-cursuri-de-pregatire-profesionala-pentru-terapeuti","8":"first","9":"instock","10":"downloadable","11":"shipping-taxable","12":"purchasable","13":"product-type-simple"},"_links":{"self":[{"href":"https:\/\/esentevibrationale.com\/index.php?rest_route=\/wp\/v2\/product\/13716","targetHints":{"allow":["GET"]}}],"collection":[{"href":"https:\/\/esentevibrationale.com\/index.php?rest_route=\/wp\/v2\/product"}],"about":[{"href":"https:\/\/esentevibrationale.com\/index.php?rest_route=\/wp\/v2\/types\/product"}],"wp:featuredmedia":[{"embeddable":true,"href":"https:\/\/esentevibrationale.com\/index.php?rest_route=\/wp\/v2\/media\/14761"}],"wp:attachment":[{"href":"https:\/\/esentevibrationale.com\/index.php?rest_route=%2Fwp%2Fv2%2Fmedia&parent=13716"}],"wp:term":[{"taxonomy":"product_brand","embeddable":true,"href":"https:\/\/esentevibrationale.com\/index.php?rest_route=%2Fwp%2Fv2%2Fproduct_brand&post=13716"},{"taxonomy":"product_cat","embeddable":true,"href":"https:\/\/esentevibrationale.com\/index.php?rest_route=%2Fwp%2Fv2%2Fproduct_cat&post=13716"},{"taxonomy":"product_tag","embeddable":true,"href":"https:\/\/esentevibrationale.com\/index.php?rest_route=%2Fwp%2Fv2%2Fproduct_tag&post=13716"}],"curies":[{"name":"wp","href":"https:\/\/api.w.org\/{rel}","templated":true}]}}