{"id":1373,"date":"2018-11-12T11:08:53","date_gmt":"2018-11-12T10:08:53","guid":{"rendered":"https:\/\/phiessences.com\/Romania\/?post_type=product&#038;p=1373"},"modified":"2026-01-01T18:43:22","modified_gmt":"2026-01-01T16:43:22","slug":"crab-crab","status":"publish","type":"product","link":"https:\/\/esentevibrationale.com\/?product=crab-crab","title":{"rendered":"Crab \/ Crab"},"content":{"rendered":"<p><strong>(Grapsus grapsus) <\/strong><\/p>\n<p>Pentru persoanele care sunt \u00eenchise fa\u0163\u0103 de alte persoane \u015fi se retrag \u00een interiorul cochiliei lor. Oamenii foarte precai\u0163i, speria\u0163i pot fi ajuta\u0163i de aceast\u0103 esen\u0163\u0103. Pe de alt\u0103 parte, ne poate ajut\u0103 pe noi, \u00een acela\u015fi timp, s\u0103 recunoa\u015ftem c\u00e2nd pericolele reale sosesc, atunci c\u00e2nd avem \u00eentr-adev\u0103r nevoie s\u0103 ne retragem \u00een siguran\u0163\u0103. Ne ajut\u0103 s\u0103 c\u00e2nt\u0103rim avantajele unei situa\u0163ii.<\/p>\n","protected":false},"excerpt":{"rendered":"<p>(Grapsus grapsus) Pentru persoanele care sunt \u00eenchise fa\u0163\u0103 de alte persoane \u015fi se retrag \u00een interiorul cochiliei lor. Oamenii foarte precai\u0163i, speria\u0163i pot fi ajuta\u0163i de aceast\u0103 esen\u0163\u0103. Pe de alt\u0103 parte, ne poate ajut\u0103 pe noi, \u00een acela\u015fi timp, s\u0103 recunoa\u015ftem c\u00e2nd pericolele reale sosesc, atunci c\u00e2nd avem \u00eentr-adev\u0103r nevoie s\u0103 ne retragem \u00een &hellip; <a href=\"https:\/\/esentevibrationale.com\/?product=crab-crab\" class=\"more-link\">Continu\u0103 lectura <span class=\"screen-reader-text\">Crab \/ Crab<\/span> <span class=\"meta-nav\">&rarr;<\/span><\/a><\/p>\n","protected":false},"featured_media":1376,"template":"","meta":[],"product_brand":[],"product_cat":[43],"product_tag":[],"class_list":{"0":"post-1373","1":"product","2":"type-product","3":"status-publish","4":"has-post-thumbnail","6":"product_cat-esente-marine","7":"pa_size-15ml","8":"pa_size-30ml","10":"first","11":"instock","12":"shipping-taxable","13":"purchasable","14":"product-type-variable","15":"has-default-attributes"},"_links":{"self":[{"href":"https:\/\/esentevibrationale.com\/index.php?rest_route=\/wp\/v2\/product\/1373","targetHints":{"allow":["GET"]}}],"collection":[{"href":"https:\/\/esentevibrationale.com\/index.php?rest_route=\/wp\/v2\/product"}],"about":[{"href":"https:\/\/esentevibrationale.com\/index.php?rest_route=\/wp\/v2\/types\/product"}],"wp:featuredmedia":[{"embeddable":true,"href":"https:\/\/esentevibrationale.com\/index.php?rest_route=\/wp\/v2\/media\/1376"}],"wp:attachment":[{"href":"https:\/\/esentevibrationale.com\/index.php?rest_route=%2Fwp%2Fv2%2Fmedia&parent=1373"}],"wp:term":[{"taxonomy":"product_brand","embeddable":true,"href":"https:\/\/esentevibrationale.com\/index.php?rest_route=%2Fwp%2Fv2%2Fproduct_brand&post=1373"},{"taxonomy":"product_cat","embeddable":true,"href":"https:\/\/esentevibrationale.com\/index.php?rest_route=%2Fwp%2Fv2%2Fproduct_cat&post=1373"},{"taxonomy":"product_tag","embeddable":true,"href":"https:\/\/esentevibrationale.com\/index.php?rest_route=%2Fwp%2Fv2%2Fproduct_tag&post=1373"}],"curies":[{"name":"wp","href":"https:\/\/api.w.org\/{rel}","templated":true}]}}