{"id":13792,"date":"2022-12-12T12:03:52","date_gmt":"2022-12-12T10:03:52","guid":{"rendered":"https:\/\/esentevibrationale.com\/?post_type=product&#038;p=13792"},"modified":"2024-12-23T18:50:51","modified_gmt":"2024-12-23T16:50:51","slug":"231-devizes-231-devizes","status":"publish","type":"product","link":"https:\/\/esentevibrationale.com\/?product=231-devizes-231-devizes","title":{"rendered":"231.) Devizes \/ 231.) Devizes"},"content":{"rendered":"<p><img loading=\"lazy\" decoding=\"async\" class=\"alignnone size-medium wp-image-13870\" src=\"https:\/\/esentevibrationale.com\/wp-content\/uploads\/2022\/12\/231-101x300.jpg\" alt=\"\" width=\"101\" height=\"300\" srcset=\"https:\/\/esentevibrationale.com\/wp-content\/uploads\/2022\/12\/231-101x300.jpg 101w, https:\/\/esentevibrationale.com\/wp-content\/uploads\/2022\/12\/231.jpg 400w\" sizes=\"auto, (max-width: 101px) 100vw, 101px\" \/><\/p>\n<p>&nbsp;<\/p>\n<p><span class=\"Y2IQFc\" lang=\"ro\">Foto: Steve Alexander <\/span><\/p>\n<p><span class=\"Y2IQFc\" lang=\"ro\">Esen\u021ba ne ajut\u0103 s\u0103 vedem c\u0103 nu exist\u0103 doar alb \u0219i negru, ci multe nuan\u021be de gri \u00eentre ele. Totul este legat de tot. Esen\u021ba ne ajut\u0103 s\u0103 dep\u0103\u0219im g\u00e2ndirea polarit\u0103\u021bii. Recunoa\u0219tem diversitatea vie\u021bii \u00een toate varia\u021biile ei \u0219i c\u0103 una o include \u00eentotdeauna pe cealalt\u0103, c\u0103 totul este una.<\/span><\/p>\n","protected":false},"excerpt":{"rendered":"<p>&nbsp; Foto: Steve Alexander Esen\u021ba ne ajut\u0103 s\u0103 vedem c\u0103 nu exist\u0103 doar alb \u0219i negru, ci multe nuan\u021be de gri \u00eentre ele. Totul este legat de tot. Esen\u021ba ne ajut\u0103 s\u0103 dep\u0103\u0219im g\u00e2ndirea polarit\u0103\u021bii. Recunoa\u0219tem diversitatea vie\u021bii \u00een toate varia\u021biile ei \u0219i c\u0103 una o include \u00eentotdeauna pe cealalt\u0103, c\u0103 totul este una.<\/p>\n","protected":false},"featured_media":13793,"template":"","meta":[],"product_brand":[],"product_cat":[54],"product_tag":[],"class_list":{"0":"post-13792","1":"product","2":"type-product","3":"status-publish","4":"has-post-thumbnail","6":"product_cat-esentele-crete-cu-ajutorul-energiei-cercurilor-aparute-in-lanurile-de-recolte","7":"pa_size-15ml","8":"pa_size-30ml","10":"first","11":"instock","12":"shipping-taxable","13":"purchasable","14":"product-type-variable","15":"has-default-attributes"},"_links":{"self":[{"href":"https:\/\/esentevibrationale.com\/index.php?rest_route=\/wp\/v2\/product\/13792","targetHints":{"allow":["GET"]}}],"collection":[{"href":"https:\/\/esentevibrationale.com\/index.php?rest_route=\/wp\/v2\/product"}],"about":[{"href":"https:\/\/esentevibrationale.com\/index.php?rest_route=\/wp\/v2\/types\/product"}],"wp:featuredmedia":[{"embeddable":true,"href":"https:\/\/esentevibrationale.com\/index.php?rest_route=\/wp\/v2\/media\/13793"}],"wp:attachment":[{"href":"https:\/\/esentevibrationale.com\/index.php?rest_route=%2Fwp%2Fv2%2Fmedia&parent=13792"}],"wp:term":[{"taxonomy":"product_brand","embeddable":true,"href":"https:\/\/esentevibrationale.com\/index.php?rest_route=%2Fwp%2Fv2%2Fproduct_brand&post=13792"},{"taxonomy":"product_cat","embeddable":true,"href":"https:\/\/esentevibrationale.com\/index.php?rest_route=%2Fwp%2Fv2%2Fproduct_cat&post=13792"},{"taxonomy":"product_tag","embeddable":true,"href":"https:\/\/esentevibrationale.com\/index.php?rest_route=%2Fwp%2Fv2%2Fproduct_tag&post=13792"}],"curies":[{"name":"wp","href":"https:\/\/api.w.org\/{rel}","templated":true}]}}