{"id":13797,"date":"2022-12-12T12:07:41","date_gmt":"2022-12-12T10:07:41","guid":{"rendered":"https:\/\/esentevibrationale.com\/?post_type=product&#038;p=13797"},"modified":"2024-12-23T18:50:16","modified_gmt":"2024-12-23T16:50:16","slug":"13797","status":"publish","type":"product","link":"https:\/\/esentevibrationale.com\/?product=13797","title":{"rendered":"232.) Barbury Castle \/ 232.) Castelul Barbury"},"content":{"rendered":"<p><img loading=\"lazy\" decoding=\"async\" class=\"alignnone size-full wp-image-13799\" src=\"https:\/\/esentevibrationale.com\/wp-content\/uploads\/2022\/12\/232-chakre.jpg\" alt=\"\" width=\"101\" height=\"300\" \/><\/p>\n<p><span class=\"Y2IQFc\" lang=\"ro\">Foto: Steve Alexander <\/span><\/p>\n<p><span class=\"Y2IQFc\" lang=\"ro\">Este esen\u021ba transform\u0103rii. Ne reaminte\u0219te c\u0103 fiecare situa\u021bie se schimb\u0103 mereu. Mai ales \u00een situa\u021biile dificile, c\u00e2nd totul pare f\u0103r\u0103 speran\u021b\u0103, trebuie s\u0103 ne conect\u0103m cu lumina divin\u0103 a iubirii. A\u0219a cum forma\u021biunea a ap\u0103rut mai \u00eent\u00e2i \u00eentunecat\u0103 \u0219i apoi s-a luminat cu mai multe fa\u021bete, la fel se va schimba \u0219i con\u0219tiin\u021ba oamenilor. L\u0103comia \u0219i egoismul ne-au \u00eentunecat planeta. Acolo unde \u00eentunericul domne\u0219te \u0219i ast\u0103zi, m\u00e2ine lumina iubirii poate str\u0103luci \u0219i poate umple inimile oamenilor de speran\u021b\u0103.<\/span><\/p>\n","protected":false},"excerpt":{"rendered":"<p>Foto: Steve Alexander Este esen\u021ba transform\u0103rii. Ne reaminte\u0219te c\u0103 fiecare situa\u021bie se schimb\u0103 mereu. Mai ales \u00een situa\u021biile dificile, c\u00e2nd totul pare f\u0103r\u0103 speran\u021b\u0103, trebuie s\u0103 ne conect\u0103m cu lumina divin\u0103 a iubirii. A\u0219a cum forma\u021biunea a ap\u0103rut mai \u00eent\u00e2i \u00eentunecat\u0103 \u0219i apoi s-a luminat cu mai multe fa\u021bete, la fel se va schimba \u0219i &hellip; <a href=\"https:\/\/esentevibrationale.com\/?product=13797\" class=\"more-link\">Continu\u0103 lectura <span class=\"screen-reader-text\">232.) Barbury Castle \/ 232.) Castelul Barbury<\/span> <span class=\"meta-nav\">&rarr;<\/span><\/a><\/p>\n","protected":false},"featured_media":13798,"template":"","meta":[],"product_brand":[],"product_cat":[54],"product_tag":[],"class_list":{"0":"post-13797","1":"product","2":"type-product","3":"status-publish","4":"has-post-thumbnail","6":"product_cat-esentele-crete-cu-ajutorul-energiei-cercurilor-aparute-in-lanurile-de-recolte","7":"pa_size-15ml","8":"pa_size-30ml","10":"first","11":"instock","12":"shipping-taxable","13":"purchasable","14":"product-type-variable","15":"has-default-attributes"},"_links":{"self":[{"href":"https:\/\/esentevibrationale.com\/index.php?rest_route=\/wp\/v2\/product\/13797","targetHints":{"allow":["GET"]}}],"collection":[{"href":"https:\/\/esentevibrationale.com\/index.php?rest_route=\/wp\/v2\/product"}],"about":[{"href":"https:\/\/esentevibrationale.com\/index.php?rest_route=\/wp\/v2\/types\/product"}],"wp:featuredmedia":[{"embeddable":true,"href":"https:\/\/esentevibrationale.com\/index.php?rest_route=\/wp\/v2\/media\/13798"}],"wp:attachment":[{"href":"https:\/\/esentevibrationale.com\/index.php?rest_route=%2Fwp%2Fv2%2Fmedia&parent=13797"}],"wp:term":[{"taxonomy":"product_brand","embeddable":true,"href":"https:\/\/esentevibrationale.com\/index.php?rest_route=%2Fwp%2Fv2%2Fproduct_brand&post=13797"},{"taxonomy":"product_cat","embeddable":true,"href":"https:\/\/esentevibrationale.com\/index.php?rest_route=%2Fwp%2Fv2%2Fproduct_cat&post=13797"},{"taxonomy":"product_tag","embeddable":true,"href":"https:\/\/esentevibrationale.com\/index.php?rest_route=%2Fwp%2Fv2%2Fproduct_tag&post=13797"}],"curies":[{"name":"wp","href":"https:\/\/api.w.org\/{rel}","templated":true}]}}