{"id":13807,"date":"2022-12-12T12:20:04","date_gmt":"2022-12-12T10:20:04","guid":{"rendered":"https:\/\/esentevibrationale.com\/?post_type=product&#038;p=13807"},"modified":"2024-12-23T18:49:03","modified_gmt":"2024-12-23T16:49:03","slug":"234-winchester-234-winchester","status":"publish","type":"product","link":"https:\/\/esentevibrationale.com\/?product=234-winchester-234-winchester","title":{"rendered":"234.) Winchester \/ 234.) Winchester"},"content":{"rendered":"<p><img loading=\"lazy\" decoding=\"async\" class=\"alignnone size-full wp-image-13811\" src=\"https:\/\/esentevibrationale.com\/wp-content\/uploads\/2022\/12\/234-chakre.jpg\" alt=\"\" width=\"101\" height=\"300\" \/><\/p>\n<p><span class=\"Y2IQFc\" lang=\"ro\">Foto: Steve Alexander <\/span><\/p>\n<p><span class=\"Y2IQFc\" lang=\"ro\">Cercurile formeaz\u0103 ca o form\u0103 de potcoav\u0103 cu un cerc central \u00een mijloc. Esen\u021ba ne stimuleaz\u0103 energetic puterile de auto-vindecare. <\/span><\/p>\n<p><span class=\"Y2IQFc\" lang=\"ro\">La nivel fizic, esen\u021ba stimuleaz\u0103 energetic celulele sa preia func\u021bia lor naturala. <\/span><\/p>\n<p><span class=\"Y2IQFc\" lang=\"ro\">La nivel emo\u021bional, ajut\u0103 oamenii \u00een situa\u021bii conflictuale. De asemenea, recunoa\u0219tem lumina interioar\u0103 \u00een omologul nostru \u0219i astfel \u00eenv\u0103\u021b\u0103m s\u0103 ne putem apropia din nou unul de cel\u0103lalt cu respect.<\/span><\/p>\n<p><span class=\"Y2IQFc\" lang=\"ro\"> \u00cen zonele de r\u0103zboi sau zonele de conflict, poate ajuta oamenii s\u0103-i recunoasc\u0103 pe ceilal\u021bi ca fiind creaturi ale lui Dumnezeu \u0219i s\u0103 recunoasc\u0103 \u0219i s\u0103 vad\u0103 mai bine prin manipul\u0103ri.<\/span><\/p>\n","protected":false},"excerpt":{"rendered":"<p>Foto: Steve Alexander Cercurile formeaz\u0103 ca o form\u0103 de potcoav\u0103 cu un cerc central \u00een mijloc. Esen\u021ba ne stimuleaz\u0103 energetic puterile de auto-vindecare. La nivel fizic, esen\u021ba stimuleaz\u0103 energetic celulele sa preia func\u021bia lor naturala. La nivel emo\u021bional, ajut\u0103 oamenii \u00een situa\u021bii conflictuale. De asemenea, recunoa\u0219tem lumina interioar\u0103 \u00een omologul nostru \u0219i astfel \u00eenv\u0103\u021b\u0103m s\u0103 &hellip; <a href=\"https:\/\/esentevibrationale.com\/?product=234-winchester-234-winchester\" class=\"more-link\">Continu\u0103 lectura <span class=\"screen-reader-text\">234.) Winchester \/ 234.) Winchester<\/span> <span class=\"meta-nav\">&rarr;<\/span><\/a><\/p>\n","protected":false},"featured_media":13810,"template":"","meta":[],"product_brand":[],"product_cat":[54],"product_tag":[],"class_list":{"0":"post-13807","1":"product","2":"type-product","3":"status-publish","4":"has-post-thumbnail","6":"product_cat-esentele-crete-cu-ajutorul-energiei-cercurilor-aparute-in-lanurile-de-recolte","7":"pa_size-15ml","8":"pa_size-30ml","10":"first","11":"instock","12":"shipping-taxable","13":"purchasable","14":"product-type-variable","15":"has-default-attributes"},"_links":{"self":[{"href":"https:\/\/esentevibrationale.com\/index.php?rest_route=\/wp\/v2\/product\/13807","targetHints":{"allow":["GET"]}}],"collection":[{"href":"https:\/\/esentevibrationale.com\/index.php?rest_route=\/wp\/v2\/product"}],"about":[{"href":"https:\/\/esentevibrationale.com\/index.php?rest_route=\/wp\/v2\/types\/product"}],"wp:featuredmedia":[{"embeddable":true,"href":"https:\/\/esentevibrationale.com\/index.php?rest_route=\/wp\/v2\/media\/13810"}],"wp:attachment":[{"href":"https:\/\/esentevibrationale.com\/index.php?rest_route=%2Fwp%2Fv2%2Fmedia&parent=13807"}],"wp:term":[{"taxonomy":"product_brand","embeddable":true,"href":"https:\/\/esentevibrationale.com\/index.php?rest_route=%2Fwp%2Fv2%2Fproduct_brand&post=13807"},{"taxonomy":"product_cat","embeddable":true,"href":"https:\/\/esentevibrationale.com\/index.php?rest_route=%2Fwp%2Fv2%2Fproduct_cat&post=13807"},{"taxonomy":"product_tag","embeddable":true,"href":"https:\/\/esentevibrationale.com\/index.php?rest_route=%2Fwp%2Fv2%2Fproduct_tag&post=13807"}],"curies":[{"name":"wp","href":"https:\/\/api.w.org\/{rel}","templated":true}]}}