{"id":1381,"date":"2018-11-12T11:28:28","date_gmt":"2018-11-12T10:28:28","guid":{"rendered":"https:\/\/phiessences.com\/Romania\/?post_type=product&#038;p=1381"},"modified":"2026-01-01T18:38:11","modified_gmt":"2026-01-01T16:38:11","slug":"slime-fish-catel-de-mare","status":"publish","type":"product","link":"https:\/\/esentevibrationale.com\/?product=slime-fish-catel-de-mare","title":{"rendered":"Blenny Sea \/ C\u0103\u0163el de Mare"},"content":{"rendered":"<p><strong>(Blenius snguinolentus) <\/strong><\/p>\n<p>Ajut\u0103 la eliberarea tensiunilor provocate de sentimentele neexprimate. Recomandat\u0103 pentru cei care stocheaz\u01ce emo\u0163iile lor, \u00een loc s\u0103 rezolve conflictele. Aceast\u0103 esen\u0163\u0103 restabile\u015fte ablit\u0103\u0163ile noastre de a aprecia sentimentele noastre adev\u0103rate \u015fi de a ne afirma pe noi \u00een\u015fine, atunci c\u00e2nd este necesar. Apoi, ne putem bucura de via\u0163\u0103.<\/p>\n","protected":false},"excerpt":{"rendered":"<p>(Blenius snguinolentus) Ajut\u0103 la eliberarea tensiunilor provocate de sentimentele neexprimate. Recomandat\u0103 pentru cei care stocheaz\u01ce emo\u0163iile lor, \u00een loc s\u0103 rezolve conflictele. Aceast\u0103 esen\u0163\u0103 restabile\u015fte ablit\u0103\u0163ile noastre de a aprecia sentimentele noastre adev\u0103rate \u015fi de a ne afirma pe noi \u00een\u015fine, atunci c\u00e2nd este necesar. Apoi, ne putem bucura de via\u0163\u0103.<\/p>\n","protected":false},"featured_media":1388,"template":"","meta":[],"product_brand":[],"product_cat":[43],"product_tag":[],"class_list":{"0":"post-1381","1":"product","2":"type-product","3":"status-publish","4":"has-post-thumbnail","6":"product_cat-esente-marine","7":"pa_size-15ml","8":"pa_size-30ml","10":"first","11":"instock","12":"shipping-taxable","13":"purchasable","14":"product-type-variable","15":"has-default-attributes"},"_links":{"self":[{"href":"https:\/\/esentevibrationale.com\/index.php?rest_route=\/wp\/v2\/product\/1381","targetHints":{"allow":["GET"]}}],"collection":[{"href":"https:\/\/esentevibrationale.com\/index.php?rest_route=\/wp\/v2\/product"}],"about":[{"href":"https:\/\/esentevibrationale.com\/index.php?rest_route=\/wp\/v2\/types\/product"}],"wp:featuredmedia":[{"embeddable":true,"href":"https:\/\/esentevibrationale.com\/index.php?rest_route=\/wp\/v2\/media\/1388"}],"wp:attachment":[{"href":"https:\/\/esentevibrationale.com\/index.php?rest_route=%2Fwp%2Fv2%2Fmedia&parent=1381"}],"wp:term":[{"taxonomy":"product_brand","embeddable":true,"href":"https:\/\/esentevibrationale.com\/index.php?rest_route=%2Fwp%2Fv2%2Fproduct_brand&post=1381"},{"taxonomy":"product_cat","embeddable":true,"href":"https:\/\/esentevibrationale.com\/index.php?rest_route=%2Fwp%2Fv2%2Fproduct_cat&post=1381"},{"taxonomy":"product_tag","embeddable":true,"href":"https:\/\/esentevibrationale.com\/index.php?rest_route=%2Fwp%2Fv2%2Fproduct_tag&post=1381"}],"curies":[{"name":"wp","href":"https:\/\/api.w.org\/{rel}","templated":true}]}}