{"id":13812,"date":"2022-12-12T12:26:29","date_gmt":"2022-12-12T10:26:29","guid":{"rendered":"https:\/\/esentevibrationale.com\/?post_type=product&#038;p=13812"},"modified":"2024-12-23T18:48:22","modified_gmt":"2024-12-23T16:48:22","slug":"235-froxfield-235-froxfield","status":"publish","type":"product","link":"https:\/\/esentevibrationale.com\/?product=235-froxfield-235-froxfield","title":{"rendered":"235.) Froxfield \/ 235.) Froxfield"},"content":{"rendered":"<p><img loading=\"lazy\" decoding=\"async\" class=\"alignnone size-full wp-image-13816\" src=\"https:\/\/esentevibrationale.com\/wp-content\/uploads\/2022\/12\/235-chakre.jpg\" alt=\"\" width=\"101\" height=\"300\" \/><\/p>\n<p><span class=\"Y2IQFc\" lang=\"ro\">Foto: Cercului din aer<\/span><\/p>\n<p><span class=\"Y2IQFc\" lang=\"ro\"> Cercul decupat arat\u0103 modele geometrice. Una rezult\u0103 din cealalt\u0103. Esen\u021ba ne ofer\u0103 o mai bun\u0103 con\u0219tientizare a principiului cauzei \u0219i efectului. \u00cenv\u0103\u021b\u0103m s\u0103 fim con\u0219tien\u021bi \u0219i s\u0103 ne folosim g\u00e2ndurile pentru a crea o nou\u0103 realitate. \u00cen acest fel \u00eenv\u0103\u021b\u0103m s\u0103 l\u0103s\u0103m \u00een urm\u0103 con\u0219tiin\u021ba victimei, s\u0103 ne dezvolt\u0103m con\u0219tient poten\u021bialul interior \u0219i s\u0103 ne cre\u0103m realitatea.<\/span><\/p>\n","protected":false},"excerpt":{"rendered":"<p>Foto: Cercului din aer Cercul decupat arat\u0103 modele geometrice. Una rezult\u0103 din cealalt\u0103. Esen\u021ba ne ofer\u0103 o mai bun\u0103 con\u0219tientizare a principiului cauzei \u0219i efectului. \u00cenv\u0103\u021b\u0103m s\u0103 fim con\u0219tien\u021bi \u0219i s\u0103 ne folosim g\u00e2ndurile pentru a crea o nou\u0103 realitate. \u00cen acest fel \u00eenv\u0103\u021b\u0103m s\u0103 l\u0103s\u0103m \u00een urm\u0103 con\u0219tiin\u021ba victimei, s\u0103 ne dezvolt\u0103m con\u0219tient poten\u021bialul &hellip; <a href=\"https:\/\/esentevibrationale.com\/?product=235-froxfield-235-froxfield\" class=\"more-link\">Continu\u0103 lectura <span class=\"screen-reader-text\">235.) Froxfield \/ 235.) Froxfield<\/span> <span class=\"meta-nav\">&rarr;<\/span><\/a><\/p>\n","protected":false},"featured_media":13813,"template":"","meta":[],"product_brand":[],"product_cat":[54],"product_tag":[],"class_list":{"0":"post-13812","1":"product","2":"type-product","3":"status-publish","4":"has-post-thumbnail","6":"product_cat-esentele-crete-cu-ajutorul-energiei-cercurilor-aparute-in-lanurile-de-recolte","7":"pa_size-15ml","8":"pa_size-30ml","10":"first","11":"instock","12":"shipping-taxable","13":"purchasable","14":"product-type-variable","15":"has-default-attributes"},"_links":{"self":[{"href":"https:\/\/esentevibrationale.com\/index.php?rest_route=\/wp\/v2\/product\/13812","targetHints":{"allow":["GET"]}}],"collection":[{"href":"https:\/\/esentevibrationale.com\/index.php?rest_route=\/wp\/v2\/product"}],"about":[{"href":"https:\/\/esentevibrationale.com\/index.php?rest_route=\/wp\/v2\/types\/product"}],"wp:featuredmedia":[{"embeddable":true,"href":"https:\/\/esentevibrationale.com\/index.php?rest_route=\/wp\/v2\/media\/13813"}],"wp:attachment":[{"href":"https:\/\/esentevibrationale.com\/index.php?rest_route=%2Fwp%2Fv2%2Fmedia&parent=13812"}],"wp:term":[{"taxonomy":"product_brand","embeddable":true,"href":"https:\/\/esentevibrationale.com\/index.php?rest_route=%2Fwp%2Fv2%2Fproduct_brand&post=13812"},{"taxonomy":"product_cat","embeddable":true,"href":"https:\/\/esentevibrationale.com\/index.php?rest_route=%2Fwp%2Fv2%2Fproduct_cat&post=13812"},{"taxonomy":"product_tag","embeddable":true,"href":"https:\/\/esentevibrationale.com\/index.php?rest_route=%2Fwp%2Fv2%2Fproduct_tag&post=13812"}],"curies":[{"name":"wp","href":"https:\/\/api.w.org\/{rel}","templated":true}]}}