{"id":13817,"date":"2022-12-12T12:35:41","date_gmt":"2022-12-12T10:35:41","guid":{"rendered":"https:\/\/esentevibrationale.com\/?post_type=product&#038;p=13817"},"modified":"2024-12-23T18:47:42","modified_gmt":"2024-12-23T16:47:42","slug":"236-west-stowell-236-west-stowell","status":"publish","type":"product","link":"https:\/\/esentevibrationale.com\/?product=236-west-stowell-236-west-stowell","title":{"rendered":"236.) West Stowell \/ 236.) West Stowell"},"content":{"rendered":"<p><img loading=\"lazy\" decoding=\"async\" class=\"alignnone size-medium wp-image-13868\" src=\"https:\/\/esentevibrationale.com\/wp-content\/uploads\/2022\/12\/2361-101x300.jpg\" alt=\"\" width=\"101\" height=\"300\" srcset=\"https:\/\/esentevibrationale.com\/wp-content\/uploads\/2022\/12\/2361-101x300.jpg 101w, https:\/\/esentevibrationale.com\/wp-content\/uploads\/2022\/12\/2361-515x1536.jpg 515w, https:\/\/esentevibrationale.com\/wp-content\/uploads\/2022\/12\/2361-300x895.jpg 300w, https:\/\/esentevibrationale.com\/wp-content\/uploads\/2022\/12\/2361.jpg 641w\" sizes=\"auto, (max-width: 101px) 100vw, 101px\" \/><\/p>\n<p><span class=\"Y2IQFc\" lang=\"ro\">Esen\u021ba este pentru schimbarea con\u0219tiin\u021bei. Esen\u021ba ne afecteaz\u0103 corpul energetic. Intr\u0103m \u00een rezonan\u021b\u0103 cu mediul nostru \/ mediul social. Pe de alt\u0103 parte, afl\u0103m c\u0103 g\u00e2ndurile noastre pe care le trimitem sunt cele care creeaz\u0103 rezonan\u021be \u00een exterior. Prin utilizarea con\u0219tient\u0103 a luminii \u0219i a g\u00e2ndurilor \u0219i sentimentelor iubitoare, putem genera \u0219i aceste rezonan\u021be \u00een beneficiul tuturor celor din mediul nostru.<\/span><\/p>\n","protected":false},"excerpt":{"rendered":"<p>Esen\u021ba este pentru schimbarea con\u0219tiin\u021bei. Esen\u021ba ne afecteaz\u0103 corpul energetic. Intr\u0103m \u00een rezonan\u021b\u0103 cu mediul nostru \/ mediul social. Pe de alt\u0103 parte, afl\u0103m c\u0103 g\u00e2ndurile noastre pe care le trimitem sunt cele care creeaz\u0103 rezonan\u021be \u00een exterior. Prin utilizarea con\u0219tient\u0103 a luminii \u0219i a g\u00e2ndurilor \u0219i sentimentelor iubitoare, putem genera \u0219i aceste rezonan\u021be \u00een &hellip; <a href=\"https:\/\/esentevibrationale.com\/?product=236-west-stowell-236-west-stowell\" class=\"more-link\">Continu\u0103 lectura <span class=\"screen-reader-text\">236.) West Stowell \/ 236.) West Stowell<\/span> <span class=\"meta-nav\">&rarr;<\/span><\/a><\/p>\n","protected":false},"featured_media":13818,"template":"","meta":[],"product_brand":[],"product_cat":[54],"product_tag":[],"class_list":{"0":"post-13817","1":"product","2":"type-product","3":"status-publish","4":"has-post-thumbnail","6":"product_cat-esentele-crete-cu-ajutorul-energiei-cercurilor-aparute-in-lanurile-de-recolte","7":"pa_size-15ml","8":"pa_size-30ml","10":"first","11":"instock","12":"shipping-taxable","13":"purchasable","14":"product-type-variable","15":"has-default-attributes"},"_links":{"self":[{"href":"https:\/\/esentevibrationale.com\/index.php?rest_route=\/wp\/v2\/product\/13817","targetHints":{"allow":["GET"]}}],"collection":[{"href":"https:\/\/esentevibrationale.com\/index.php?rest_route=\/wp\/v2\/product"}],"about":[{"href":"https:\/\/esentevibrationale.com\/index.php?rest_route=\/wp\/v2\/types\/product"}],"wp:featuredmedia":[{"embeddable":true,"href":"https:\/\/esentevibrationale.com\/index.php?rest_route=\/wp\/v2\/media\/13818"}],"wp:attachment":[{"href":"https:\/\/esentevibrationale.com\/index.php?rest_route=%2Fwp%2Fv2%2Fmedia&parent=13817"}],"wp:term":[{"taxonomy":"product_brand","embeddable":true,"href":"https:\/\/esentevibrationale.com\/index.php?rest_route=%2Fwp%2Fv2%2Fproduct_brand&post=13817"},{"taxonomy":"product_cat","embeddable":true,"href":"https:\/\/esentevibrationale.com\/index.php?rest_route=%2Fwp%2Fv2%2Fproduct_cat&post=13817"},{"taxonomy":"product_tag","embeddable":true,"href":"https:\/\/esentevibrationale.com\/index.php?rest_route=%2Fwp%2Fv2%2Fproduct_tag&post=13817"}],"curies":[{"name":"wp","href":"https:\/\/api.w.org\/{rel}","templated":true}]}}