{"id":13897,"date":"2023-02-10T10:57:58","date_gmt":"2023-02-10T08:57:58","guid":{"rendered":"https:\/\/esentevibrationale.com\/?post_type=product&#038;p=13897"},"modified":"2023-02-10T10:59:47","modified_gmt":"2023-02-10T08:59:47","slug":"imunitate","status":"publish","type":"product","link":"https:\/\/esentevibrationale.com\/?product=imunitate","title":{"rendered":"Imunitate"},"content":{"rendered":"<p>Consolideaz\u0103 &#8222;energia vital\u0103&#8221;, contribuind \u00een acest mod la refacerea \u0219i \u00eent\u0103rirea sistemul imunitar al \u00eentregului organism, atunci c\u00e2nd acesta este sl\u0103bit.<\/p>\n","protected":false},"excerpt":{"rendered":"<p>Consolideaz\u0103 &#8222;energia vital\u0103&#8221;, contribuind \u00een acest mod la refacerea \u0219i \u00eent\u0103rirea sistemul imunitar al \u00eentregului organism, atunci c\u00e2nd acesta este sl\u0103bit.<\/p>\n","protected":false},"featured_media":13898,"template":"","meta":[],"product_brand":[],"product_cat":[77],"product_tag":[],"class_list":{"0":"post-13897","1":"product","2":"type-product","3":"status-publish","4":"has-post-thumbnail","6":"product_cat-mixturi","7":"pa_size-15ml","8":"pa_size-30-ml","10":"first","11":"instock","12":"shipping-taxable","13":"purchasable","14":"product-type-variable","15":"has-default-attributes"},"_links":{"self":[{"href":"https:\/\/esentevibrationale.com\/index.php?rest_route=\/wp\/v2\/product\/13897","targetHints":{"allow":["GET"]}}],"collection":[{"href":"https:\/\/esentevibrationale.com\/index.php?rest_route=\/wp\/v2\/product"}],"about":[{"href":"https:\/\/esentevibrationale.com\/index.php?rest_route=\/wp\/v2\/types\/product"}],"wp:featuredmedia":[{"embeddable":true,"href":"https:\/\/esentevibrationale.com\/index.php?rest_route=\/wp\/v2\/media\/13898"}],"wp:attachment":[{"href":"https:\/\/esentevibrationale.com\/index.php?rest_route=%2Fwp%2Fv2%2Fmedia&parent=13897"}],"wp:term":[{"taxonomy":"product_brand","embeddable":true,"href":"https:\/\/esentevibrationale.com\/index.php?rest_route=%2Fwp%2Fv2%2Fproduct_brand&post=13897"},{"taxonomy":"product_cat","embeddable":true,"href":"https:\/\/esentevibrationale.com\/index.php?rest_route=%2Fwp%2Fv2%2Fproduct_cat&post=13897"},{"taxonomy":"product_tag","embeddable":true,"href":"https:\/\/esentevibrationale.com\/index.php?rest_route=%2Fwp%2Fv2%2Fproduct_tag&post=13897"}],"curies":[{"name":"wp","href":"https:\/\/api.w.org\/{rel}","templated":true}]}}