{"id":1393,"date":"2018-11-12T12:20:41","date_gmt":"2018-11-12T11:20:41","guid":{"rendered":"https:\/\/phiessences.com\/Romania\/?post_type=product&#038;p=1393"},"modified":"2026-01-01T19:09:42","modified_gmt":"2026-01-01T17:09:42","slug":"sea-urchin-arici-de-mare","status":"publish","type":"product","link":"https:\/\/esentevibrationale.com\/?product=sea-urchin-arici-de-mare","title":{"rendered":"Sea Urchin \/ Arici de Mare"},"content":{"rendered":"<p><strong>(Echinotrix diadema)<\/strong><\/p>\n<p>Esen\u021ba ne ajut\u0103 s\u0103 ne g\u0103sim locul nostru \u00een parteneriate \u0219i \u00een alte rela\u021bii umane. Ne permite s\u0103 g\u0103sim echilibru adecvat \u00eentre a devenii prea apropiat\/\u0103 (dependent\/\u0103) sau prea \u00eendep\u0103rtat\/\u0103 (insensibil\/\u0103). \u00cenv\u0103\u021b\u0103m s\u0103 cre\u0103m \u0219i s\u0103 ne protej\u0103m spa\u021biul nostru personal \u0219i s\u0103 recunoa\u0219tem faptul c\u0103 \u0219i al\u021bii au nevoie de aceea\u0219i libertate.<\/p>\n","protected":false},"excerpt":{"rendered":"<p>(Echinotrix diadema) Esen\u021ba ne ajut\u0103 s\u0103 ne g\u0103sim locul nostru \u00een parteneriate \u0219i \u00een alte rela\u021bii umane. Ne permite s\u0103 g\u0103sim echilibru adecvat \u00eentre a devenii prea apropiat\/\u0103 (dependent\/\u0103) sau prea \u00eendep\u0103rtat\/\u0103 (insensibil\/\u0103). \u00cenv\u0103\u021b\u0103m s\u0103 cre\u0103m \u0219i s\u0103 ne protej\u0103m spa\u021biul nostru personal \u0219i s\u0103 recunoa\u0219tem faptul c\u0103 \u0219i al\u021bii au nevoie de aceea\u0219i libertate.<\/p>\n","protected":false},"featured_media":1396,"template":"","meta":[],"product_brand":[],"product_cat":[43],"product_tag":[],"class_list":{"0":"post-1393","1":"product","2":"type-product","3":"status-publish","4":"has-post-thumbnail","6":"product_cat-esente-marine","7":"pa_size-15ml","8":"pa_size-30ml","10":"first","11":"instock","12":"shipping-taxable","13":"purchasable","14":"product-type-variable","15":"has-default-attributes"},"_links":{"self":[{"href":"https:\/\/esentevibrationale.com\/index.php?rest_route=\/wp\/v2\/product\/1393","targetHints":{"allow":["GET"]}}],"collection":[{"href":"https:\/\/esentevibrationale.com\/index.php?rest_route=\/wp\/v2\/product"}],"about":[{"href":"https:\/\/esentevibrationale.com\/index.php?rest_route=\/wp\/v2\/types\/product"}],"wp:featuredmedia":[{"embeddable":true,"href":"https:\/\/esentevibrationale.com\/index.php?rest_route=\/wp\/v2\/media\/1396"}],"wp:attachment":[{"href":"https:\/\/esentevibrationale.com\/index.php?rest_route=%2Fwp%2Fv2%2Fmedia&parent=1393"}],"wp:term":[{"taxonomy":"product_brand","embeddable":true,"href":"https:\/\/esentevibrationale.com\/index.php?rest_route=%2Fwp%2Fv2%2Fproduct_brand&post=1393"},{"taxonomy":"product_cat","embeddable":true,"href":"https:\/\/esentevibrationale.com\/index.php?rest_route=%2Fwp%2Fv2%2Fproduct_cat&post=1393"},{"taxonomy":"product_tag","embeddable":true,"href":"https:\/\/esentevibrationale.com\/index.php?rest_route=%2Fwp%2Fv2%2Fproduct_tag&post=1393"}],"curies":[{"name":"wp","href":"https:\/\/api.w.org\/{rel}","templated":true}]}}