{"id":13946,"date":"2023-03-13T07:07:33","date_gmt":"2023-03-13T05:07:33","guid":{"rendered":"https:\/\/esentevibrationale.com\/?post_type=product&#038;p=13946"},"modified":"2025-12-30T13:36:37","modified_gmt":"2025-12-30T11:36:37","slug":"animal-spray-regeneration-spray-pentru-animale-regenerare","status":"publish","type":"product","link":"https:\/\/esentevibrationale.com\/?product=animal-spray-regeneration-spray-pentru-animale-regenerare","title":{"rendered":"Animal Spray &#8211; Regeneration \/ Spray pentru Animale &#8211; Regenerare"},"content":{"rendered":"<p><span class=\"Y2IQFc\" lang=\"ro\">Spray-ul este indicat dup\u0103 interven\u021bii chirurgicale, boal\u0103 sau stres extrem. De asemenea, ajut\u0103 energetic \u0219i animalele mai \u00een v\u00e2rst\u0103 care sunt obosite. Esen\u021ba combin\u0103 efectul energetic de vindecare profund\u0103 al Esen\u021belor Oceanice cu cel al Esen\u021belor Florale.<\/span><\/p>\n","protected":false},"excerpt":{"rendered":"<p>Spray-ul este indicat dup\u0103 interven\u021bii chirurgicale, boal\u0103 sau stres extrem. De asemenea, ajut\u0103 energetic \u0219i animalele mai \u00een v\u00e2rst\u0103 care sunt obosite. Esen\u021ba combin\u0103 efectul energetic de vindecare profund\u0103 al Esen\u021belor Oceanice cu cel al Esen\u021belor Florale.<\/p>\n","protected":false},"featured_media":13949,"template":"","meta":[],"product_brand":[],"product_cat":[81],"product_tag":[],"class_list":{"0":"post-13946","1":"product","2":"type-product","3":"status-publish","4":"has-post-thumbnail","6":"product_cat-spray-uri-pentru-animale","7":"pa_size-200-ml","8":"pa_size-50-ml","10":"first","11":"instock","12":"shipping-taxable","13":"purchasable","14":"product-type-variable","15":"has-default-attributes"},"_links":{"self":[{"href":"https:\/\/esentevibrationale.com\/index.php?rest_route=\/wp\/v2\/product\/13946","targetHints":{"allow":["GET"]}}],"collection":[{"href":"https:\/\/esentevibrationale.com\/index.php?rest_route=\/wp\/v2\/product"}],"about":[{"href":"https:\/\/esentevibrationale.com\/index.php?rest_route=\/wp\/v2\/types\/product"}],"wp:featuredmedia":[{"embeddable":true,"href":"https:\/\/esentevibrationale.com\/index.php?rest_route=\/wp\/v2\/media\/13949"}],"wp:attachment":[{"href":"https:\/\/esentevibrationale.com\/index.php?rest_route=%2Fwp%2Fv2%2Fmedia&parent=13946"}],"wp:term":[{"taxonomy":"product_brand","embeddable":true,"href":"https:\/\/esentevibrationale.com\/index.php?rest_route=%2Fwp%2Fv2%2Fproduct_brand&post=13946"},{"taxonomy":"product_cat","embeddable":true,"href":"https:\/\/esentevibrationale.com\/index.php?rest_route=%2Fwp%2Fv2%2Fproduct_cat&post=13946"},{"taxonomy":"product_tag","embeddable":true,"href":"https:\/\/esentevibrationale.com\/index.php?rest_route=%2Fwp%2Fv2%2Fproduct_tag&post=13946"}],"curies":[{"name":"wp","href":"https:\/\/api.w.org\/{rel}","templated":true}]}}