{"id":1397,"date":"2018-11-12T12:30:41","date_gmt":"2018-11-12T11:30:41","guid":{"rendered":"https:\/\/phiessences.com\/Romania\/?post_type=product&#038;p=1397"},"modified":"2026-01-01T19:52:31","modified_gmt":"2026-01-01T17:52:31","slug":"sea-cochlea-melcul-de-mare","status":"publish","type":"product","link":"https:\/\/esentevibrationale.com\/?product=sea-cochlea-melcul-de-mare","title":{"rendered":"Sea Cochlea \/ Iepure de Mare"},"content":{"rendered":"<p><strong>(Aplysia dactylomela)<\/strong><\/p>\n<p>Cre\u015fte sentimentul nostru de \u00eencredere \u00een sine, astfel \u00eenc\u00e2t s\u0103 ne putem sim\u0163i mai siguri, atunci c\u00e2nd abord\u0103m alte persoane.\u00a0 Ne ajut\u0103 s\u0103 credem faptul c\u0103 noi suntem proteja\u0163i de o Mai Mare Putere \u00een toate circumstan\u0163ele.<\/p>\n","protected":false},"excerpt":{"rendered":"<p>(Aplysia dactylomela) Cre\u015fte sentimentul nostru de \u00eencredere \u00een sine, astfel \u00eenc\u00e2t s\u0103 ne putem sim\u0163i mai siguri, atunci c\u00e2nd abord\u0103m alte persoane.\u00a0 Ne ajut\u0103 s\u0103 credem faptul c\u0103 noi suntem proteja\u0163i de o Mai Mare Putere \u00een toate circumstan\u0163ele.<\/p>\n","protected":false},"featured_media":1398,"template":"","meta":[],"product_brand":[],"product_cat":[43],"product_tag":[],"class_list":{"0":"post-1397","1":"product","2":"type-product","3":"status-publish","4":"has-post-thumbnail","6":"product_cat-esente-marine","7":"pa_size-15ml","8":"pa_size-30ml","10":"first","11":"instock","12":"shipping-taxable","13":"purchasable","14":"product-type-variable","15":"has-default-attributes"},"_links":{"self":[{"href":"https:\/\/esentevibrationale.com\/index.php?rest_route=\/wp\/v2\/product\/1397","targetHints":{"allow":["GET"]}}],"collection":[{"href":"https:\/\/esentevibrationale.com\/index.php?rest_route=\/wp\/v2\/product"}],"about":[{"href":"https:\/\/esentevibrationale.com\/index.php?rest_route=\/wp\/v2\/types\/product"}],"wp:featuredmedia":[{"embeddable":true,"href":"https:\/\/esentevibrationale.com\/index.php?rest_route=\/wp\/v2\/media\/1398"}],"wp:attachment":[{"href":"https:\/\/esentevibrationale.com\/index.php?rest_route=%2Fwp%2Fv2%2Fmedia&parent=1397"}],"wp:term":[{"taxonomy":"product_brand","embeddable":true,"href":"https:\/\/esentevibrationale.com\/index.php?rest_route=%2Fwp%2Fv2%2Fproduct_brand&post=1397"},{"taxonomy":"product_cat","embeddable":true,"href":"https:\/\/esentevibrationale.com\/index.php?rest_route=%2Fwp%2Fv2%2Fproduct_cat&post=1397"},{"taxonomy":"product_tag","embeddable":true,"href":"https:\/\/esentevibrationale.com\/index.php?rest_route=%2Fwp%2Fv2%2Fproduct_tag&post=1397"}],"curies":[{"name":"wp","href":"https:\/\/api.w.org\/{rel}","templated":true}]}}