{"id":13979,"date":"2023-05-08T18:01:50","date_gmt":"2023-05-08T15:01:50","guid":{"rendered":"https:\/\/esentevibrationale.com\/?post_type=product&#038;p=13979"},"modified":"2023-05-08T18:01:51","modified_gmt":"2023-05-08T15:01:51","slug":"esente-de-ingeri-setul-complet-1-23","status":"publish","type":"product","link":"https:\/\/esentevibrationale.com\/?product=esente-de-ingeri-setul-complet-1-23","title":{"rendered":"Esen\u021be de \u00cengeri &#8211; Setul complet 1-23"},"content":{"rendered":"<p><span class=\"Y2IQFc\" lang=\"ro\">Aici este prezentat setul complet de Esen\u021be de \u00eenger, format din 23 de sticle concentrate a c\u00e2te 15 ml fiecare. \u00cengerii au fost adora\u021bi \u0219i refuza\u021bi de milenii. Bun pentru medita\u021bie. R\u0103sf\u0103\u021ba\u021bi-v\u0103 c\u00e2teva minute pentru a v\u0103 cufunda \u00een tinere\u021be \u0219i a v\u0103 g\u00e2ndi la vremuri bune. Greutate de livrare: 1,45 kg per bucat\u0103<\/span><\/p>\n","protected":false},"excerpt":{"rendered":"<p>Aici este prezentat setul complet de Esen\u021be de \u00eenger, format din 23 de sticle concentrate a c\u00e2te 15 ml fiecare. \u00cengerii au fost adora\u021bi \u0219i refuza\u021bi de milenii. Bun pentru medita\u021bie. R\u0103sf\u0103\u021ba\u021bi-v\u0103 c\u00e2teva minute pentru a v\u0103 cufunda \u00een tinere\u021be \u0219i a v\u0103 g\u00e2ndi la vremuri bune. Greutate de livrare: 1,45 kg per bucat\u0103<\/p>\n","protected":false},"featured_media":13980,"template":"","meta":[],"product_brand":[],"product_cat":[65],"product_tag":[],"class_list":{"0":"post-13979","1":"product","2":"type-product","3":"status-publish","4":"has-post-thumbnail","6":"product_cat-esente-de-ngeri","8":"first","9":"instock","10":"shipping-taxable","11":"purchasable","12":"product-type-simple"},"_links":{"self":[{"href":"https:\/\/esentevibrationale.com\/index.php?rest_route=\/wp\/v2\/product\/13979","targetHints":{"allow":["GET"]}}],"collection":[{"href":"https:\/\/esentevibrationale.com\/index.php?rest_route=\/wp\/v2\/product"}],"about":[{"href":"https:\/\/esentevibrationale.com\/index.php?rest_route=\/wp\/v2\/types\/product"}],"wp:featuredmedia":[{"embeddable":true,"href":"https:\/\/esentevibrationale.com\/index.php?rest_route=\/wp\/v2\/media\/13980"}],"wp:attachment":[{"href":"https:\/\/esentevibrationale.com\/index.php?rest_route=%2Fwp%2Fv2%2Fmedia&parent=13979"}],"wp:term":[{"taxonomy":"product_brand","embeddable":true,"href":"https:\/\/esentevibrationale.com\/index.php?rest_route=%2Fwp%2Fv2%2Fproduct_brand&post=13979"},{"taxonomy":"product_cat","embeddable":true,"href":"https:\/\/esentevibrationale.com\/index.php?rest_route=%2Fwp%2Fv2%2Fproduct_cat&post=13979"},{"taxonomy":"product_tag","embeddable":true,"href":"https:\/\/esentevibrationale.com\/index.php?rest_route=%2Fwp%2Fv2%2Fproduct_tag&post=13979"}],"curies":[{"name":"wp","href":"https:\/\/api.w.org\/{rel}","templated":true}]}}