{"id":14008,"date":"2023-09-21T10:22:37","date_gmt":"2023-09-21T07:22:37","guid":{"rendered":"https:\/\/esentevibrationale.com\/?post_type=product&#038;p=14008"},"modified":"2025-07-08T15:55:27","modified_gmt":"2025-07-08T12:55:27","slug":"237-potterne-hill-uk-2023-dealul-potterne-marea-britania-2023","status":"publish","type":"product","link":"https:\/\/esentevibrationale.com\/?product=237-potterne-hill-uk-2023-dealul-potterne-marea-britania-2023","title":{"rendered":"237.) Potterne Hill, UK 2023 \/ Dealul Potterne, Marea Britania 2023"},"content":{"rendered":"<p>Forma\u021biune arat\u0103 activitatea solar\u0103 sporit\u0103. <span class=\"Y2IQFc\" lang=\"ro\">Esen\u021ba ne ajut\u0103 s\u0103 ne adapt\u0103m energetic la radia\u021biile crescute \u0219i la temperaturile mai ridicate. Celulele sunt \u00eent\u0103rite energetic, iar aura noastr\u0103 protectoare \u00eempotriva luminii se poate adapta mai bine la noile frecven\u021be luminoase. Esen\u021ba sus\u021bine cre\u0219terea vibra\u021biei \u0219i ajustarea energetic\u0103 a informa\u021biilor ADN-ului nostru.<\/span><\/p>\n","protected":false},"excerpt":{"rendered":"<p>Forma\u021biune arat\u0103 activitatea solar\u0103 sporit\u0103. Esen\u021ba ne ajut\u0103 s\u0103 ne adapt\u0103m energetic la radia\u021biile crescute \u0219i la temperaturile mai ridicate. Celulele sunt \u00eent\u0103rite energetic, iar aura noastr\u0103 protectoare \u00eempotriva luminii se poate adapta mai bine la noile frecven\u021be luminoase. Esen\u021ba sus\u021bine cre\u0219terea vibra\u021biei \u0219i ajustarea energetic\u0103 a informa\u021biilor ADN-ului nostru.<\/p>\n","protected":false},"featured_media":14015,"template":"","meta":[],"product_brand":[],"product_cat":[54],"product_tag":[],"class_list":{"0":"post-14008","1":"product","2":"type-product","3":"status-publish","4":"has-post-thumbnail","6":"product_cat-esentele-crete-cu-ajutorul-energiei-cercurilor-aparute-in-lanurile-de-recolte","7":"pa_size-15ml","8":"pa_size-30ml","10":"first","11":"instock","12":"shipping-taxable","13":"purchasable","14":"product-type-variable","15":"has-default-attributes"},"_links":{"self":[{"href":"https:\/\/esentevibrationale.com\/index.php?rest_route=\/wp\/v2\/product\/14008","targetHints":{"allow":["GET"]}}],"collection":[{"href":"https:\/\/esentevibrationale.com\/index.php?rest_route=\/wp\/v2\/product"}],"about":[{"href":"https:\/\/esentevibrationale.com\/index.php?rest_route=\/wp\/v2\/types\/product"}],"wp:featuredmedia":[{"embeddable":true,"href":"https:\/\/esentevibrationale.com\/index.php?rest_route=\/wp\/v2\/media\/14015"}],"wp:attachment":[{"href":"https:\/\/esentevibrationale.com\/index.php?rest_route=%2Fwp%2Fv2%2Fmedia&parent=14008"}],"wp:term":[{"taxonomy":"product_brand","embeddable":true,"href":"https:\/\/esentevibrationale.com\/index.php?rest_route=%2Fwp%2Fv2%2Fproduct_brand&post=14008"},{"taxonomy":"product_cat","embeddable":true,"href":"https:\/\/esentevibrationale.com\/index.php?rest_route=%2Fwp%2Fv2%2Fproduct_cat&post=14008"},{"taxonomy":"product_tag","embeddable":true,"href":"https:\/\/esentevibrationale.com\/index.php?rest_route=%2Fwp%2Fv2%2Fproduct_tag&post=14008"}],"curies":[{"name":"wp","href":"https:\/\/api.w.org\/{rel}","templated":true}]}}