{"id":14027,"date":"2023-09-21T11:30:42","date_gmt":"2023-09-21T08:30:42","guid":{"rendered":"https:\/\/esentevibrationale.com\/?post_type=product&#038;p=14027"},"modified":"2025-07-07T17:31:36","modified_gmt":"2025-07-07T14:31:36","slug":"240-winchester-star-uk-2023-winchester-stea-uk-2023","status":"publish","type":"product","link":"https:\/\/esentevibrationale.com\/?product=240-winchester-star-uk-2023-winchester-stea-uk-2023","title":{"rendered":"240.) Winchester, Star UK 2023 \/ Winchester, Stea UK 2023"},"content":{"rendered":"<p><img decoding=\"async\" class=\"img-responsive\" title=\"240.) Star - Winchester, UK 2023\" src=\"https:\/\/www.phiessences.com\/images\/product_images\/info_images\/240.jpg\" alt=\"240.) Star - Winchester, UK 2023\" data-magnifier-src=\"images\/product_images\/original_images\/240.jpg\" \/><\/p>\n<p><span class=\"Y2IQFc\" lang=\"ro\">Esen\u021ba ac\u021bioneaz\u0103 asupra chakrei inimii noastre \u0219i stimuleaz\u0103 energetic sim\u021burile noastre. Percep\u021bia devine mai rafinat\u0103 \u0219i diferen\u021biat\u0103. La nivel spiritual, ne ajut\u0103 s\u0103 ne ridic\u0103m vibra\u021bia \u0219i, astfel, s\u0103 percepem mai clar interconectarea noastr\u0103.<\/span><\/p>\n","protected":false},"excerpt":{"rendered":"<p>Esen\u021ba ac\u021bioneaz\u0103 asupra chakrei inimii noastre \u0219i stimuleaz\u0103 energetic sim\u021burile noastre. Percep\u021bia devine mai rafinat\u0103 \u0219i diferen\u021biat\u0103. La nivel spiritual, ne ajut\u0103 s\u0103 ne ridic\u0103m vibra\u021bia \u0219i, astfel, s\u0103 percepem mai clar interconectarea noastr\u0103.<\/p>\n","protected":false},"featured_media":14031,"template":"","meta":[],"product_brand":[],"product_cat":[54],"product_tag":[],"class_list":{"0":"post-14027","1":"product","2":"type-product","3":"status-publish","4":"has-post-thumbnail","6":"product_cat-esentele-crete-cu-ajutorul-energiei-cercurilor-aparute-in-lanurile-de-recolte","7":"pa_size-15ml","8":"pa_size-30ml","10":"first","11":"instock","12":"shipping-taxable","13":"purchasable","14":"product-type-variable","15":"has-default-attributes"},"_links":{"self":[{"href":"https:\/\/esentevibrationale.com\/index.php?rest_route=\/wp\/v2\/product\/14027","targetHints":{"allow":["GET"]}}],"collection":[{"href":"https:\/\/esentevibrationale.com\/index.php?rest_route=\/wp\/v2\/product"}],"about":[{"href":"https:\/\/esentevibrationale.com\/index.php?rest_route=\/wp\/v2\/types\/product"}],"wp:featuredmedia":[{"embeddable":true,"href":"https:\/\/esentevibrationale.com\/index.php?rest_route=\/wp\/v2\/media\/14031"}],"wp:attachment":[{"href":"https:\/\/esentevibrationale.com\/index.php?rest_route=%2Fwp%2Fv2%2Fmedia&parent=14027"}],"wp:term":[{"taxonomy":"product_brand","embeddable":true,"href":"https:\/\/esentevibrationale.com\/index.php?rest_route=%2Fwp%2Fv2%2Fproduct_brand&post=14027"},{"taxonomy":"product_cat","embeddable":true,"href":"https:\/\/esentevibrationale.com\/index.php?rest_route=%2Fwp%2Fv2%2Fproduct_cat&post=14027"},{"taxonomy":"product_tag","embeddable":true,"href":"https:\/\/esentevibrationale.com\/index.php?rest_route=%2Fwp%2Fv2%2Fproduct_tag&post=14027"}],"curies":[{"name":"wp","href":"https:\/\/api.w.org\/{rel}","templated":true}]}}