{"id":14044,"date":"2023-09-21T13:35:54","date_gmt":"2023-09-21T10:35:54","guid":{"rendered":"https:\/\/esentevibrationale.com\/?post_type=product&#038;p=14044"},"modified":"2024-12-23T18:33:23","modified_gmt":"2024-12-23T16:33:23","slug":"242-winchester-uk-2023-241-winchester-marea-britanie-2023","status":"publish","type":"product","link":"https:\/\/esentevibrationale.com\/?product=242-winchester-uk-2023-241-winchester-marea-britanie-2023","title":{"rendered":"242.) Winchester, UK 2023 \/ 241.) Winchester, Marea Britanie 2023"},"content":{"rendered":"<p>Esen\u021ba ne ajut\u0103 s\u0103 ne urm\u0103m vocea interioar\u0103 s\u0103 ne recunoa\u0219tem drumul \u0219i s\u0103 ne dezvolt\u0103m pe noi \u00een\u0219ine \u00een continuare. Esen\u021ba este pentru cre\u0219tere vibra\u021biei energiei .<\/p>\n","protected":false},"excerpt":{"rendered":"<p>Esen\u021ba ne ajut\u0103 s\u0103 ne urm\u0103m vocea interioar\u0103 s\u0103 ne recunoa\u0219tem drumul \u0219i s\u0103 ne dezvolt\u0103m pe noi \u00een\u0219ine \u00een continuare. Esen\u021ba este pentru cre\u0219tere vibra\u021biei energiei .<\/p>\n","protected":false},"featured_media":14047,"template":"","meta":[],"product_brand":[],"product_cat":[54],"product_tag":[],"class_list":{"0":"post-14044","1":"product","2":"type-product","3":"status-publish","4":"has-post-thumbnail","6":"product_cat-esentele-crete-cu-ajutorul-energiei-cercurilor-aparute-in-lanurile-de-recolte","7":"pa_size-15ml","8":"pa_size-30ml","10":"first","11":"instock","12":"shipping-taxable","13":"purchasable","14":"product-type-variable","15":"has-default-attributes"},"_links":{"self":[{"href":"https:\/\/esentevibrationale.com\/index.php?rest_route=\/wp\/v2\/product\/14044","targetHints":{"allow":["GET"]}}],"collection":[{"href":"https:\/\/esentevibrationale.com\/index.php?rest_route=\/wp\/v2\/product"}],"about":[{"href":"https:\/\/esentevibrationale.com\/index.php?rest_route=\/wp\/v2\/types\/product"}],"wp:featuredmedia":[{"embeddable":true,"href":"https:\/\/esentevibrationale.com\/index.php?rest_route=\/wp\/v2\/media\/14047"}],"wp:attachment":[{"href":"https:\/\/esentevibrationale.com\/index.php?rest_route=%2Fwp%2Fv2%2Fmedia&parent=14044"}],"wp:term":[{"taxonomy":"product_brand","embeddable":true,"href":"https:\/\/esentevibrationale.com\/index.php?rest_route=%2Fwp%2Fv2%2Fproduct_brand&post=14044"},{"taxonomy":"product_cat","embeddable":true,"href":"https:\/\/esentevibrationale.com\/index.php?rest_route=%2Fwp%2Fv2%2Fproduct_cat&post=14044"},{"taxonomy":"product_tag","embeddable":true,"href":"https:\/\/esentevibrationale.com\/index.php?rest_route=%2Fwp%2Fv2%2Fproduct_tag&post=14044"}],"curies":[{"name":"wp","href":"https:\/\/api.w.org\/{rel}","templated":true}]}}