{"id":14048,"date":"2023-09-21T13:44:24","date_gmt":"2023-09-21T10:44:24","guid":{"rendered":"https:\/\/esentevibrationale.com\/?post_type=product&#038;p=14048"},"modified":"2024-12-23T18:32:32","modified_gmt":"2024-12-23T16:32:32","slug":"243-beauworth-hampshire-uk-2023-beauworth-hampshire-marea-britanie-2023","status":"publish","type":"product","link":"https:\/\/esentevibrationale.com\/?product=243-beauworth-hampshire-uk-2023-beauworth-hampshire-marea-britanie-2023","title":{"rendered":"243.) Beauworth, Hampshire UK 2023 \/ Beauworth, Hampshire Marea Britanie 2023"},"content":{"rendered":"<p>Esen\u021ba ne \u00eencurajeaz\u0103 pentru Noua Er\u0103. Fiecare dintre noi individual reprezent\u0103m o parte a \u00eentregului \u0219i \u00eempreun\u0103 aducem mai departe dezvoltarea \u00eentregii societ\u0103\u021bi.<\/p>\n","protected":false},"excerpt":{"rendered":"<p>Esen\u021ba ne \u00eencurajeaz\u0103 pentru Noua Er\u0103. Fiecare dintre noi individual reprezent\u0103m o parte a \u00eentregului \u0219i \u00eempreun\u0103 aducem mai departe dezvoltarea \u00eentregii societ\u0103\u021bi.<\/p>\n","protected":false},"featured_media":14053,"template":"","meta":[],"product_brand":[],"product_cat":[54],"product_tag":[],"class_list":{"0":"post-14048","1":"product","2":"type-product","3":"status-publish","4":"has-post-thumbnail","6":"product_cat-esentele-crete-cu-ajutorul-energiei-cercurilor-aparute-in-lanurile-de-recolte","7":"pa_size-15ml","8":"pa_size-30ml","10":"first","11":"instock","12":"shipping-taxable","13":"purchasable","14":"product-type-variable","15":"has-default-attributes"},"_links":{"self":[{"href":"https:\/\/esentevibrationale.com\/index.php?rest_route=\/wp\/v2\/product\/14048","targetHints":{"allow":["GET"]}}],"collection":[{"href":"https:\/\/esentevibrationale.com\/index.php?rest_route=\/wp\/v2\/product"}],"about":[{"href":"https:\/\/esentevibrationale.com\/index.php?rest_route=\/wp\/v2\/types\/product"}],"wp:featuredmedia":[{"embeddable":true,"href":"https:\/\/esentevibrationale.com\/index.php?rest_route=\/wp\/v2\/media\/14053"}],"wp:attachment":[{"href":"https:\/\/esentevibrationale.com\/index.php?rest_route=%2Fwp%2Fv2%2Fmedia&parent=14048"}],"wp:term":[{"taxonomy":"product_brand","embeddable":true,"href":"https:\/\/esentevibrationale.com\/index.php?rest_route=%2Fwp%2Fv2%2Fproduct_brand&post=14048"},{"taxonomy":"product_cat","embeddable":true,"href":"https:\/\/esentevibrationale.com\/index.php?rest_route=%2Fwp%2Fv2%2Fproduct_cat&post=14048"},{"taxonomy":"product_tag","embeddable":true,"href":"https:\/\/esentevibrationale.com\/index.php?rest_route=%2Fwp%2Fv2%2Fproduct_tag&post=14048"}],"curies":[{"name":"wp","href":"https:\/\/api.w.org\/{rel}","templated":true}]}}