{"id":14054,"date":"2023-10-03T13:02:28","date_gmt":"2023-10-03T10:02:28","guid":{"rendered":"https:\/\/esentevibrationale.com\/?post_type=product&#038;p=14054"},"modified":"2026-01-01T18:26:03","modified_gmt":"2026-01-01T16:26:03","slug":"lava-essence-esenta-lava","status":"publish","type":"product","link":"https:\/\/esentevibrationale.com\/?product=lava-essence-esenta-lava","title":{"rendered":"Lava Essence \/ Esen\u021b\u0103 Lav\u0103"},"content":{"rendered":"<p><span class=\"Y2IQFc\" lang=\"ro\">Creeaz\u0103 conexiune cu interiorul p\u0103m\u00e2ntului. Se activeaz\u0103 elementul foc, vitalitate \u0219i energie de regenerare. Energia Torusului este activat\u0103 \u0219i \u00eencepe s\u0103 curg\u0103. Cur\u0103\u021barea vechilor poveri psihologice. Ne face complet liberi pentru un nou \u00eenceput.<\/span><\/p>\n","protected":false},"excerpt":{"rendered":"<p>Creeaz\u0103 conexiune cu interiorul p\u0103m\u00e2ntului. Se activeaz\u0103 elementul foc, vitalitate \u0219i energie de regenerare. Energia Torusului este activat\u0103 \u0219i \u00eencepe s\u0103 curg\u0103. Cur\u0103\u021barea vechilor poveri psihologice. Ne face complet liberi pentru un nou \u00eenceput.<\/p>\n","protected":false},"featured_media":14055,"template":"","meta":[],"product_brand":[],"product_cat":[57],"product_tag":[],"class_list":{"0":"post-14054","1":"product","2":"type-product","3":"status-publish","4":"has-post-thumbnail","6":"product_cat-alte-esente","7":"pa_size-15ml","8":"pa_size-30ml","10":"first","11":"instock","12":"shipping-taxable","13":"purchasable","14":"product-type-variable","15":"has-default-attributes"},"_links":{"self":[{"href":"https:\/\/esentevibrationale.com\/index.php?rest_route=\/wp\/v2\/product\/14054","targetHints":{"allow":["GET"]}}],"collection":[{"href":"https:\/\/esentevibrationale.com\/index.php?rest_route=\/wp\/v2\/product"}],"about":[{"href":"https:\/\/esentevibrationale.com\/index.php?rest_route=\/wp\/v2\/types\/product"}],"wp:featuredmedia":[{"embeddable":true,"href":"https:\/\/esentevibrationale.com\/index.php?rest_route=\/wp\/v2\/media\/14055"}],"wp:attachment":[{"href":"https:\/\/esentevibrationale.com\/index.php?rest_route=%2Fwp%2Fv2%2Fmedia&parent=14054"}],"wp:term":[{"taxonomy":"product_brand","embeddable":true,"href":"https:\/\/esentevibrationale.com\/index.php?rest_route=%2Fwp%2Fv2%2Fproduct_brand&post=14054"},{"taxonomy":"product_cat","embeddable":true,"href":"https:\/\/esentevibrationale.com\/index.php?rest_route=%2Fwp%2Fv2%2Fproduct_cat&post=14054"},{"taxonomy":"product_tag","embeddable":true,"href":"https:\/\/esentevibrationale.com\/index.php?rest_route=%2Fwp%2Fv2%2Fproduct_tag&post=14054"}],"curies":[{"name":"wp","href":"https:\/\/api.w.org\/{rel}","templated":true}]}}