{"id":14058,"date":"2023-10-03T13:13:54","date_gmt":"2023-10-03T10:13:54","guid":{"rendered":"https:\/\/esentevibrationale.com\/?post_type=product&#038;p=14058"},"modified":"2026-01-02T17:02:49","modified_gmt":"2026-01-02T15:02:49","slug":"essence-pelican-esenta-pelican","status":"publish","type":"product","link":"https:\/\/esentevibrationale.com\/?product=essence-pelican-esenta-pelican","title":{"rendered":"Essence Pelican \/ Esen\u021ba Pelican"},"content":{"rendered":"<p><span class=\"Y2IQFc\" lang=\"ro\">Esen\u021ba \u00eei ajut\u0103 pe oameni s\u0103 nu se cople\u0219easc\u0103 sau s\u0103 se supraestimeze \u0219i astfel s\u0103 se streseze, ci s\u0103 g\u0103seasc\u0103 echilibrul potrivit.<\/span><\/p>\n<p><span class=\"Y2IQFc\" lang=\"ro\"> La nivel fizic, ne ajut\u0103 s\u0103 sim\u021bim c\u0103 avem suficient\u0103 hran\u0103 s\u0103n\u0103toas\u0103 care ni se potrive\u0219te (s\u0103 ne sim\u021bim plini) \u0219i astfel ne poate ajuta s\u0103 avem o diet\u0103 mai echilibrat\u0103.<\/span><\/p>\n<p><span class=\"Y2IQFc\" lang=\"ro\"> La nivel emo\u021bional, g\u0103sirea rela\u021biei potrivite cu ceilal\u021bi, echilibrarea propriului ego \u0219i a nu vorbi prea mult, exprim\u00e2ndu-te cu mai mult\u0103 smerenie \u0219i c\u0103ldur\u0103 \u00een comunicare.<\/span><\/p>\n","protected":false},"excerpt":{"rendered":"<p>Esen\u021ba \u00eei ajut\u0103 pe oameni s\u0103 nu se cople\u0219easc\u0103 sau s\u0103 se supraestimeze \u0219i astfel s\u0103 se streseze, ci s\u0103 g\u0103seasc\u0103 echilibrul potrivit. La nivel fizic, ne ajut\u0103 s\u0103 sim\u021bim c\u0103 avem suficient\u0103 hran\u0103 s\u0103n\u0103toas\u0103 care ni se potrive\u0219te (s\u0103 ne sim\u021bim plini) \u0219i astfel ne poate ajuta s\u0103 avem o diet\u0103 mai echilibrat\u0103. La &hellip; <a href=\"https:\/\/esentevibrationale.com\/?product=essence-pelican-esenta-pelican\" class=\"more-link\">Continu\u0103 lectura <span class=\"screen-reader-text\">Essence Pelican \/ Esen\u021ba Pelican<\/span> <span class=\"meta-nav\">&rarr;<\/span><\/a><\/p>\n","protected":false},"featured_media":14062,"template":"","meta":[],"product_brand":[],"product_cat":[64],"product_tag":[],"class_list":{"0":"post-14058","1":"product","2":"type-product","3":"status-publish","4":"has-post-thumbnail","6":"product_cat-esente-de-animale-5","7":"pa_size-15ml","8":"pa_size-30ml","10":"first","11":"instock","12":"shipping-taxable","13":"purchasable","14":"product-type-variable","15":"has-default-attributes"},"_links":{"self":[{"href":"https:\/\/esentevibrationale.com\/index.php?rest_route=\/wp\/v2\/product\/14058","targetHints":{"allow":["GET"]}}],"collection":[{"href":"https:\/\/esentevibrationale.com\/index.php?rest_route=\/wp\/v2\/product"}],"about":[{"href":"https:\/\/esentevibrationale.com\/index.php?rest_route=\/wp\/v2\/types\/product"}],"wp:featuredmedia":[{"embeddable":true,"href":"https:\/\/esentevibrationale.com\/index.php?rest_route=\/wp\/v2\/media\/14062"}],"wp:attachment":[{"href":"https:\/\/esentevibrationale.com\/index.php?rest_route=%2Fwp%2Fv2%2Fmedia&parent=14058"}],"wp:term":[{"taxonomy":"product_brand","embeddable":true,"href":"https:\/\/esentevibrationale.com\/index.php?rest_route=%2Fwp%2Fv2%2Fproduct_brand&post=14058"},{"taxonomy":"product_cat","embeddable":true,"href":"https:\/\/esentevibrationale.com\/index.php?rest_route=%2Fwp%2Fv2%2Fproduct_cat&post=14058"},{"taxonomy":"product_tag","embeddable":true,"href":"https:\/\/esentevibrationale.com\/index.php?rest_route=%2Fwp%2Fv2%2Fproduct_tag&post=14058"}],"curies":[{"name":"wp","href":"https:\/\/api.w.org\/{rel}","templated":true}]}}