{"id":1406,"date":"2018-11-12T12:42:47","date_gmt":"2018-11-12T11:42:47","guid":{"rendered":"https:\/\/phiessences.com\/Romania\/?post_type=product&#038;p=1406"},"modified":"2026-01-01T19:42:21","modified_gmt":"2026-01-01T17:42:21","slug":"pilotwhale-balena-pilot","status":"publish","type":"product","link":"https:\/\/esentevibrationale.com\/?product=pilotwhale-balena-pilot","title":{"rendered":"Pilot Whale \/ Balena Pilot"},"content":{"rendered":"<p><strong>(Globicephala melas) <\/strong><\/p>\n<p>Aceast\u0103 esen\u0163\u0103 puternic\u0103 trebuie utilizat\u0103 numai dup\u0103 ce persoana a lucrat cu Delph\u00ae (Esen\u0163a Delfin). Va rug\u0103m, \u00een primul r\u00e2nd s\u0103 testa\u0163i mereu! Balenele sunt de\u0163in\u0103toarele cuno\u015fterii. Acestea sunt destul de grave, dar \u00eentr-un mod iubitor, p\u0103rinteasc. Esen\u0163a lor arunc\u0103 Chakra inimii noastre larg deschis\u0103, astfel \u00eenc\u00e2t ne poate conecta profund cu toate formele de via\u0163\u0103 de pe p\u0103m\u00e2nt. Aceast\u0103 experien\u0163\u0103, poate fi cople\u015fitoare pentru cei nepreg\u0103ti\u0163i, ne aduce aminte de rolul nostru ca ingrijitori ai acestei planete \u015fi nevoia noastr\u0103 de a ne ridica p\u00e2n\u0103 la scopul nostru real, pentru care suntem aici.<\/p>\n","protected":false},"excerpt":{"rendered":"<p>&nbsp;<\/p>\n<p><strong>\u00a0<\/strong><\/p>\n","protected":false},"featured_media":1409,"template":"","meta":[],"product_brand":[],"product_cat":[43],"product_tag":[],"class_list":{"0":"post-1406","1":"product","2":"type-product","3":"status-publish","4":"has-post-thumbnail","6":"product_cat-esente-marine","7":"pa_size-15ml","8":"pa_size-30ml","10":"first","11":"instock","12":"shipping-taxable","13":"purchasable","14":"product-type-variable","15":"has-default-attributes"},"_links":{"self":[{"href":"https:\/\/esentevibrationale.com\/index.php?rest_route=\/wp\/v2\/product\/1406","targetHints":{"allow":["GET"]}}],"collection":[{"href":"https:\/\/esentevibrationale.com\/index.php?rest_route=\/wp\/v2\/product"}],"about":[{"href":"https:\/\/esentevibrationale.com\/index.php?rest_route=\/wp\/v2\/types\/product"}],"wp:featuredmedia":[{"embeddable":true,"href":"https:\/\/esentevibrationale.com\/index.php?rest_route=\/wp\/v2\/media\/1409"}],"wp:attachment":[{"href":"https:\/\/esentevibrationale.com\/index.php?rest_route=%2Fwp%2Fv2%2Fmedia&parent=1406"}],"wp:term":[{"taxonomy":"product_brand","embeddable":true,"href":"https:\/\/esentevibrationale.com\/index.php?rest_route=%2Fwp%2Fv2%2Fproduct_brand&post=1406"},{"taxonomy":"product_cat","embeddable":true,"href":"https:\/\/esentevibrationale.com\/index.php?rest_route=%2Fwp%2Fv2%2Fproduct_cat&post=1406"},{"taxonomy":"product_tag","embeddable":true,"href":"https:\/\/esentevibrationale.com\/index.php?rest_route=%2Fwp%2Fv2%2Fproduct_tag&post=1406"}],"curies":[{"name":"wp","href":"https:\/\/api.w.org\/{rel}","templated":true}]}}