{"id":14063,"date":"2023-10-03T13:21:11","date_gmt":"2023-10-03T10:21:11","guid":{"rendered":"https:\/\/esentevibrationale.com\/?post_type=product&#038;p=14063"},"modified":"2026-01-02T17:03:29","modified_gmt":"2026-01-02T15:03:29","slug":"essences-bat-esenta-liliac","status":"publish","type":"product","link":"https:\/\/esentevibrationale.com\/?product=essences-bat-esenta-liliac","title":{"rendered":"Essences Bat \/ Esen\u0163a Liliac"},"content":{"rendered":"<p><span class=\"Y2IQFc\" lang=\"ro\">Esen\u021ba este foarte energic\u0103, ne m\u0103re\u0219te for\u021ba vital\u0103. \u00cen vremuri de \u00eentuneric interior, ne ofer\u0103 orientare interioar\u0103. Ne ajut\u0103 s\u0103 devenim con\u0219tien\u021bi de umbra noastr\u0103 \u0219i de fricile noastre incon\u0219tiente care altfel ne limiteaz\u0103. Ne ajut\u0103 s\u0103 percepem ceea ce altfel nu ne place, ne ajut\u0103 s\u0103 accept\u0103m \u0219i s\u0103 iubim oamenii pe care altfel i-am respinge. Ne ajut\u0103 s\u0103 ne iert\u0103m propria umbr\u0103, dar \u0219i pe du\u0219manii no\u0219tri \u0219i astfel s\u0103 cre\u0103m \u0219i s\u0103 g\u0103sim pacea interioar\u0103.<\/span><\/p>\n","protected":false},"excerpt":{"rendered":"<p>Esen\u021ba este foarte energic\u0103, ne m\u0103re\u0219te for\u021ba vital\u0103. \u00cen vremuri de \u00eentuneric interior, ne ofer\u0103 orientare interioar\u0103. Ne ajut\u0103 s\u0103 devenim con\u0219tien\u021bi de umbra noastr\u0103 \u0219i de fricile noastre incon\u0219tiente care altfel ne limiteaz\u0103. Ne ajut\u0103 s\u0103 percepem ceea ce altfel nu ne place, ne ajut\u0103 s\u0103 accept\u0103m \u0219i s\u0103 iubim oamenii pe care altfel &hellip; <a href=\"https:\/\/esentevibrationale.com\/?product=essences-bat-esenta-liliac\" class=\"more-link\">Continu\u0103 lectura <span class=\"screen-reader-text\">Essences Bat \/ Esen\u0163a Liliac<\/span> <span class=\"meta-nav\">&rarr;<\/span><\/a><\/p>\n","protected":false},"featured_media":14064,"template":"","meta":[],"product_brand":[],"product_cat":[64],"product_tag":[],"class_list":{"0":"post-14063","1":"product","2":"type-product","3":"status-publish","4":"has-post-thumbnail","6":"product_cat-esente-de-animale-5","7":"pa_size-15ml","8":"pa_size-30ml","10":"first","11":"instock","12":"shipping-taxable","13":"purchasable","14":"product-type-variable"},"_links":{"self":[{"href":"https:\/\/esentevibrationale.com\/index.php?rest_route=\/wp\/v2\/product\/14063","targetHints":{"allow":["GET"]}}],"collection":[{"href":"https:\/\/esentevibrationale.com\/index.php?rest_route=\/wp\/v2\/product"}],"about":[{"href":"https:\/\/esentevibrationale.com\/index.php?rest_route=\/wp\/v2\/types\/product"}],"wp:featuredmedia":[{"embeddable":true,"href":"https:\/\/esentevibrationale.com\/index.php?rest_route=\/wp\/v2\/media\/14064"}],"wp:attachment":[{"href":"https:\/\/esentevibrationale.com\/index.php?rest_route=%2Fwp%2Fv2%2Fmedia&parent=14063"}],"wp:term":[{"taxonomy":"product_brand","embeddable":true,"href":"https:\/\/esentevibrationale.com\/index.php?rest_route=%2Fwp%2Fv2%2Fproduct_brand&post=14063"},{"taxonomy":"product_cat","embeddable":true,"href":"https:\/\/esentevibrationale.com\/index.php?rest_route=%2Fwp%2Fv2%2Fproduct_cat&post=14063"},{"taxonomy":"product_tag","embeddable":true,"href":"https:\/\/esentevibrationale.com\/index.php?rest_route=%2Fwp%2Fv2%2Fproduct_tag&post=14063"}],"curies":[{"name":"wp","href":"https:\/\/api.w.org\/{rel}","templated":true}]}}