{"id":14070,"date":"2023-10-03T16:25:56","date_gmt":"2023-10-03T13:25:56","guid":{"rendered":"https:\/\/esentevibrationale.com\/?post_type=product&#038;p=14070"},"modified":"2025-12-30T17:15:14","modified_gmt":"2025-12-30T15:15:14","slug":"stinkmorchel-mushroom-essence-esenta-buretelui-pucios","status":"publish","type":"product","link":"https:\/\/esentevibrationale.com\/?product=stinkmorchel-mushroom-essence-esenta-buretelui-pucios","title":{"rendered":"Common Stinkhorn Mushroom Essence \/ Esen\u021ba Buretelui Pucios"},"content":{"rendered":"<p><strong><span class=\"Y2IQFc\" lang=\"ro\"><em>(Phallus impudicus)<\/em> <\/span><\/strong><\/p>\n<p><span class=\"Y2IQFc\" lang=\"ro\">Esen\u021ba creeaz\u0103 o conexiune \u0219i o cur\u0103\u021bare \u00een subcon\u0219tientul personal. Ne face con\u0219tien\u021bi de partea \u00eentunecat\u0103 a sexualit\u0103\u021bii, unde ne-am l\u0103sat ghida\u021bi de instinct, unde g\u00e2ndurile sau ac\u021biunile noastre au fost ghidate de poft\u0103. Esen\u021ba ne ajut\u0103 s\u0103 \u00een\u021belegem, s\u0103 iert\u0103m, s\u0103 eliber\u0103m \u0219i s\u0103 tr\u0103im con\u0219tient. Acest comportament \u00ee\u0219i poate avea uneori r\u0103d\u0103cinile de-a lungul genera\u021biilor. Devenind con\u0219tien\u021bi de acest lucru, ne putem cur\u0103\u021ba g\u00e2ndurile cu lumin\u0103 \u0219i astfel ne putem schimba comportamentul. \u00cenv\u0103\u021b\u0103m s\u0103 experiment\u0103m \u00een mod con\u0219tient o sexualitate s\u0103n\u0103toas\u0103, f\u0103r\u0103 a fi influen\u021ba\u021bi de partea \u00eentunecat\u0103.<\/span><\/p>\n","protected":false},"excerpt":{"rendered":"<p>(Phallus impudicus) Esen\u021ba creeaz\u0103 o conexiune \u0219i o cur\u0103\u021bare \u00een subcon\u0219tientul personal. Ne face con\u0219tien\u021bi de partea \u00eentunecat\u0103 a sexualit\u0103\u021bii, unde ne-am l\u0103sat ghida\u021bi de instinct, unde g\u00e2ndurile sau ac\u021biunile noastre au fost ghidate de poft\u0103. Esen\u021ba ne ajut\u0103 s\u0103 \u00een\u021belegem, s\u0103 iert\u0103m, s\u0103 eliber\u0103m \u0219i s\u0103 tr\u0103im con\u0219tient. Acest comportament \u00ee\u0219i poate avea uneori &hellip; <a href=\"https:\/\/esentevibrationale.com\/?product=stinkmorchel-mushroom-essence-esenta-buretelui-pucios\" class=\"more-link\">Continu\u0103 lectura <span class=\"screen-reader-text\">Common Stinkhorn Mushroom Essence \/ Esen\u021ba Buretelui Pucios<\/span> <span class=\"meta-nav\">&rarr;<\/span><\/a><\/p>\n","protected":false},"featured_media":14072,"template":"","meta":[],"product_brand":[],"product_cat":[19],"product_tag":[],"class_list":{"0":"post-14070","1":"product","2":"type-product","3":"status-publish","4":"has-post-thumbnail","6":"product_cat-esente-de-ciuperci","7":"pa_size-15ml","8":"pa_size-30ml","10":"first","11":"instock","12":"shipping-taxable","13":"purchasable","14":"product-type-variable","15":"has-default-attributes"},"_links":{"self":[{"href":"https:\/\/esentevibrationale.com\/index.php?rest_route=\/wp\/v2\/product\/14070","targetHints":{"allow":["GET"]}}],"collection":[{"href":"https:\/\/esentevibrationale.com\/index.php?rest_route=\/wp\/v2\/product"}],"about":[{"href":"https:\/\/esentevibrationale.com\/index.php?rest_route=\/wp\/v2\/types\/product"}],"wp:featuredmedia":[{"embeddable":true,"href":"https:\/\/esentevibrationale.com\/index.php?rest_route=\/wp\/v2\/media\/14072"}],"wp:attachment":[{"href":"https:\/\/esentevibrationale.com\/index.php?rest_route=%2Fwp%2Fv2%2Fmedia&parent=14070"}],"wp:term":[{"taxonomy":"product_brand","embeddable":true,"href":"https:\/\/esentevibrationale.com\/index.php?rest_route=%2Fwp%2Fv2%2Fproduct_brand&post=14070"},{"taxonomy":"product_cat","embeddable":true,"href":"https:\/\/esentevibrationale.com\/index.php?rest_route=%2Fwp%2Fv2%2Fproduct_cat&post=14070"},{"taxonomy":"product_tag","embeddable":true,"href":"https:\/\/esentevibrationale.com\/index.php?rest_route=%2Fwp%2Fv2%2Fproduct_tag&post=14070"}],"curies":[{"name":"wp","href":"https:\/\/api.w.org\/{rel}","templated":true}]}}