{"id":14091,"date":"2023-10-27T13:55:52","date_gmt":"2023-10-27T10:55:52","guid":{"rendered":"https:\/\/esentevibrationale.com\/?post_type=product&#038;p=14091"},"modified":"2025-12-30T13:32:10","modified_gmt":"2025-12-30T11:32:10","slug":"ocean-spray-spray-oceanic","status":"publish","type":"product","link":"https:\/\/esentevibrationale.com\/?product=ocean-spray-spray-oceanic","title":{"rendered":"Ocean Spray \/ Spray Oceanic"},"content":{"rendered":"<p>Spray-ul Oceanic pentru protec\u021bia energetic\u0103 a aurei, vine din ad\u00e2ncurile oceanului <span class=\"Y2IQFc\" lang=\"ro\">\u0219i <\/span> sus\u021bine at\u00e2t auto-vindecarea, c\u00e2t \u0219i regenerarea energetic\u0103 a celulelor noastre. <span class=\"Y2IQFc\" lang=\"ro\">Activarea informa\u021biilor noastre primare nealterate, putere regenerativ\u0103 puternic\u0103. <\/span><\/p>\n<p><span class=\"Y2IQFc\" lang=\"ro\">*Proti\u0219tii (greac\u0103: primii copii) exist\u0103 \u00een ad\u00e2ncurile m\u0103rii de mai bine de un miliard de ani \u0219i sunt mai vechi dec\u00e2t plantele \u0219i animalele.<\/span><\/p>\n<p><strong><em>Utilizare:<\/em><\/strong><\/p>\n<p><strong><em>Da\u021bi cu spray de unul p\u00e2n\u0103 la patru ori peste \u015fi \u00een jurul capului \u015fi al umerilor \u00eenainte de a merge \u00een soare sau \u00een aer foarte poluat. \u021aine\u021bi flaconul la o distanta de aproximativ 50 cm (18 inch) de corp \u00een timp ce ap\u0103sa\u021bi spray-ul foarte u\u0219or.<\/em><\/strong><\/p>\n<p><img loading=\"lazy\" decoding=\"async\" class=\"alignnone size-medium wp-image-14551\" src=\"https:\/\/esentevibrationale.com\/wp-content\/uploads\/2023\/10\/ocean-web-300x225.jpg\" alt=\"\" width=\"300\" height=\"225\" srcset=\"https:\/\/esentevibrationale.com\/wp-content\/uploads\/2023\/10\/ocean-web-300x225.jpg 300w, https:\/\/esentevibrationale.com\/wp-content\/uploads\/2023\/10\/ocean-web-768x576.jpg 768w, https:\/\/esentevibrationale.com\/wp-content\/uploads\/2023\/10\/ocean-web.jpg 900w\" sizes=\"auto, (max-width: 300px) 100vw, 300px\" \/><\/p>\n<p>&nbsp;<\/p>\n","protected":false},"excerpt":{"rendered":"<p>Spray-ul Oceanic pentru protec\u021bia energetic\u0103 a aurei, vine din ad\u00e2ncurile oceanului \u0219i sus\u021bine at\u00e2t auto-vindecarea, c\u00e2t \u0219i regenerarea energetic\u0103 a celulelor noastre. Activarea informa\u021biilor noastre primare nealterate, putere regenerativ\u0103 puternic\u0103. *Proti\u0219tii (greac\u0103: primii copii) exist\u0103 \u00een ad\u00e2ncurile m\u0103rii de mai bine de un miliard de ani \u0219i sunt mai vechi dec\u00e2t plantele \u0219i animalele. Utilizare: &hellip; <a href=\"https:\/\/esentevibrationale.com\/?product=ocean-spray-spray-oceanic\" class=\"more-link\">Continu\u0103 lectura <span class=\"screen-reader-text\">Ocean Spray \/ Spray Oceanic<\/span> <span class=\"meta-nav\">&rarr;<\/span><\/a><\/p>\n","protected":false},"featured_media":14092,"template":"","meta":[],"product_brand":[],"product_cat":[36],"product_tag":[],"class_list":{"0":"post-14091","1":"product","2":"type-product","3":"status-publish","4":"has-post-thumbnail","6":"product_cat-spray-uri","7":"pa_size-200-ml","8":"pa_size-50-ml","10":"first","11":"instock","12":"shipping-taxable","13":"purchasable","14":"product-type-variable","15":"has-default-attributes"},"_links":{"self":[{"href":"https:\/\/esentevibrationale.com\/index.php?rest_route=\/wp\/v2\/product\/14091","targetHints":{"allow":["GET"]}}],"collection":[{"href":"https:\/\/esentevibrationale.com\/index.php?rest_route=\/wp\/v2\/product"}],"about":[{"href":"https:\/\/esentevibrationale.com\/index.php?rest_route=\/wp\/v2\/types\/product"}],"wp:featuredmedia":[{"embeddable":true,"href":"https:\/\/esentevibrationale.com\/index.php?rest_route=\/wp\/v2\/media\/14092"}],"wp:attachment":[{"href":"https:\/\/esentevibrationale.com\/index.php?rest_route=%2Fwp%2Fv2%2Fmedia&parent=14091"}],"wp:term":[{"taxonomy":"product_brand","embeddable":true,"href":"https:\/\/esentevibrationale.com\/index.php?rest_route=%2Fwp%2Fv2%2Fproduct_brand&post=14091"},{"taxonomy":"product_cat","embeddable":true,"href":"https:\/\/esentevibrationale.com\/index.php?rest_route=%2Fwp%2Fv2%2Fproduct_cat&post=14091"},{"taxonomy":"product_tag","embeddable":true,"href":"https:\/\/esentevibrationale.com\/index.php?rest_route=%2Fwp%2Fv2%2Fproduct_tag&post=14091"}],"curies":[{"name":"wp","href":"https:\/\/api.w.org\/{rel}","templated":true}]}}