{"id":1410,"date":"2018-11-12T13:08:05","date_gmt":"2018-11-12T12:08:05","guid":{"rendered":"https:\/\/phiessences.com\/Romania\/?post_type=product&#038;p=1410"},"modified":"2026-01-01T18:46:11","modified_gmt":"2026-01-01T16:46:11","slug":"fire-coral-coralul-de-foc","status":"publish","type":"product","link":"https:\/\/esentevibrationale.com\/?product=fire-coral-coralul-de-foc","title":{"rendered":"Fire Coral \/ Coralul de Foc"},"content":{"rendered":"<p><strong>(Millepora dichotoma)<\/strong><\/p>\n<p>Aceast\u0103 esen\u0163\u0103 are un efect energetic asupra pielii. Ne sus\u0163ine \u00een reac\u0163iile noastre hipersensibile \u015fi \u00een procesele legate de energie \u015fi de repulsie. Emo\u0163ional ajut\u0103 persoanele s\u0103 \u00ee\u015fi dezvolte mai mult c\u0103ldura interioar\u0103 \u015fi \u00eencrederea. La nivel spiritual esen\u0163a ne ajut\u0103 s\u0103 avem mai pu\u0163ine prejudec\u0103\u0163i, astfel\u00a0 vom putea ajunge la alte persoane.<\/p>\n","protected":false},"excerpt":{"rendered":"<p>(Millepora dichotoma) Aceast\u0103 esen\u0163\u0103 are un efect energetic asupra pielii. Ne sus\u0163ine \u00een reac\u0163iile noastre hipersensibile \u015fi \u00een procesele legate de energie \u015fi de repulsie. Emo\u0163ional ajut\u0103 persoanele s\u0103 \u00ee\u015fi dezvolte mai mult c\u0103ldura interioar\u0103 \u015fi \u00eencrederea. La nivel spiritual esen\u0163a ne ajut\u0103 s\u0103 avem mai pu\u0163ine prejudec\u0103\u0163i, astfel\u00a0 vom putea ajunge la alte persoane.<\/p>\n","protected":false},"featured_media":1414,"template":"","meta":[],"product_brand":[],"product_cat":[43],"product_tag":[],"class_list":{"0":"post-1410","1":"product","2":"type-product","3":"status-publish","4":"has-post-thumbnail","6":"product_cat-esente-marine","7":"pa_size-15ml","8":"pa_size-30ml","10":"first","11":"instock","12":"shipping-taxable","13":"purchasable","14":"product-type-variable","15":"has-default-attributes"},"_links":{"self":[{"href":"https:\/\/esentevibrationale.com\/index.php?rest_route=\/wp\/v2\/product\/1410","targetHints":{"allow":["GET"]}}],"collection":[{"href":"https:\/\/esentevibrationale.com\/index.php?rest_route=\/wp\/v2\/product"}],"about":[{"href":"https:\/\/esentevibrationale.com\/index.php?rest_route=\/wp\/v2\/types\/product"}],"wp:featuredmedia":[{"embeddable":true,"href":"https:\/\/esentevibrationale.com\/index.php?rest_route=\/wp\/v2\/media\/1414"}],"wp:attachment":[{"href":"https:\/\/esentevibrationale.com\/index.php?rest_route=%2Fwp%2Fv2%2Fmedia&parent=1410"}],"wp:term":[{"taxonomy":"product_brand","embeddable":true,"href":"https:\/\/esentevibrationale.com\/index.php?rest_route=%2Fwp%2Fv2%2Fproduct_brand&post=1410"},{"taxonomy":"product_cat","embeddable":true,"href":"https:\/\/esentevibrationale.com\/index.php?rest_route=%2Fwp%2Fv2%2Fproduct_cat&post=1410"},{"taxonomy":"product_tag","embeddable":true,"href":"https:\/\/esentevibrationale.com\/index.php?rest_route=%2Fwp%2Fv2%2Fproduct_tag&post=1410"}],"curies":[{"name":"wp","href":"https:\/\/api.w.org\/{rel}","templated":true}]}}