{"id":14103,"date":"2023-12-08T16:48:25","date_gmt":"2023-12-08T14:48:25","guid":{"rendered":"https:\/\/esentevibrationale.com\/?post_type=product&#038;p=14103"},"modified":"2025-12-30T13:22:51","modified_gmt":"2025-12-30T11:22:51","slug":"oceanic-cream-crema-oceanica","status":"publish","type":"product","link":"https:\/\/esentevibrationale.com\/?product=oceanic-cream-crema-oceanica","title":{"rendered":"Oceanic Cream \/ Crem\u0103 Oceanic\u0103"},"content":{"rendered":"<div class=\"\" dir=\"auto\">\n<div id=\":r1k:\" class=\"x1iorvi4 x1pi30zi x1l90r2v x1swvt13\" data-ad-comet-preview=\"message\" data-ad-preview=\"message\">\n<div class=\"x78zum5 xdt5ytf xz62fqu x16ldp7u\">\n<div class=\"xu06os2 x1ok221b\">\n<div class=\"xdj266r x11i5rnm xat24cr x1mh8g0r x1vvkbs x126k92a\">\n<div dir=\"auto\"><span class=\"Y2IQFc\" lang=\"ro\">Aceast\u0103 crem\u0103 este p<\/span><span class=\"Y2IQFc\" lang=\"ro\">entru tenul stresat.\u00a0 Crema ajut\u0103 pielea s\u0103 se regenereze. Crema noastr\u0103 este produs\u0103 \u00een Europa, nu con\u021bine parabeni \u0219i este tratat\u0103 cu terapie holistic\u0103 cu lumin\u0103 \u00een timpul produc\u021biei. <\/span><\/div>\n<div dir=\"auto\"><span class=\"Y2IQFc\" lang=\"ro\">60 de grame de crem\u0103 \u00eentr-un borcan de sticl\u0103.<\/span><\/div>\n<div dir=\"auto\"><\/div>\n<\/div>\n<\/div>\n<\/div>\n<\/div>\n<\/div>\n","protected":false},"excerpt":{"rendered":"<p>Aceast\u0103 crem\u0103 este pentru tenul stresat.\u00a0 Crema ajut\u0103 pielea s\u0103 se regenereze. Crema noastr\u0103 este produs\u0103 \u00een Europa, nu con\u021bine parabeni \u0219i este tratat\u0103 cu terapie holistic\u0103 cu lumin\u0103 \u00een timpul produc\u021biei. 60 de grame de crem\u0103 \u00eentr-un borcan de sticl\u0103.<\/p>\n","protected":false},"featured_media":14128,"template":"","meta":[],"product_brand":[],"product_cat":[34],"product_tag":[],"class_list":{"0":"post-14103","1":"product","2":"type-product","3":"status-publish","4":"has-post-thumbnail","6":"product_cat-creme","8":"first","9":"instock","10":"shipping-taxable","11":"purchasable","12":"product-type-simple"},"_links":{"self":[{"href":"https:\/\/esentevibrationale.com\/index.php?rest_route=\/wp\/v2\/product\/14103","targetHints":{"allow":["GET"]}}],"collection":[{"href":"https:\/\/esentevibrationale.com\/index.php?rest_route=\/wp\/v2\/product"}],"about":[{"href":"https:\/\/esentevibrationale.com\/index.php?rest_route=\/wp\/v2\/types\/product"}],"wp:featuredmedia":[{"embeddable":true,"href":"https:\/\/esentevibrationale.com\/index.php?rest_route=\/wp\/v2\/media\/14128"}],"wp:attachment":[{"href":"https:\/\/esentevibrationale.com\/index.php?rest_route=%2Fwp%2Fv2%2Fmedia&parent=14103"}],"wp:term":[{"taxonomy":"product_brand","embeddable":true,"href":"https:\/\/esentevibrationale.com\/index.php?rest_route=%2Fwp%2Fv2%2Fproduct_brand&post=14103"},{"taxonomy":"product_cat","embeddable":true,"href":"https:\/\/esentevibrationale.com\/index.php?rest_route=%2Fwp%2Fv2%2Fproduct_cat&post=14103"},{"taxonomy":"product_tag","embeddable":true,"href":"https:\/\/esentevibrationale.com\/index.php?rest_route=%2Fwp%2Fv2%2Fproduct_tag&post=14103"}],"curies":[{"name":"wp","href":"https:\/\/api.w.org\/{rel}","templated":true}]}}