{"id":14108,"date":"2023-12-15T10:33:07","date_gmt":"2023-12-15T08:33:07","guid":{"rendered":"https:\/\/esentevibrationale.com\/?post_type=product&#038;p=14108"},"modified":"2026-01-03T16:35:00","modified_gmt":"2026-01-03T14:35:00","slug":"carduri-orhidee","status":"publish","type":"product","link":"https:\/\/esentevibrationale.com\/?product=carduri-orhidee","title":{"rendered":"Carduri Orhidee"},"content":{"rendered":"<p>&nbsp;<\/p>\n<p>Setul con\u021bine 20 de carduri cu imaginea fiec\u0103rei orhidee din Amazon.<\/p>\n<p>Cardurile sunt f\u0103r\u0103 descrierea Esen\u021belor Orhideelor<\/p>\n<p>Greutate: 0,09 kg pe bucat\u0103<\/p>\n<p>9 cm x 13 cm<\/p>\n<p>&nbsp;<\/p>\n","protected":false},"excerpt":{"rendered":"<p>&nbsp; Setul con\u021bine 20 de carduri cu imaginea fiec\u0103rei orhidee din Amazon. Cardurile sunt f\u0103r\u0103 descrierea Esen\u021belor Orhideelor Greutate: 0,09 kg pe bucat\u0103 9 cm x 13 cm &nbsp;<\/p>\n","protected":false},"featured_media":14109,"template":"","meta":[],"product_brand":[],"product_cat":[25],"product_tag":[],"class_list":{"0":"post-14108","1":"product","2":"type-product","3":"status-publish","4":"has-post-thumbnail","6":"product_cat-esente-de-orhidee-din-amazon","8":"first","9":"instock","10":"shipping-taxable","11":"purchasable","12":"product-type-simple"},"_links":{"self":[{"href":"https:\/\/esentevibrationale.com\/index.php?rest_route=\/wp\/v2\/product\/14108","targetHints":{"allow":["GET"]}}],"collection":[{"href":"https:\/\/esentevibrationale.com\/index.php?rest_route=\/wp\/v2\/product"}],"about":[{"href":"https:\/\/esentevibrationale.com\/index.php?rest_route=\/wp\/v2\/types\/product"}],"wp:featuredmedia":[{"embeddable":true,"href":"https:\/\/esentevibrationale.com\/index.php?rest_route=\/wp\/v2\/media\/14109"}],"wp:attachment":[{"href":"https:\/\/esentevibrationale.com\/index.php?rest_route=%2Fwp%2Fv2%2Fmedia&parent=14108"}],"wp:term":[{"taxonomy":"product_brand","embeddable":true,"href":"https:\/\/esentevibrationale.com\/index.php?rest_route=%2Fwp%2Fv2%2Fproduct_brand&post=14108"},{"taxonomy":"product_cat","embeddable":true,"href":"https:\/\/esentevibrationale.com\/index.php?rest_route=%2Fwp%2Fv2%2Fproduct_cat&post=14108"},{"taxonomy":"product_tag","embeddable":true,"href":"https:\/\/esentevibrationale.com\/index.php?rest_route=%2Fwp%2Fv2%2Fproduct_tag&post=14108"}],"curies":[{"name":"wp","href":"https:\/\/api.w.org\/{rel}","templated":true}]}}