{"id":14295,"date":"2024-09-05T13:35:38","date_gmt":"2024-09-05T10:35:38","guid":{"rendered":"https:\/\/esentevibrationale.com\/?post_type=product&#038;p=14295"},"modified":"2026-01-02T09:12:54","modified_gmt":"2026-01-02T07:12:54","slug":"ocean-essence-nr-48-esenta-oceanica-48","status":"publish","type":"product","link":"https:\/\/esentevibrationale.com\/?product=ocean-essence-nr-48-esenta-oceanica-48","title":{"rendered":"Ocean Essence No. 48 \/ Esen\u021ba Oceanic\u0103 Nr. 48"},"content":{"rendered":"<p>O serie de protozoare formeaz\u0103 un compus \u00een forma unui inel \u00eenconjurat de un strat protector. Creatura este de 2 cm m\u0103rime \u0219i tr\u0103ie\u0219te plutind liber \u00een ap\u0103.<\/p>\n<p>Esen\u021ba ne conecteaz\u0103 la ciclul etern de la embrion p\u00e2n\u0103 la moarte. Ne conecteaz\u0103 cu str\u0103mo\u0219ii no\u0219tri, care au trecut cu to\u021bii prin acela\u0219i ciclu. Toate procesele vie\u021bii sunt sus\u021binute \u0219i armonizate \u00een func\u021bie de dezvoltare. Fertilizare &#8211; dezvoltare embrionar\u0103 &#8211; na\u0219tere &#8211; copil\u0103rie &#8211; pubertate &#8211; maturitate &#8211; dezvoltare t\u00e2rzie &#8211; moarte. Ne tr\u0103im dezvoltarea ca pe un proces natural, conectat cu str\u0103mo\u0219ii no\u0219tri. \u00cenv\u0103\u021b\u0103m s\u0103 ne apreciem \u0219i s\u0103 ne onor\u0103m familia \u0219i originile culturale. Armonizeaz\u0103 subcon\u0219tientul \u00een timpul dezvolt\u0103rii noastre.<\/p>\n","protected":false},"excerpt":{"rendered":"<p>O serie de protozoare formeaz\u0103 un compus \u00een forma unui inel \u00eenconjurat de un strat protector. Creatura este de 2 cm m\u0103rime \u0219i tr\u0103ie\u0219te plutind liber \u00een ap\u0103. Esen\u021ba ne conecteaz\u0103 la ciclul etern de la embrion p\u00e2n\u0103 la moarte. Ne conecteaz\u0103 cu str\u0103mo\u0219ii no\u0219tri, care au trecut cu to\u021bii prin acela\u0219i ciclu. Toate procesele &hellip; <a href=\"https:\/\/esentevibrationale.com\/?product=ocean-essence-nr-48-esenta-oceanica-48\" class=\"more-link\">Continu\u0103 lectura <span class=\"screen-reader-text\">Ocean Essence No. 48 \/ Esen\u021ba Oceanic\u0103 Nr. 48<\/span> <span class=\"meta-nav\">&rarr;<\/span><\/a><\/p>\n","protected":false},"featured_media":14296,"template":"","meta":[],"product_brand":[],"product_cat":[72],"product_tag":[],"class_list":{"0":"post-14295","1":"product","2":"type-product","3":"status-publish","4":"has-post-thumbnail","6":"product_cat-esentele-ocenului","7":"pa_size-15ml","8":"pa_size-30ml","10":"first","11":"instock","12":"shipping-taxable","13":"purchasable","14":"product-type-variable","15":"has-default-attributes"},"_links":{"self":[{"href":"https:\/\/esentevibrationale.com\/index.php?rest_route=\/wp\/v2\/product\/14295","targetHints":{"allow":["GET"]}}],"collection":[{"href":"https:\/\/esentevibrationale.com\/index.php?rest_route=\/wp\/v2\/product"}],"about":[{"href":"https:\/\/esentevibrationale.com\/index.php?rest_route=\/wp\/v2\/types\/product"}],"wp:featuredmedia":[{"embeddable":true,"href":"https:\/\/esentevibrationale.com\/index.php?rest_route=\/wp\/v2\/media\/14296"}],"wp:attachment":[{"href":"https:\/\/esentevibrationale.com\/index.php?rest_route=%2Fwp%2Fv2%2Fmedia&parent=14295"}],"wp:term":[{"taxonomy":"product_brand","embeddable":true,"href":"https:\/\/esentevibrationale.com\/index.php?rest_route=%2Fwp%2Fv2%2Fproduct_brand&post=14295"},{"taxonomy":"product_cat","embeddable":true,"href":"https:\/\/esentevibrationale.com\/index.php?rest_route=%2Fwp%2Fv2%2Fproduct_cat&post=14295"},{"taxonomy":"product_tag","embeddable":true,"href":"https:\/\/esentevibrationale.com\/index.php?rest_route=%2Fwp%2Fv2%2Fproduct_tag&post=14295"}],"curies":[{"name":"wp","href":"https:\/\/api.w.org\/{rel}","templated":true}]}}