{"id":1430,"date":"2018-11-14T06:12:33","date_gmt":"2018-11-14T05:12:33","guid":{"rendered":"https:\/\/phiessences.com\/Romania\/?post_type=product&#038;p=1430"},"modified":"2024-01-06T17:53:45","modified_gmt":"2024-01-06T15:53:45","slug":"aloe-aloe","status":"publish","type":"product","link":"https:\/\/esentevibrationale.com\/?product=aloe-aloe","title":{"rendered":"Aloe \/ Aloe"},"content":{"rendered":"<p><strong>(Aloe striata)<\/strong><\/p>\n<p><em>Aloe este o plant\u0103 suculent\u0103 care se g\u0103se\u0219te \u00een principal \u00een Mexic, America de Sud precum \u0219i \u00een Insulele Canare. La noi este apreciat\u0103 ca plant\u0103 ornamental\u0103. \u00cen cosmetic\u0103, gelul de aloe este extras din frunze \u0219i este intens hidratant. Este \u00eencorporat \u00een produsele de \u00eengrijirea pielii mai ales \u00een cele pentru piele uscat\u0103, \u00eemb\u0103tr\u00e2nit\u0103 \u0219i pentru pielea deteriorat\u0103 de soare (sau de alte arsuri).<\/em><\/p>\n<p><strong><em>Efectul Esen\u021bei: <\/em><\/strong>Esen\u021ba de Aloe ajut\u0103 la recuperare \u00een caz de extenuare. Readuce energia vie\u021bii, \u00een special, atunci c\u00e2nd am folosit prea mult din rezerva noastr\u0103 de energie de foc (adic\u0103, energie pentru a ac\u021biona, energie pentru a ne urm\u0103ri obiectivele, energie pentru a \u00eendeplini sarcini diverse). Esen\u021ba restabile\u0219te echilibrul interior dintre foc \u0219i ap\u0103.<\/p>\n<p><strong><em>Efectul Esen\u021bei la Nivel Fizic: <\/em><\/strong>Cei care sunt adesea \u00eentr-o stare de efort mare sunt atra\u0219i de esen\u021b\u0103. Cu esen\u021ba ne putem regenera corpul \u0219i ne rec\u00e2\u0219tig\u0103m puterea. Favorizeaz\u0103 relaxarea interioar\u0103 \u0219i ne face mai senzitivi c\u00e2nd avem de-a face cu al\u021bi oameni. \u00cen special, este folositoare c\u00e2nd avem tendin\u021ba de a pune presiune pe semenii no\u0219tri. O baie cu 10 pic\u0103turi de esen\u021b\u0103 are un efect de regenerare intens\u0103.<\/p>\n<p><strong><em>Efectul Esen\u021bei la Nivel Emo\u021bional: <\/em><\/strong>C\u00e2nd oboseala \u0219i extenuarea &#8222;ne guverneaz\u0103&#8221;, nivelul nostru emo\u021bional este de obicei Esen\u021ba transmite o energie nou\u0103, ca s\u0103 facem fa\u021b\u0103 emo\u021biilor \u0219i s\u0103 le armoniz\u0103m prin impulsuri creative.<\/p>\n<p><strong><em>Efectul Esen\u021bei la Nivel Mental: <\/em><\/strong>Esen\u021ba stabile\u0219te echilibrul \u00eentre elementele de foc \u0219i ap\u0103, pe care le avem \u00een noi \u00een\u0219ine \u0219i care se reflect\u0103 \u00een &#8222;focul g\u00e2ndirii&#8221; \u0219i \u00eentr-o lume a g\u00e2ndurilor mai profund\u0103 \u0219i mai sensibil\u0103. Promoveaz\u0103 suport energetic, c\u00e2nd capacitatea noastr\u0103 de concentrare este sc\u0103zut\u0103, avem dificult\u0103\u021bi cu memoria sau g\u00e2ndirea noastr\u0103 este lent\u0103, ca un rezultat al epuiz\u0103rii holistice, care ne afecteaz\u0103 nivelul mental.<\/p>\n<p><strong><em>Efectul Esen\u021bei la Nivel Spiritual: <\/em><\/strong>Epuiza- rea integral\u0103 ne face s\u0103 nu ne mai ascult\u0103m intui\u021bia \u0219i nici Sinele nostru Superior \u0219i de a ac\u021biona \u00een consecin\u021b\u0103, ci doar s\u0103 &#8222;func\u021bion\u0103m&#8221;. Exist\u0103 posibilitatea de a ne \u00eenchide \u00een noi fa\u021b\u0103 de orice fel de experien\u021b\u0103 spiritual\u0103 \u0219i s\u0103 risc\u0103m s\u0103 ne \u00eentunec\u0103m propriul corp de lumin\u0103. Cu esen\u021ba putea s\u0103 ne rec\u00e2\u0219tig\u0103m echilibrul interior, ne vom regenera \u0219i ne vom redeschide c\u0103tre experien\u021bele spiritu- ale.<\/p>\n<p><strong><em>Afirma\u021bia: <\/em><\/strong>Simt o energie nou trezit\u0103 \u00een interiorul meu \u0219i \u00eemi trag puterea din surs\u0103.<\/p>\n","protected":false},"excerpt":{"rendered":"<p>(Aloe striata) Aloe este o plant\u0103 suculent\u0103 care se g\u0103se\u0219te \u00een principal \u00een Mexic, America de Sud precum \u0219i \u00een Insulele Canare. La noi este apreciat\u0103 ca plant\u0103 ornamental\u0103. \u00cen cosmetic\u0103, gelul de aloe este extras din frunze \u0219i este intens hidratant. Este \u00eencorporat \u00een produsele de \u00eengrijirea pielii mai ales \u00een cele pentru piele &hellip; <a href=\"https:\/\/esentevibrationale.com\/?product=aloe-aloe\" class=\"more-link\">Continu\u0103 lectura <span class=\"screen-reader-text\">Aloe \/ Aloe<\/span> <span class=\"meta-nav\">&rarr;<\/span><\/a><\/p>\n","protected":false},"featured_media":1434,"template":"","meta":[],"product_brand":[],"product_cat":[44],"product_tag":[],"class_list":{"0":"post-1430","1":"product","2":"type-product","3":"status-publish","4":"has-post-thumbnail","6":"product_cat-esente-de-flori-din-africa-si-insulele-canare","7":"pa_size-15ml","8":"pa_size-30ml","10":"first","11":"instock","12":"shipping-taxable","13":"purchasable","14":"product-type-variable","15":"has-default-attributes"},"_links":{"self":[{"href":"https:\/\/esentevibrationale.com\/index.php?rest_route=\/wp\/v2\/product\/1430","targetHints":{"allow":["GET"]}}],"collection":[{"href":"https:\/\/esentevibrationale.com\/index.php?rest_route=\/wp\/v2\/product"}],"about":[{"href":"https:\/\/esentevibrationale.com\/index.php?rest_route=\/wp\/v2\/types\/product"}],"wp:featuredmedia":[{"embeddable":true,"href":"https:\/\/esentevibrationale.com\/index.php?rest_route=\/wp\/v2\/media\/1434"}],"wp:attachment":[{"href":"https:\/\/esentevibrationale.com\/index.php?rest_route=%2Fwp%2Fv2%2Fmedia&parent=1430"}],"wp:term":[{"taxonomy":"product_brand","embeddable":true,"href":"https:\/\/esentevibrationale.com\/index.php?rest_route=%2Fwp%2Fv2%2Fproduct_brand&post=1430"},{"taxonomy":"product_cat","embeddable":true,"href":"https:\/\/esentevibrationale.com\/index.php?rest_route=%2Fwp%2Fv2%2Fproduct_cat&post=1430"},{"taxonomy":"product_tag","embeddable":true,"href":"https:\/\/esentevibrationale.com\/index.php?rest_route=%2Fwp%2Fv2%2Fproduct_tag&post=1430"}],"curies":[{"name":"wp","href":"https:\/\/api.w.org\/{rel}","templated":true}]}}