{"id":14307,"date":"2024-09-05T15:04:42","date_gmt":"2024-09-05T12:04:42","guid":{"rendered":"https:\/\/esentevibrationale.com\/?post_type=product&#038;p=14307"},"modified":"2026-01-02T09:17:09","modified_gmt":"2026-01-02T07:17:09","slug":"ocean-essence-no-52-esenta-oceanica-nr-52","status":"publish","type":"product","link":"https:\/\/esentevibrationale.com\/?product=ocean-essence-no-52-esenta-oceanica-nr-52","title":{"rendered":"Ocean Essence No. 52 \/ Esen\u021ba Oceanic\u0103 Nr. 52"},"content":{"rendered":"<p>Meduza are un corp de m\u0103rime medie. Animalul este complet transparent \u0219i se deplaseaz\u0103 prin pulsa\u021bie tr\u0103g\u00e2ndu-\u0219i cele 4 tentacule \u00een spate.<\/p>\n<p>Esen\u021ba are un efect energetic asupra gonadelor noastre \u0219i ne conecteaz\u0103 cu informa\u021bia original\u0103 f\u0103r\u0103 s\u0103 o modifice. Esen\u021ba are un efect de purificare, informa\u021biile care nu ne apar\u021bin sunt canalizate afar\u0103.<\/p>\n","protected":false},"excerpt":{"rendered":"<p>Meduza are un corp de m\u0103rime medie. Animalul este complet transparent \u0219i se deplaseaz\u0103 prin pulsa\u021bie tr\u0103g\u00e2ndu-\u0219i cele 4 tentacule \u00een spate. Esen\u021ba are un efect energetic asupra gonadelor noastre \u0219i ne conecteaz\u0103 cu informa\u021bia original\u0103 f\u0103r\u0103 s\u0103 o modifice. Esen\u021ba are un efect de purificare, informa\u021biile care nu ne apar\u021bin sunt canalizate afar\u0103.<\/p>\n","protected":false},"featured_media":14311,"template":"","meta":[],"product_brand":[],"product_cat":[72],"product_tag":[],"class_list":{"0":"post-14307","1":"product","2":"type-product","3":"status-publish","4":"has-post-thumbnail","6":"product_cat-esentele-ocenului","7":"pa_size-15ml","8":"pa_size-30ml","10":"first","11":"instock","12":"shipping-taxable","13":"purchasable","14":"product-type-variable","15":"has-default-attributes"},"_links":{"self":[{"href":"https:\/\/esentevibrationale.com\/index.php?rest_route=\/wp\/v2\/product\/14307","targetHints":{"allow":["GET"]}}],"collection":[{"href":"https:\/\/esentevibrationale.com\/index.php?rest_route=\/wp\/v2\/product"}],"about":[{"href":"https:\/\/esentevibrationale.com\/index.php?rest_route=\/wp\/v2\/types\/product"}],"wp:featuredmedia":[{"embeddable":true,"href":"https:\/\/esentevibrationale.com\/index.php?rest_route=\/wp\/v2\/media\/14311"}],"wp:attachment":[{"href":"https:\/\/esentevibrationale.com\/index.php?rest_route=%2Fwp%2Fv2%2Fmedia&parent=14307"}],"wp:term":[{"taxonomy":"product_brand","embeddable":true,"href":"https:\/\/esentevibrationale.com\/index.php?rest_route=%2Fwp%2Fv2%2Fproduct_brand&post=14307"},{"taxonomy":"product_cat","embeddable":true,"href":"https:\/\/esentevibrationale.com\/index.php?rest_route=%2Fwp%2Fv2%2Fproduct_cat&post=14307"},{"taxonomy":"product_tag","embeddable":true,"href":"https:\/\/esentevibrationale.com\/index.php?rest_route=%2Fwp%2Fv2%2Fproduct_tag&post=14307"}],"curies":[{"name":"wp","href":"https:\/\/api.w.org\/{rel}","templated":true}]}}