{"id":14312,"date":"2024-09-05T15:43:09","date_gmt":"2024-09-05T12:43:09","guid":{"rendered":"https:\/\/esentevibrationale.com\/?post_type=product&#038;p=14312"},"modified":"2026-01-02T09:20:16","modified_gmt":"2026-01-02T07:20:16","slug":"ocean-essence-no-53-esenta-oceanica-nr-53","status":"publish","type":"product","link":"https:\/\/esentevibrationale.com\/?product=ocean-essence-no-53-esenta-oceanica-nr-53","title":{"rendered":"Ocean Essence No. 53 \/ Esen\u021ba Oceanic\u0103 Nr. 53"},"content":{"rendered":"<p>O specie de &#8222;Collozoum inerme&#8221; f\u0103r\u0103 strat protector, care are aproximativ 8 cm lungime \u0219i aproximativ 5 mm l\u0103\u021bime, este plat\u0103 alungit\u0103, cu str\u0103lucire verzuie.<\/p>\n<p>Esen\u021ba are un efect de stimulare energetic\u0103 asupra metabolismului nostru \u0219i ne ajut\u0103 s\u0103 ne eliber\u0103m de balastul vechi. Stimuleaz\u0103 metabolismul din punct de vedere energetic \u0219i ne poate sprijini la nivel fizic s\u0103 ne purific\u0103m \u0219i s\u0103 reducem balastul vechi. Este un tonic pentru tot organismul.<\/p>\n","protected":false},"excerpt":{"rendered":"<p>O specie de &#8222;Collozoum inerme&#8221; f\u0103r\u0103 strat protector, care are aproximativ 8 cm lungime \u0219i aproximativ 5 mm l\u0103\u021bime, este plat\u0103 alungit\u0103, cu str\u0103lucire verzuie. Esen\u021ba are un efect de stimulare energetic\u0103 asupra metabolismului nostru \u0219i ne ajut\u0103 s\u0103 ne eliber\u0103m de balastul vechi. Stimuleaz\u0103 metabolismul din punct de vedere energetic \u0219i ne poate sprijini &hellip; <a href=\"https:\/\/esentevibrationale.com\/?product=ocean-essence-no-53-esenta-oceanica-nr-53\" class=\"more-link\">Continu\u0103 lectura <span class=\"screen-reader-text\">Ocean Essence No. 53 \/ Esen\u021ba Oceanic\u0103 Nr. 53<\/span> <span class=\"meta-nav\">&rarr;<\/span><\/a><\/p>\n","protected":false},"featured_media":14313,"template":"","meta":[],"product_brand":[],"product_cat":[72],"product_tag":[],"class_list":{"0":"post-14312","1":"product","2":"type-product","3":"status-publish","4":"has-post-thumbnail","6":"product_cat-esentele-ocenului","7":"pa_size-15ml","8":"pa_size-30ml","10":"first","11":"instock","12":"shipping-taxable","13":"purchasable","14":"product-type-variable","15":"has-default-attributes"},"_links":{"self":[{"href":"https:\/\/esentevibrationale.com\/index.php?rest_route=\/wp\/v2\/product\/14312","targetHints":{"allow":["GET"]}}],"collection":[{"href":"https:\/\/esentevibrationale.com\/index.php?rest_route=\/wp\/v2\/product"}],"about":[{"href":"https:\/\/esentevibrationale.com\/index.php?rest_route=\/wp\/v2\/types\/product"}],"wp:featuredmedia":[{"embeddable":true,"href":"https:\/\/esentevibrationale.com\/index.php?rest_route=\/wp\/v2\/media\/14313"}],"wp:attachment":[{"href":"https:\/\/esentevibrationale.com\/index.php?rest_route=%2Fwp%2Fv2%2Fmedia&parent=14312"}],"wp:term":[{"taxonomy":"product_brand","embeddable":true,"href":"https:\/\/esentevibrationale.com\/index.php?rest_route=%2Fwp%2Fv2%2Fproduct_brand&post=14312"},{"taxonomy":"product_cat","embeddable":true,"href":"https:\/\/esentevibrationale.com\/index.php?rest_route=%2Fwp%2Fv2%2Fproduct_cat&post=14312"},{"taxonomy":"product_tag","embeddable":true,"href":"https:\/\/esentevibrationale.com\/index.php?rest_route=%2Fwp%2Fv2%2Fproduct_tag&post=14312"}],"curies":[{"name":"wp","href":"https:\/\/api.w.org\/{rel}","templated":true}]}}