{"id":14316,"date":"2024-09-05T16:01:53","date_gmt":"2024-09-05T13:01:53","guid":{"rendered":"https:\/\/esentevibrationale.com\/?post_type=product&#038;p=14316"},"modified":"2026-01-02T09:19:18","modified_gmt":"2026-01-02T07:19:18","slug":"ocean-essence-no-54-esenta-oceanica-nr-54","status":"publish","type":"product","link":"https:\/\/esentevibrationale.com\/?product=ocean-essence-no-54-esenta-oceanica-nr-54","title":{"rendered":"Ocean Essence No. 54 \/ Esen\u021ba Oceanic\u0103 Nr. 54"},"content":{"rendered":"<p>O meduz\u0103 \u00een form\u0103 oval\u0103 de 8 cm lungime, cu un ochi negru <span class=\"Y2IQFc\" lang=\"ro\">\u0219i interior portocaliu.<\/span><\/p>\n<p>Esen\u021ba lucreaz\u0103 pe subcon\u0219tientul nostru, pe parte \u00eentunecat\u0103 a sexualit\u0103\u021bii: frica de sexualitate, de sarcin\u0103, probleme precum avortul sunt rezolvate energetic. Lucruri care nu sunt acceptate de noi \u0219i care au fost \u00eempinse \u00een subcon\u0219tient sunt rezolvate. Probleme care au fost \u021binute secret de genera\u021bii \u0219i genera\u021bii pot de asemenea, s\u0103 \u00a0ias\u0103 la suprafa\u021b\u0103 \u0219i s\u0103 fie rezolvate. \u00cenv\u0103\u021b\u0103m s\u0103 ne iert\u0103m pe noi \u00een\u0219ine \u0219i pe ceilal\u021bi \u0219i s\u0103 ne eliber\u0103m.<\/p>\n","protected":false},"excerpt":{"rendered":"<p>O meduz\u0103 \u00een form\u0103 oval\u0103 de 8 cm lungime, cu un ochi negru \u0219i interior portocaliu. Esen\u021ba lucreaz\u0103 pe subcon\u0219tientul nostru, pe parte \u00eentunecat\u0103 a sexualit\u0103\u021bii: frica de sexualitate, de sarcin\u0103, probleme precum avortul sunt rezolvate energetic. Lucruri care nu sunt acceptate de noi \u0219i care au fost \u00eempinse \u00een subcon\u0219tient sunt rezolvate. Probleme care &hellip; <a href=\"https:\/\/esentevibrationale.com\/?product=ocean-essence-no-54-esenta-oceanica-nr-54\" class=\"more-link\">Continu\u0103 lectura <span class=\"screen-reader-text\">Ocean Essence No. 54 \/ Esen\u021ba Oceanic\u0103 Nr. 54<\/span> <span class=\"meta-nav\">&rarr;<\/span><\/a><\/p>\n","protected":false},"featured_media":14317,"template":"","meta":[],"product_brand":[],"product_cat":[72],"product_tag":[],"class_list":{"0":"post-14316","1":"product","2":"type-product","3":"status-publish","4":"has-post-thumbnail","6":"product_cat-esentele-ocenului","7":"pa_size-15ml","8":"pa_size-30ml","10":"first","11":"instock","12":"shipping-taxable","13":"purchasable","14":"product-type-variable","15":"has-default-attributes"},"_links":{"self":[{"href":"https:\/\/esentevibrationale.com\/index.php?rest_route=\/wp\/v2\/product\/14316","targetHints":{"allow":["GET"]}}],"collection":[{"href":"https:\/\/esentevibrationale.com\/index.php?rest_route=\/wp\/v2\/product"}],"about":[{"href":"https:\/\/esentevibrationale.com\/index.php?rest_route=\/wp\/v2\/types\/product"}],"wp:featuredmedia":[{"embeddable":true,"href":"https:\/\/esentevibrationale.com\/index.php?rest_route=\/wp\/v2\/media\/14317"}],"wp:attachment":[{"href":"https:\/\/esentevibrationale.com\/index.php?rest_route=%2Fwp%2Fv2%2Fmedia&parent=14316"}],"wp:term":[{"taxonomy":"product_brand","embeddable":true,"href":"https:\/\/esentevibrationale.com\/index.php?rest_route=%2Fwp%2Fv2%2Fproduct_brand&post=14316"},{"taxonomy":"product_cat","embeddable":true,"href":"https:\/\/esentevibrationale.com\/index.php?rest_route=%2Fwp%2Fv2%2Fproduct_cat&post=14316"},{"taxonomy":"product_tag","embeddable":true,"href":"https:\/\/esentevibrationale.com\/index.php?rest_route=%2Fwp%2Fv2%2Fproduct_tag&post=14316"}],"curies":[{"name":"wp","href":"https:\/\/api.w.org\/{rel}","templated":true}]}}