{"id":14320,"date":"2024-09-05T16:40:59","date_gmt":"2024-09-05T13:40:59","guid":{"rendered":"https:\/\/esentevibrationale.com\/?post_type=product&#038;p=14320"},"modified":"2026-01-02T09:18:28","modified_gmt":"2026-01-02T07:18:28","slug":"ocean-essence-no-55-esenta-oceanica-nr-55","status":"publish","type":"product","link":"https:\/\/esentevibrationale.com\/?product=ocean-essence-no-55-esenta-oceanica-nr-55","title":{"rendered":"Ocean Essence No. 55 \/ Esen\u021ba Oceanic\u0103 Nr. 55"},"content":{"rendered":"<p>Esen\u021ba are un efect energetic asupra articula\u021biilor, m\u00e2inilor \u0219i picioarelor \u0219i altor zone. Din punct de vedere energetic esen\u021ba lucreaz\u0103 pentru a neutraliza formarea acidului \u00een stomac \u0219i esofag.<\/p>\n<p>La nivel emo\u021bional ne ajut\u0103 la contracararea stresului \u0219i furiei, care pot duce la acidificare, astfel ne ajut\u0103 energetic s\u0103 contracar\u0103m formarea acidului.<\/p>\n<p>La nivel subcon\u0219tient ne ajut\u0103 s\u0103 eliber\u0103m amintirile vechi de furie \u0219i ur\u0103 din ad\u00e2ncul nostru. Tot ceea ce face via\u021ba &#8222;acr\u0103&#8221; \u0219i r\u0103m\u00e2ne \u00een amintirile noastre poate s\u0103 se ridice cu dragoste \u00een con\u0219tiin\u021ba noastr\u0103 \u0219i s\u0103 fie eliberat.<\/p>\n","protected":false},"excerpt":{"rendered":"<p>Esen\u021ba are un efect energetic asupra articula\u021biilor, m\u00e2inilor \u0219i picioarelor \u0219i altor zone. Din punct de vedere energetic esen\u021ba lucreaz\u0103 pentru a neutraliza formarea acidului \u00een stomac \u0219i esofag. La nivel emo\u021bional ne ajut\u0103 la contracararea stresului \u0219i furiei, care pot duce la acidificare, astfel ne ajut\u0103 energetic s\u0103 contracar\u0103m formarea acidului. La nivel subcon\u0219tient &hellip; <a href=\"https:\/\/esentevibrationale.com\/?product=ocean-essence-no-55-esenta-oceanica-nr-55\" class=\"more-link\">Continu\u0103 lectura <span class=\"screen-reader-text\">Ocean Essence No. 55 \/ Esen\u021ba Oceanic\u0103 Nr. 55<\/span> <span class=\"meta-nav\">&rarr;<\/span><\/a><\/p>\n","protected":false},"featured_media":14321,"template":"","meta":[],"product_brand":[],"product_cat":[72],"product_tag":[],"class_list":{"0":"post-14320","1":"product","2":"type-product","3":"status-publish","4":"has-post-thumbnail","6":"product_cat-esentele-ocenului","7":"pa_size-15ml","8":"pa_size-30ml","10":"first","11":"instock","12":"shipping-taxable","13":"purchasable","14":"product-type-variable","15":"has-default-attributes"},"_links":{"self":[{"href":"https:\/\/esentevibrationale.com\/index.php?rest_route=\/wp\/v2\/product\/14320","targetHints":{"allow":["GET"]}}],"collection":[{"href":"https:\/\/esentevibrationale.com\/index.php?rest_route=\/wp\/v2\/product"}],"about":[{"href":"https:\/\/esentevibrationale.com\/index.php?rest_route=\/wp\/v2\/types\/product"}],"wp:featuredmedia":[{"embeddable":true,"href":"https:\/\/esentevibrationale.com\/index.php?rest_route=\/wp\/v2\/media\/14321"}],"wp:attachment":[{"href":"https:\/\/esentevibrationale.com\/index.php?rest_route=%2Fwp%2Fv2%2Fmedia&parent=14320"}],"wp:term":[{"taxonomy":"product_brand","embeddable":true,"href":"https:\/\/esentevibrationale.com\/index.php?rest_route=%2Fwp%2Fv2%2Fproduct_brand&post=14320"},{"taxonomy":"product_cat","embeddable":true,"href":"https:\/\/esentevibrationale.com\/index.php?rest_route=%2Fwp%2Fv2%2Fproduct_cat&post=14320"},{"taxonomy":"product_tag","embeddable":true,"href":"https:\/\/esentevibrationale.com\/index.php?rest_route=%2Fwp%2Fv2%2Fproduct_tag&post=14320"}],"curies":[{"name":"wp","href":"https:\/\/api.w.org\/{rel}","templated":true}]}}