{"id":14322,"date":"2024-09-05T16:50:59","date_gmt":"2024-09-05T13:50:59","guid":{"rendered":"https:\/\/esentevibrationale.com\/?post_type=product&#038;p=14322"},"modified":"2026-01-02T09:16:14","modified_gmt":"2026-01-02T07:16:14","slug":"ocean-essence-no-56-esenta-oceanica-nr-56","status":"publish","type":"product","link":"https:\/\/esentevibrationale.com\/?product=ocean-essence-no-56-esenta-oceanica-nr-56","title":{"rendered":"Ocean Essence No. 56 \/ Esen\u021ba Oceanic\u0103 Nr. 56"},"content":{"rendered":"<p>Esen\u021ba lucreaz\u0103 asupra subcon\u0219tientului, la nivel biologic, asupra repara\u021biei la nivel celular. C\u00e2nd celulele se divid, informa\u021bia &#8222;gre\u0219it\u0103&#8221; se elibereaz\u0103 energetic. Aportul de produse modificate genetic din m\u00e2ncare, precum \u0219i radia\u021bia UV \u0219i alte raze, provoac\u0103 leziuni interne la nivel celular. Acum acest lucru poate fi bine echilibrat. Energetic, ne putem conecta cu informa\u021bia original\u0103.<\/p>\n<p>&nbsp;<\/p>\n","protected":false},"excerpt":{"rendered":"<p>Esen\u021ba lucreaz\u0103 asupra subcon\u0219tientului, la nivel biologic, asupra repara\u021biei la nivel celular. C\u00e2nd celulele se divid, informa\u021bia &#8222;gre\u0219it\u0103&#8221; se elibereaz\u0103 energetic. Aportul de produse modificate genetic din m\u00e2ncare, precum \u0219i radia\u021bia UV \u0219i alte raze, provoac\u0103 leziuni interne la nivel celular. Acum acest lucru poate fi bine echilibrat. Energetic, ne putem conecta cu informa\u021bia original\u0103. &hellip; <a href=\"https:\/\/esentevibrationale.com\/?product=ocean-essence-no-56-esenta-oceanica-nr-56\" class=\"more-link\">Continu\u0103 lectura <span class=\"screen-reader-text\">Ocean Essence No. 56 \/ Esen\u021ba Oceanic\u0103 Nr. 56<\/span> <span class=\"meta-nav\">&rarr;<\/span><\/a><\/p>\n","protected":false},"featured_media":14323,"template":"","meta":[],"product_brand":[],"product_cat":[72],"product_tag":[],"class_list":{"0":"post-14322","1":"product","2":"type-product","3":"status-publish","4":"has-post-thumbnail","6":"product_cat-esentele-ocenului","7":"pa_size-15ml","8":"pa_size-30ml","10":"first","11":"instock","12":"shipping-taxable","13":"purchasable","14":"product-type-variable","15":"has-default-attributes"},"_links":{"self":[{"href":"https:\/\/esentevibrationale.com\/index.php?rest_route=\/wp\/v2\/product\/14322","targetHints":{"allow":["GET"]}}],"collection":[{"href":"https:\/\/esentevibrationale.com\/index.php?rest_route=\/wp\/v2\/product"}],"about":[{"href":"https:\/\/esentevibrationale.com\/index.php?rest_route=\/wp\/v2\/types\/product"}],"wp:featuredmedia":[{"embeddable":true,"href":"https:\/\/esentevibrationale.com\/index.php?rest_route=\/wp\/v2\/media\/14323"}],"wp:attachment":[{"href":"https:\/\/esentevibrationale.com\/index.php?rest_route=%2Fwp%2Fv2%2Fmedia&parent=14322"}],"wp:term":[{"taxonomy":"product_brand","embeddable":true,"href":"https:\/\/esentevibrationale.com\/index.php?rest_route=%2Fwp%2Fv2%2Fproduct_brand&post=14322"},{"taxonomy":"product_cat","embeddable":true,"href":"https:\/\/esentevibrationale.com\/index.php?rest_route=%2Fwp%2Fv2%2Fproduct_cat&post=14322"},{"taxonomy":"product_tag","embeddable":true,"href":"https:\/\/esentevibrationale.com\/index.php?rest_route=%2Fwp%2Fv2%2Fproduct_tag&post=14322"}],"curies":[{"name":"wp","href":"https:\/\/api.w.org\/{rel}","templated":true}]}}