{"id":14330,"date":"2024-09-05T17:25:03","date_gmt":"2024-09-05T14:25:03","guid":{"rendered":"https:\/\/esentevibrationale.com\/?post_type=product&#038;p=14330"},"modified":"2026-01-02T08:54:01","modified_gmt":"2026-01-02T06:54:01","slug":"ocean-essence-no-58-esenta-oceanica-nr-58","status":"publish","type":"product","link":"https:\/\/esentevibrationale.com\/?product=ocean-essence-no-58-esenta-oceanica-nr-58","title":{"rendered":"Ocean Essence No. 58 \/ Esen\u021ba Oceanic\u0103 Nr. 58"},"content":{"rendered":"<p>Acest animal are celulele \u00een form\u0103 de spatul\u0103 \u0219i sunt aranjate \u00eentr-un r\u00e2nd de aproximativ 3 cm lungime, plute\u0219te liber \u00een deriv\u0103 \u00een ap\u0103.<\/p>\n<p>Esen\u021ba are un efect energetic asupra pielii noastre. Ne stimuleaz\u0103 celulele \u0219i promoveaz\u0103 comunicare dintre celule. \u00cenv\u0103\u021b\u0103m s\u0103 facem lucrurile cu bucurie. Obiceiurile rigide pot fi eliberate \u0219i transformate din subcon\u0219tientul nostru. \u00cen loc s\u0103 trebuiasc\u0103 avem vechile modele rigide, putem s\u0103 \u00eenv\u0103\u021b\u0103m s\u0103 facem ceea ce ne ofer\u0103 \u00eentr-adev\u0103r bucurie \u0219i ne face ferici\u021bi. \u00cenv\u0103\u021b\u0103m s\u0103 ne stabilim noi priorit\u0103\u021bi.<\/p>\n","protected":false},"excerpt":{"rendered":"<p>Acest animal are celulele \u00een form\u0103 de spatul\u0103 \u0219i sunt aranjate \u00eentr-un r\u00e2nd de aproximativ 3 cm lungime, plute\u0219te liber \u00een deriv\u0103 \u00een ap\u0103. Esen\u021ba are un efect energetic asupra pielii noastre. Ne stimuleaz\u0103 celulele \u0219i promoveaz\u0103 comunicare dintre celule. \u00cenv\u0103\u021b\u0103m s\u0103 facem lucrurile cu bucurie. Obiceiurile rigide pot fi eliberate \u0219i transformate din subcon\u0219tientul &hellip; <a href=\"https:\/\/esentevibrationale.com\/?product=ocean-essence-no-58-esenta-oceanica-nr-58\" class=\"more-link\">Continu\u0103 lectura <span class=\"screen-reader-text\">Ocean Essence No. 58 \/ Esen\u021ba Oceanic\u0103 Nr. 58<\/span> <span class=\"meta-nav\">&rarr;<\/span><\/a><\/p>\n","protected":false},"featured_media":14331,"template":"","meta":[],"product_brand":[],"product_cat":[72],"product_tag":[],"class_list":{"0":"post-14330","1":"product","2":"type-product","3":"status-publish","4":"has-post-thumbnail","6":"product_cat-esentele-ocenului","7":"pa_size-15ml","8":"pa_size-30ml","10":"first","11":"instock","12":"shipping-taxable","13":"purchasable","14":"product-type-variable","15":"has-default-attributes"},"_links":{"self":[{"href":"https:\/\/esentevibrationale.com\/index.php?rest_route=\/wp\/v2\/product\/14330","targetHints":{"allow":["GET"]}}],"collection":[{"href":"https:\/\/esentevibrationale.com\/index.php?rest_route=\/wp\/v2\/product"}],"about":[{"href":"https:\/\/esentevibrationale.com\/index.php?rest_route=\/wp\/v2\/types\/product"}],"wp:featuredmedia":[{"embeddable":true,"href":"https:\/\/esentevibrationale.com\/index.php?rest_route=\/wp\/v2\/media\/14331"}],"wp:attachment":[{"href":"https:\/\/esentevibrationale.com\/index.php?rest_route=%2Fwp%2Fv2%2Fmedia&parent=14330"}],"wp:term":[{"taxonomy":"product_brand","embeddable":true,"href":"https:\/\/esentevibrationale.com\/index.php?rest_route=%2Fwp%2Fv2%2Fproduct_brand&post=14330"},{"taxonomy":"product_cat","embeddable":true,"href":"https:\/\/esentevibrationale.com\/index.php?rest_route=%2Fwp%2Fv2%2Fproduct_cat&post=14330"},{"taxonomy":"product_tag","embeddable":true,"href":"https:\/\/esentevibrationale.com\/index.php?rest_route=%2Fwp%2Fv2%2Fproduct_tag&post=14330"}],"curies":[{"name":"wp","href":"https:\/\/api.w.org\/{rel}","templated":true}]}}